{"id":2727,"date":"2021-12-16T18:44:10","date_gmt":"2021-12-16T17:44:10","guid":{"rendered":"https:\/\/spas-s.webhappenings.ch\/coach-alfa\/"},"modified":"2021-12-16T18:50:51","modified_gmt":"2021-12-16T17:50:51","slug":"coach-alfa","status":"publish","type":"page","link":"https:\/\/spas-s.webhappenings.ch\/fr\/coach-alfa\/","title":{"rendered":"Coach ALFA"},"content":{"rendered":"\n<h1>\n\t\tDevenir coach SPAS<sup>\u24c8<\/sup> ALFA \n\t<\/h1>\n\t\t\t<a href=\"https:\/\/spas-s.webhappenings.ch\/fr\/agenda\/\" target=\"_self\" rel=\"noopener\">\n\t\t\t\t\t\t\t\tAgenda\t\t\t\t\t\t\t\n\t\t\t\t\t\t<\/a>\n\t\t<h2>\n\t\tUne formation premium pour tous les instructeur\u00b7trices qui en veulent plus\n\t<\/h2>\n\t<p>Vous \u00eates d\u00e9j\u00e0 instructeur\u00b7trice SPAS<sup>\u24c8<\/sup> avec label esa et souhaitez vous perfectionner dans le domaine du coaching ? Vous souhaitez observer les mouvements du corps de mani\u00e8re approfondie \u00e0 l&rsquo;aide de la technique ALFA et \u00eatre en mesure d&rsquo;identifier les champs de d\u00e9veloppement apr\u00e8s une analyse des mouvements ? Vous souhaitez apprendre \u00e0 conna\u00eetre les relations et les interactions entre le corps, l&rsquo;esprit et l&rsquo;\u00e2me dans une approche globale, jusqu&rsquo;aux mouvements, et utiliser le potentiel qui en d\u00e9coule ? Dans l&rsquo;optique de l&rsquo;\u00e9panouissement de votre individualit\u00e9, vous souhaitez \u00e9galement utiliser votre propre potentiel ? Alors cette formation est faite pour vous.<\/p>\n<p>La formation premium SPAS<sup>\u24c8<\/sup> ALFA Coach est con\u00e7ue pour les instructeurs* qui souhaitent faire un grand pas dans la connaissance de soi ainsi que dans le coaching dans le domaine du sport, du mouvement, de la vitalit\u00e9 ainsi que du bien-\u00eatre physique, mental et spirituel.<\/p>\n<h2>\n\t\tPourquoi choisir votre formation chez SPAS<sup>\u24c8<\/sup>?\n\t<\/h2>\n\t\t<h3>Formation en petits groupes<\/h3>\t\t\n\t\t\t<p>Vous \u00eates au centre de nos pr\u00e9occupations. Cette formation en petit groupe avec max. 4-6 participants vous offre beaucoup de place pour l&rsquo;individualit\u00e9 et vous profitez d&rsquo;un accompagnement tr\u00e8s personnel dans votre formation.<\/p>\n\t\t<h3>Technique ALFA<\/h3>\t\t\n\t\t\t<p>La technique ALFA, en tant que concept de coaching ax\u00e9 sur les ressources, est unique en son genre. Simple \u00e0 transmettre et facile \u00e0 apprendre. Dans le cas de l&rsquo;ALFA Coach, l&rsquo;ALFA est compl\u00e9t\u00e9 par les caract\u00e9ristiques de qualit\u00e9 TURI.<\/p>\n\t\t<h3>Bien au-del\u00e0 du sport<\/h3>\t\t\n\t\t\t<p>Chez nous, vous apprendrez tout ce qu&rsquo;il faut pour r\u00e9ussir en tant que coach.<\/p>\n<p>Ce sont des contenus qui sont tr\u00e8s complets et qui vont bien au-del\u00e0 du sport. En outre, les besoins des participants sont int\u00e9gr\u00e9s.<\/p>\n\t\t<h3>Une approche globale<\/h3>\t\t\n\t\t\t<p>Nous enseignons de mani\u00e8re holistique et montrons l&rsquo;interaction entre le corps, l&rsquo;esprit et le c\u0153ur avec une exp\u00e9rience pratique. Cela vous offre une grande valeur ajout\u00e9e que vous pouvez transmettre en tant qu&rsquo;instructeur\u00b7trice.<\/p>\n\t\t<h3>Savoir et exp\u00e9rience d&rsquo;experts<\/h3>\t\t\n\t\t\t<p>Nous avons plus de 30 ans d&rsquo;exp\u00e9rience dans le domaine du sport ainsi que dans l&rsquo;enseignement \u00e0 des groupes et le coaching de personnes individuelles. Profitez de nos connaissances et de notre longue exp\u00e9rience.<\/p>\n\t\t<h3>Orient\u00e9 vers la pratique<\/h3>\t\t\n\t\t\t<p>Toutes nos formations et tous nos coachings sont ax\u00e9s sur la pratique. Vous pourrez mettre en pratique vos nouvelles exp\u00e9riences telles que vous les aurez apprises.<\/p>\n<h2>\n\t\tFormation SPAS<sup>\u24c8<\/sup> Coach ALFA \n\t<\/h2>\n\t<p>La formation SPAS<sup>\u24c8<\/sup> ALFA Coach dure 4 jours et est une formation premium. Elle se d\u00e9roule selon le concept de SPAS<sup>\u24c8<\/sup>, en tenant compte des possibilit\u00e9s de nos participants et en int\u00e9grant vos besoins dans la formation.<\/p>\n<p>Cette formation s&rsquo;adresse \u00e0 tous les instructeur\u00b7trices SPAS<sup>\u24c8<\/sup> qui souhaitent faire bouger, encourager et coacher des adultes dans le domaine du mouvement, de la d\u00e9tente et du d\u00e9veloppement personnel.<\/p>\n\t\t\t\t<img decoding=\"async\" src=\"https:\/\/spas-s.webhappenings.ch\/wp-content\/uploads\/bb-plugin\/cache\/Frontseite-19-square.jpg\" alt=\"Spas-s Nordic Walking\" title=\"Spas-s Nordic Walking-2\" itemprop=\"image\"  \/>\n\t<p><strong>Remarque<\/strong> :<\/p>\n<p>Cette prestation est actuellement uniquement propos\u00e9e en <a href=\"https:\/\/spas-s.webhappenings.ch\/alfa-coach\/\">Suisse allemande<\/a>. &#8211; En cas d&rsquo;int\u00e9r\u00eat, n&rsquo;h\u00e9sitez pas \u00e0 nous <a href=\"https:\/\/spas-s.webhappenings.ch\/fr\/contact\/\">contacter<\/a> afin que l&rsquo;on puisse vous orienter vers un de nos partenaires.<\/p>\n<h3>\n\t\tInt\u00e9ress\u00e9(e) par la formation de coach SPAS<sup>\u24c8<\/sup> ALFA ?\n\t<\/h3>\n<h2>\n\t\tNous proposons cette formation aussi bien \u00e0 des dates fixes que de mani\u00e8re individuelle pour des petits groupes de 4 \u00e0 6 personnes. Faites-nous part de votre int\u00e9r\u00eat. \n\t<\/h2>\n\t\t\t<a href=\"https:\/\/spas-s.webhappenings.ch\/fr\/contact\/\" target=\"_self\" rel=\"noopener\">\n\t\t\t\t\t\t\t\tContact\t\t\t\t\t\t\t\n\t\t\t\t\t\t<\/a>\n\t\t<h2>\n\t\tOrganisations partenaires\n\t<\/h2>\n\t\t\t\t<a href=\"https:\/\/www.erwachsenen-sport.ch\/fr\/home.html\" target=\"_blank\" rel=\"noopener\" itemprop=\"url\">\n\t\t\t\t<img decoding=\"async\" src=\"https:\/\/spas-s.webhappenings.ch\/wp-content\/uploads\/large_esa_logo.png\" alt=\"Logo esa\" title=\"Logo esa\" itemprop=\"image\"  \/>\n\t\t\t\t\t\t<\/a>\n\t\t\t\t<a href=\"https:\/\/www.mefit.ch\/\" target=\"_blank\" rel=\"noopener\" itemprop=\"url\">\n\t\t\t\t<img decoding=\"async\" src=\"https:\/\/spas-s.webhappenings.ch\/wp-content\/uploads\/\/Logo_EMfit_defx-300x90.png\" alt=\"Logo_EMfit\" title=\"Logo_EMfit\" itemprop=\"image\"  \/>\n\t\t\t\t\t\t<\/a>\n\n","protected":false},"excerpt":{"rendered":"<p>Devenir coach SPAS\u24c8 ALFA Agenda Une formation premium pour tous les instructeur\u00b7trices qui en veulent plus Vous \u00eates d\u00e9j\u00e0 instructeur\u00b7trice SPAS\u24c8 avec label esa et souhaitez vous perfectionner dans le&hellip;<\/p>\n","protected":false},"author":1,"featured_media":0,"parent":0,"menu_order":0,"comment_status":"closed","ping_status":"closed","template":"","meta":{"footnotes":""},"class_list":["post-2727","page","type-page","status-publish","hentry"],"yoast_head":"<!-- This site is optimized with the Yoast SEO plugin v24.1 - https:\/\/yoast.com\/wordpress\/plugins\/seo\/ -->\n<title>Coach ALFA | Devenez coach SPAS\u24c8 ALFA<\/title>\n<meta name=\"description\" content=\"Une formation premium pour tous les instructeur\u00b7trices dans le domaine du sport, du mouvement, de la vitalit\u00e9 et du bien-\u00eatre physique, mental et spirituel.\" \/>\n<meta name=\"robots\" content=\"index, follow, max-snippet:-1, max-image-preview:large, max-video-preview:-1\" \/>\n<link rel=\"canonical\" href=\"https:\/\/spas-s.webhappenings.ch\/fr\/coach-alfa\/\" \/>\n<meta property=\"og:locale\" content=\"fr_FR\" \/>\n<meta property=\"og:type\" content=\"article\" \/>\n<meta property=\"og:title\" content=\"Coach ALFA | Devenez coach SPAS\u24c8 ALFA\" \/>\n<meta property=\"og:description\" content=\"Une formation premium pour tous les instructeur\u00b7trices dans le domaine du sport, du mouvement, de la vitalit\u00e9 et du bien-\u00eatre physique, mental et spirituel.\" \/>\n<meta property=\"og:url\" content=\"https:\/\/spas-s.webhappenings.ch\/fr\/coach-alfa\/\" \/>\n<meta property=\"og:site_name\" content=\"SPAS-S Sport und Pr\u00e4vention Ausbildung Schweiz\" \/>\n<meta property=\"article:modified_time\" content=\"2021-12-16T17:50:51+00:00\" \/>\n<meta property=\"og:image\" content=\"https:\/\/spas-s.webhappenings.ch\/wp-content\/uploads\/bb-plugin\/cache\/Frontseite-19-square.jpg\" \/>\n<meta name=\"twitter:card\" content=\"summary_large_image\" \/>\n<meta name=\"twitter:label1\" content=\"Dur\u00e9e de lecture estim\u00e9e\" \/>\n\t<meta name=\"twitter:data1\" content=\"3 minutes\" \/>\n<script type=\"application\/ld+json\" class=\"yoast-schema-graph\">{\"@context\":\"https:\/\/schema.org\",\"@graph\":[{\"@type\":\"WebPage\",\"@id\":\"https:\/\/spas-s.webhappenings.ch\/fr\/coach-alfa\/\",\"url\":\"https:\/\/spas-s.webhappenings.ch\/fr\/coach-alfa\/\",\"name\":\"Coach ALFA | Devenez coach SPAS\u24c8 ALFA\",\"isPartOf\":{\"@id\":\"https:\/\/spas-s.webhappenings.ch\/fr\/#website\"},\"primaryImageOfPage\":{\"@id\":\"https:\/\/spas-s.webhappenings.ch\/fr\/coach-alfa\/#primaryimage\"},\"image\":{\"@id\":\"https:\/\/spas-s.webhappenings.ch\/fr\/coach-alfa\/#primaryimage\"},\"thumbnailUrl\":\"https:\/\/spas-s.webhappenings.ch\/wp-content\/uploads\/bb-plugin\/cache\/Frontseite-19-square.jpg\",\"datePublished\":\"2021-12-16T17:44:10+00:00\",\"dateModified\":\"2021-12-16T17:50:51+00:00\",\"description\":\"Une formation premium pour tous les instructeur\u00b7trices dans le domaine du sport, du mouvement, de la vitalit\u00e9 et du bien-\u00eatre physique, mental et spirituel.\",\"breadcrumb\":{\"@id\":\"https:\/\/spas-s.webhappenings.ch\/fr\/coach-alfa\/#breadcrumb\"},\"inLanguage\":\"fr-FR\",\"potentialAction\":[{\"@type\":\"ReadAction\",\"target\":[\"https:\/\/spas-s.webhappenings.ch\/fr\/coach-alfa\/\"]}]},{\"@type\":\"ImageObject\",\"inLanguage\":\"fr-FR\",\"@id\":\"https:\/\/spas-s.webhappenings.ch\/fr\/coach-alfa\/#primaryimage\",\"url\":\"https:\/\/spas-s.webhappenings.ch\/wp-content\/uploads\/bb-plugin\/cache\/Frontseite-19-square.jpg\",\"contentUrl\":\"https:\/\/spas-s.webhappenings.ch\/wp-content\/uploads\/bb-plugin\/cache\/Frontseite-19-square.jpg\"},{\"@type\":\"BreadcrumbList\",\"@id\":\"https:\/\/spas-s.webhappenings.ch\/fr\/coach-alfa\/#breadcrumb\",\"itemListElement\":[{\"@type\":\"ListItem\",\"position\":1,\"name\":\"Startseite\",\"item\":\"https:\/\/spas-s.webhappenings.ch\/fr\/\"},{\"@type\":\"ListItem\",\"position\":2,\"name\":\"Coach ALFA\"}]},{\"@type\":\"WebSite\",\"@id\":\"https:\/\/spas-s.webhappenings.ch\/fr\/#website\",\"url\":\"https:\/\/spas-s.webhappenings.ch\/fr\/\",\"name\":\"SPAS-S Sport und Pr\u00e4vention Ausbildung Schweiz\",\"description\":\"Weil Bewegung Leben ist\",\"publisher\":{\"@id\":\"https:\/\/spas-s.webhappenings.ch\/fr\/#organization\"},\"potentialAction\":[{\"@type\":\"SearchAction\",\"target\":{\"@type\":\"EntryPoint\",\"urlTemplate\":\"https:\/\/spas-s.webhappenings.ch\/fr\/?s={search_term_string}\"},\"query-input\":{\"@type\":\"PropertyValueSpecification\",\"valueRequired\":true,\"valueName\":\"search_term_string\"}}],\"inLanguage\":\"fr-FR\"},{\"@type\":\"Organization\",\"@id\":\"https:\/\/spas-s.webhappenings.ch\/fr\/#organization\",\"name\":\"SPAS-S Sport und Pr\u00e4vention Ausbildung Schweiz\",\"url\":\"https:\/\/spas-s.webhappenings.ch\/fr\/\",\"logo\":{\"@type\":\"ImageObject\",\"inLanguage\":\"fr-FR\",\"@id\":\"https:\/\/spas-s.webhappenings.ch\/fr\/#\/schema\/logo\/image\/\",\"url\":\"https:\/\/spas-s.webhappenings.ch\/wp-content\/uploads\/SPAS-s_Logo_DE.png\",\"contentUrl\":\"https:\/\/spas-s.webhappenings.ch\/wp-content\/uploads\/SPAS-s_Logo_DE.png\",\"width\":144,\"height\":204,\"caption\":\"SPAS-S Sport und Pr\u00e4vention Ausbildung Schweiz\"},\"image\":{\"@id\":\"https:\/\/spas-s.webhappenings.ch\/fr\/#\/schema\/logo\/image\/\"}}]}<\/script>\n<!-- \/ Yoast SEO plugin. -->","yoast_head_json":{"title":"Coach ALFA | Devenez coach SPAS\u24c8 ALFA","description":"Une formation premium pour tous les instructeur\u00b7trices dans le domaine du sport, du mouvement, de la vitalit\u00e9 et du bien-\u00eatre physique, mental et spirituel.","robots":{"index":"index","follow":"follow","max-snippet":"max-snippet:-1","max-image-preview":"max-image-preview:large","max-video-preview":"max-video-preview:-1"},"canonical":"https:\/\/spas-s.webhappenings.ch\/fr\/coach-alfa\/","og_locale":"fr_FR","og_type":"article","og_title":"Coach ALFA | Devenez coach SPAS\u24c8 ALFA","og_description":"Une formation premium pour tous les instructeur\u00b7trices dans le domaine du sport, du mouvement, de la vitalit\u00e9 et du bien-\u00eatre physique, mental et spirituel.","og_url":"https:\/\/spas-s.webhappenings.ch\/fr\/coach-alfa\/","og_site_name":"SPAS-S Sport und Pr\u00e4vention Ausbildung Schweiz","article_modified_time":"2021-12-16T17:50:51+00:00","og_image":[{"url":"https:\/\/spas-s.webhappenings.ch\/wp-content\/uploads\/bb-plugin\/cache\/Frontseite-19-square.jpg","type":"","width":"","height":""}],"twitter_card":"summary_large_image","twitter_misc":{"Dur\u00e9e de lecture estim\u00e9e":"3 minutes"},"schema":{"@context":"https:\/\/schema.org","@graph":[{"@type":"WebPage","@id":"https:\/\/spas-s.webhappenings.ch\/fr\/coach-alfa\/","url":"https:\/\/spas-s.webhappenings.ch\/fr\/coach-alfa\/","name":"Coach ALFA | Devenez coach SPAS\u24c8 ALFA","isPartOf":{"@id":"https:\/\/spas-s.webhappenings.ch\/fr\/#website"},"primaryImageOfPage":{"@id":"https:\/\/spas-s.webhappenings.ch\/fr\/coach-alfa\/#primaryimage"},"image":{"@id":"https:\/\/spas-s.webhappenings.ch\/fr\/coach-alfa\/#primaryimage"},"thumbnailUrl":"https:\/\/spas-s.webhappenings.ch\/wp-content\/uploads\/bb-plugin\/cache\/Frontseite-19-square.jpg","datePublished":"2021-12-16T17:44:10+00:00","dateModified":"2021-12-16T17:50:51+00:00","description":"Une formation premium pour tous les instructeur\u00b7trices dans le domaine du sport, du mouvement, de la vitalit\u00e9 et du bien-\u00eatre physique, mental et spirituel.","breadcrumb":{"@id":"https:\/\/spas-s.webhappenings.ch\/fr\/coach-alfa\/#breadcrumb"},"inLanguage":"fr-FR","potentialAction":[{"@type":"ReadAction","target":["https:\/\/spas-s.webhappenings.ch\/fr\/coach-alfa\/"]}]},{"@type":"ImageObject","inLanguage":"fr-FR","@id":"https:\/\/spas-s.webhappenings.ch\/fr\/coach-alfa\/#primaryimage","url":"https:\/\/spas-s.webhappenings.ch\/wp-content\/uploads\/bb-plugin\/cache\/Frontseite-19-square.jpg","contentUrl":"https:\/\/spas-s.webhappenings.ch\/wp-content\/uploads\/bb-plugin\/cache\/Frontseite-19-square.jpg"},{"@type":"BreadcrumbList","@id":"https:\/\/spas-s.webhappenings.ch\/fr\/coach-alfa\/#breadcrumb","itemListElement":[{"@type":"ListItem","position":1,"name":"Startseite","item":"https:\/\/spas-s.webhappenings.ch\/fr\/"},{"@type":"ListItem","position":2,"name":"Coach ALFA"}]},{"@type":"WebSite","@id":"https:\/\/spas-s.webhappenings.ch\/fr\/#website","url":"https:\/\/spas-s.webhappenings.ch\/fr\/","name":"SPAS-S Sport und Pr\u00e4vention Ausbildung Schweiz","description":"Weil Bewegung Leben ist","publisher":{"@id":"https:\/\/spas-s.webhappenings.ch\/fr\/#organization"},"potentialAction":[{"@type":"SearchAction","target":{"@type":"EntryPoint","urlTemplate":"https:\/\/spas-s.webhappenings.ch\/fr\/?s={search_term_string}"},"query-input":{"@type":"PropertyValueSpecification","valueRequired":true,"valueName":"search_term_string"}}],"inLanguage":"fr-FR"},{"@type":"Organization","@id":"https:\/\/spas-s.webhappenings.ch\/fr\/#organization","name":"SPAS-S Sport und Pr\u00e4vention Ausbildung Schweiz","url":"https:\/\/spas-s.webhappenings.ch\/fr\/","logo":{"@type":"ImageObject","inLanguage":"fr-FR","@id":"https:\/\/spas-s.webhappenings.ch\/fr\/#\/schema\/logo\/image\/","url":"https:\/\/spas-s.webhappenings.ch\/wp-content\/uploads\/SPAS-s_Logo_DE.png","contentUrl":"https:\/\/spas-s.webhappenings.ch\/wp-content\/uploads\/SPAS-s_Logo_DE.png","width":144,"height":204,"caption":"SPAS-S Sport und Pr\u00e4vention Ausbildung Schweiz"},"image":{"@id":"https:\/\/spas-s.webhappenings.ch\/fr\/#\/schema\/logo\/image\/"}}]}},"_links":{"self":[{"href":"https:\/\/spas-s.webhappenings.ch\/fr\/wp-json\/wp\/v2\/pages\/2727","targetHints":{"allow":["GET"]}}],"collection":[{"href":"https:\/\/spas-s.webhappenings.ch\/fr\/wp-json\/wp\/v2\/pages"}],"about":[{"href":"https:\/\/spas-s.webhappenings.ch\/fr\/wp-json\/wp\/v2\/types\/page"}],"author":[{"embeddable":true,"href":"https:\/\/spas-s.webhappenings.ch\/fr\/wp-json\/wp\/v2\/users\/1"}],"replies":[{"embeddable":true,"href":"https:\/\/spas-s.webhappenings.ch\/fr\/wp-json\/wp\/v2\/comments?post=2727"}],"version-history":[{"count":0,"href":"https:\/\/spas-s.webhappenings.ch\/fr\/wp-json\/wp\/v2\/pages\/2727\/revisions"}],"wp:attachment":[{"href":"https:\/\/spas-s.webhappenings.ch\/fr\/wp-json\/wp\/v2\/media?parent=2727"}],"curies":[{"name":"wp","href":"https:\/\/api.w.org\/{rel}","templated":true}]}}