{"id":2714,"date":"2021-12-16T17:45:15","date_gmt":"2021-12-16T16:45:15","guid":{"rendered":"https:\/\/spas-s.webhappenings.ch\/course-a-pied\/"},"modified":"2021-12-16T18:53:54","modified_gmt":"2021-12-16T17:53:54","slug":"course-a-pied","status":"publish","type":"page","link":"https:\/\/spas-s.webhappenings.ch\/fr\/course-a-pied\/","title":{"rendered":"Course \u00e0 pied"},"content":{"rendered":"\n<h1>\n\t\tDeviens instructeur\u00b7trice de cours \u00e0 pied SPAS<sup>\u24c8<\/sup> avec la reconnaissance esa\n\t<\/h1>\n\t\t\t<a href=\"https:\/\/spas-s.webhappenings.ch\/fr\/agenda\/\" target=\"_self\" rel=\"noopener\">\n\t\t\t\t\t\t\t\tAgenda\t\t\t\t\t\t\t\n\t\t\t\t\t\t<\/a>\n\t\t<h2>\n\t\tPourquoi choisir votre formation chez SPAS<sup>\u24c8<\/sup>?\n\t<\/h2>\n\t<p>La course \u00e0 pied est votre passion? Vous souhaitez partager votre enthousiasme pour ce sport? Vous souhaitez apprendre \u00e0 motiver et encourager les gens en tant que coach et savoir comment organiser vos cours de mani\u00e8re comp\u00e9tente? Avec nos formations, nous offrons un cadre complet sur le chemin de votre activit\u00e9 d&rsquo;instructeur\u00b7trice.<\/p>\n<p>&nbsp;<\/p>\n\t\t<h3>Formation en petits groupes<\/h3>\t\t\n\t\t\t<p>Vous \u00eates au centre de nos pr\u00e9occupations. Nos formations en petits groupes offrent beaucoup d&rsquo;espace pour l&rsquo;individualit\u00e9 et vous profitez ainsi d&rsquo;un accompagnement tr\u00e8s personnalis\u00e9.<\/p>\n\t\t<h3>Technique ALFA<\/h3>\t\t\n\t\t\t<p>Vous apprendrez la technique ALFA Running avec la m\u00e9thode des 7 steps et des 14 exercices, qui est unique en son genre. Elle constitue une base pour un apprentissage facile et un enseignement de qualit\u00e9.<\/p>\n\t\t<h3>Bien au-del\u00e0 du sport<\/h3>\t\t\n\t\t\t<p>Chez nous, vous apprendrez tout ce qu&rsquo;il faut pour r\u00e9ussir dans votre activit\u00e9 d&rsquo;instructeur\u00b7trice.<\/p>\n<p>Ce sont des contenus qui sont tr\u00e8s complets et qui vont bien au-del\u00e0 du sport : ils offrent la base de votre succ\u00e8s en tant que coach!<\/p>\n\t\t<h3>Une approche globale<\/h3>\t\t\n\t\t\t<p>Nous enseignons de mani\u00e8re holistique et montrons l&rsquo;interaction entre le corps, l&rsquo;esprit et le c\u0153ur avec une exp\u00e9rience pratique. Cela vous offre une grande valeur ajout\u00e9e que vous pouvez transmettre en tant qu&rsquo;instructeur\u00b7trice.<\/p>\n\t\t<h3>Savoir et exp\u00e9rience d&rsquo;experts<\/h3>\t\t\n\t\t\t<p>Nous avons plus de 30 ans d&rsquo;exp\u00e9rience dans le domaine du sport ainsi que dans l&rsquo;enseignement \u00e0 des groupes et le coaching de personnes individuelles. Profitez de nos connaissances et de notre longue exp\u00e9rience.<\/p>\n\t\t<h3>Orient\u00e9 vers la pratique<\/h3>\t\t\n\t\t\t<p>Toutes nos formations et tous nos coachings sont ax\u00e9s sur la pratique. Vous pourrez mettre en pratique vos nouvelles exp\u00e9riences telles que vous les aurez apprises.<\/p>\n<h2>\n\t\tFormation Instructor\u00b7trice de cours \u00e0 pied SPAS<sup>\u24c8<\/sup> avec la reconnaissance esa \n\t<\/h2>\n<h3>\n\t\tPartie 1: Formation g\u00e9n\u00e9rale\n\t<\/h3>\n\t<p>La formation d&rsquo;instructeur\u00b7trice cours \u00e0 pied SPAS<sup>\u24c8<\/sup> avec la reconnaissance esa dure 6 jours et est divis\u00e9e en 3 jours de formation g\u00e9n\u00e9rale et 3 jours de formation sp\u00e9cifique. Elle s&rsquo;effectue selon les directives de Sport des adultes Suisse esa, OFSPO, tout en int\u00e9grant pleinement notre philosophie et notre conception.<\/p>\n<p>Pour obtenir la reconnaissance du label esa, il est obligatoire de suivre d&rsquo;abord la formation de base, puis la formation sp\u00e9cifique.<\/p>\n<p>Cette formation s&rsquo;adresse \u00e0 toutes les personnes qui souhaitent faire bouger, encourager et enseigner avec succ\u00e8s le cours \u00e0 pied \u00e0 des adultes.<\/p>\n<p>&nbsp;<\/p>\n\t\t\t\t<img decoding=\"async\" src=\"https:\/\/spas-s.webhappenings.ch\/wp-content\/uploads\/bb-plugin\/cache\/Running_def-12-square.jpg\" alt=\"Spas-s Running\" title=\"Spas-s Running\" itemprop=\"image\"  \/>\n\t<p><strong>Remarque<\/strong> :<\/p>\nCette prestation est actuellement uniquement propos\u00e9e en <a href=\"https:\/\/spas-s.webhappenings.ch\/running\/\">Suisse allemande<\/a>.<br \/>\nPour la Suisse romandie, nous recommandons notre partenaire Swiss Athletics pour les formation sp\u00e9cifiques Running. La formation g\u00e9n\u00e9rale est organis\u00e9e par <a href=\"https:\/\/spas-s.webhappenings.ch\/fr\/nordic-walking\/\">SPAS<sup>\u24c8<\/sup><\/a>.<br \/>\nN&rsquo;h\u00e9sitez pas \u00e0 nous <a href=\"https:\/\/spas-s.webhappenings.ch\/fr\/contact\/\">contacter<\/a> pour plus d&rsquo;informations.\n\t\t\t\t<img decoding=\"async\" src=\"https:\/\/spas-s.webhappenings.ch\/wp-content\/uploads\/bb-plugin\/cache\/Running_def-6-square.jpg\" alt=\"Spas-s Running\" title=\"Spas-s Running\" itemprop=\"image\"  \/>\n<h2>\n\t\tFormation instructeur\u00b7trice de cours \u00e0 pied SPAS<sup>\u24c8<\/sup>\n\t<\/h2>\n<h3>\n\t\tPartie 2: Formation sp\u00e9cifique\n\t<\/h3>\n\t<p>La formation SPAS<sup>\u24c8<\/sup> Instructeur\u00b7trice de cours \u00e0 pied est une formation sp\u00e9cifique de 3 jours et s&rsquo;adresse aux personnes qui ont d\u00e9j\u00e0 suivi un cours de base dans cette discipline sportive et qui ont une exp\u00e9rience pratique du cours \u00e0 pied. Le contenu de la formation constitue une base solide pour votre d\u00e9veloppement en tant que futur coach et fera de vous un interlocuteur comp\u00e9tent dans le domaine de cours \u00e0 pied.<\/p>\n\t<p><strong>Remarque<\/strong> :<\/p>\nCette prestation est actuellement uniquement propos\u00e9e en <a href=\"https:\/\/spas-s.webhappenings.ch\/running\/\">Suisse allemande<\/a>.<br \/>\nPour la Suisse romandie, nous recommandons notre partenaire Swiss Athletics pour les formation sp\u00e9cifiques Running. La formation g\u00e9n\u00e9rale est organis\u00e9e par <a href=\"https:\/\/spas-s.webhappenings.ch\/fr\/nordic-walking\/\">SPAS<sup>\u24c8<\/sup><\/a>.<br \/>\nN&rsquo;h\u00e9sitez pas \u00e0 nous <a href=\"https:\/\/spas-s.webhappenings.ch\/fr\/contact\/\">contacter<\/a> pour plus d&rsquo;informations.\n<h2>\n\t\tOrganisations partenaires\n\t<\/h2>\n\t\t\t\t<a href=\"https:\/\/www.erwachsenen-sport.ch\/fr\/home.html\" target=\"_blank\" rel=\"noopener\" itemprop=\"url\">\n\t\t\t\t<img decoding=\"async\" src=\"https:\/\/spas-s.webhappenings.ch\/wp-content\/uploads\/large_esa_logo.png\" alt=\"Logo esa\" title=\"Logo esa\" itemprop=\"image\"  \/>\n\t\t\t\t\t\t<\/a>\n\t\t\t\t<a href=\"https:\/\/www.mefit.ch\/\" target=\"_blank\" rel=\"noopener\" itemprop=\"url\">\n\t\t\t\t<img decoding=\"async\" src=\"https:\/\/spas-s.webhappenings.ch\/wp-content\/uploads\/\/Logo_EMfit_defx-300x90.png\" alt=\"Logo_EMfit\" title=\"Logo_EMfit\" itemprop=\"image\"  \/>\n\t\t\t\t\t\t<\/a>\n\n","protected":false},"excerpt":{"rendered":"<p>Deviens instructeur\u00b7trice de cours \u00e0 pied SPAS\u24c8 avec la reconnaissance esa Agenda Pourquoi choisir votre formation chez SPAS\u24c8? La course \u00e0 pied est votre passion? Vous souhaitez partager votre enthousiasme&hellip;<\/p>\n","protected":false},"author":1,"featured_media":0,"parent":0,"menu_order":0,"comment_status":"closed","ping_status":"closed","template":"","meta":{"footnotes":""},"class_list":["post-2714","page","type-page","status-publish","hentry"],"yoast_head":"<!-- This site is optimized with the Yoast SEO plugin v24.1 - https:\/\/yoast.com\/wordpress\/plugins\/seo\/ -->\n<title>Course \u00e0 pied | Deviens instructeur\u00b7trice de cours \u00e0 pied SPAS\u24c8 avec la reconnaissance esa<\/title>\n<meta name=\"description\" content=\"Apprenez et exp\u00e9rimentez dans nos formations pratiques comment organiser vos cours de cours \u00e0 pied de mani\u00e8re comp\u00e9tente en tant coach.\" \/>\n<meta name=\"robots\" content=\"index, follow, max-snippet:-1, max-image-preview:large, max-video-preview:-1\" \/>\n<link rel=\"canonical\" href=\"https:\/\/spas-s.webhappenings.ch\/fr\/course-a-pied\/\" \/>\n<meta property=\"og:locale\" content=\"fr_FR\" \/>\n<meta property=\"og:type\" content=\"article\" \/>\n<meta property=\"og:title\" content=\"Course \u00e0 pied | Deviens instructeur\u00b7trice de cours \u00e0 pied SPAS\u24c8 avec la reconnaissance esa\" \/>\n<meta property=\"og:description\" content=\"Apprenez et exp\u00e9rimentez dans nos formations pratiques comment organiser vos cours de cours \u00e0 pied de mani\u00e8re comp\u00e9tente en tant coach.\" \/>\n<meta property=\"og:url\" content=\"https:\/\/spas-s.webhappenings.ch\/fr\/course-a-pied\/\" \/>\n<meta property=\"og:site_name\" content=\"SPAS-S Sport und Pr\u00e4vention Ausbildung Schweiz\" \/>\n<meta property=\"article:modified_time\" content=\"2021-12-16T17:53:54+00:00\" \/>\n<meta property=\"og:image\" content=\"https:\/\/spas-s.webhappenings.ch\/wp-content\/uploads\/bb-plugin\/cache\/Running_def-12-square.jpg\" \/>\n<meta name=\"twitter:card\" content=\"summary_large_image\" \/>\n<meta name=\"twitter:label1\" content=\"Dur\u00e9e de lecture estim\u00e9e\" \/>\n\t<meta name=\"twitter:data1\" content=\"3 minutes\" \/>\n<script type=\"application\/ld+json\" class=\"yoast-schema-graph\">{\"@context\":\"https:\/\/schema.org\",\"@graph\":[{\"@type\":\"WebPage\",\"@id\":\"https:\/\/spas-s.webhappenings.ch\/fr\/course-a-pied\/\",\"url\":\"https:\/\/spas-s.webhappenings.ch\/fr\/course-a-pied\/\",\"name\":\"Course \u00e0 pied | Deviens instructeur\u00b7trice de cours \u00e0 pied SPAS\u24c8 avec la reconnaissance esa\",\"isPartOf\":{\"@id\":\"https:\/\/spas-s.webhappenings.ch\/fr\/#website\"},\"primaryImageOfPage\":{\"@id\":\"https:\/\/spas-s.webhappenings.ch\/fr\/course-a-pied\/#primaryimage\"},\"image\":{\"@id\":\"https:\/\/spas-s.webhappenings.ch\/fr\/course-a-pied\/#primaryimage\"},\"thumbnailUrl\":\"https:\/\/spas-s.webhappenings.ch\/wp-content\/uploads\/bb-plugin\/cache\/Running_def-12-square.jpg\",\"datePublished\":\"2021-12-16T16:45:15+00:00\",\"dateModified\":\"2021-12-16T17:53:54+00:00\",\"description\":\"Apprenez et exp\u00e9rimentez dans nos formations pratiques comment organiser vos cours de cours \u00e0 pied de mani\u00e8re comp\u00e9tente en tant coach.\",\"breadcrumb\":{\"@id\":\"https:\/\/spas-s.webhappenings.ch\/fr\/course-a-pied\/#breadcrumb\"},\"inLanguage\":\"fr-FR\",\"potentialAction\":[{\"@type\":\"ReadAction\",\"target\":[\"https:\/\/spas-s.webhappenings.ch\/fr\/course-a-pied\/\"]}]},{\"@type\":\"ImageObject\",\"inLanguage\":\"fr-FR\",\"@id\":\"https:\/\/spas-s.webhappenings.ch\/fr\/course-a-pied\/#primaryimage\",\"url\":\"https:\/\/spas-s.webhappenings.ch\/wp-content\/uploads\/bb-plugin\/cache\/Running_def-12-square.jpg\",\"contentUrl\":\"https:\/\/spas-s.webhappenings.ch\/wp-content\/uploads\/bb-plugin\/cache\/Running_def-12-square.jpg\"},{\"@type\":\"BreadcrumbList\",\"@id\":\"https:\/\/spas-s.webhappenings.ch\/fr\/course-a-pied\/#breadcrumb\",\"itemListElement\":[{\"@type\":\"ListItem\",\"position\":1,\"name\":\"Startseite\",\"item\":\"https:\/\/spas-s.webhappenings.ch\/fr\/\"},{\"@type\":\"ListItem\",\"position\":2,\"name\":\"Course \u00e0 pied\"}]},{\"@type\":\"WebSite\",\"@id\":\"https:\/\/spas-s.webhappenings.ch\/fr\/#website\",\"url\":\"https:\/\/spas-s.webhappenings.ch\/fr\/\",\"name\":\"SPAS-S Sport und Pr\u00e4vention Ausbildung Schweiz\",\"description\":\"Weil Bewegung Leben ist\",\"publisher\":{\"@id\":\"https:\/\/spas-s.webhappenings.ch\/fr\/#organization\"},\"potentialAction\":[{\"@type\":\"SearchAction\",\"target\":{\"@type\":\"EntryPoint\",\"urlTemplate\":\"https:\/\/spas-s.webhappenings.ch\/fr\/?s={search_term_string}\"},\"query-input\":{\"@type\":\"PropertyValueSpecification\",\"valueRequired\":true,\"valueName\":\"search_term_string\"}}],\"inLanguage\":\"fr-FR\"},{\"@type\":\"Organization\",\"@id\":\"https:\/\/spas-s.webhappenings.ch\/fr\/#organization\",\"name\":\"SPAS-S Sport und Pr\u00e4vention Ausbildung Schweiz\",\"url\":\"https:\/\/spas-s.webhappenings.ch\/fr\/\",\"logo\":{\"@type\":\"ImageObject\",\"inLanguage\":\"fr-FR\",\"@id\":\"https:\/\/spas-s.webhappenings.ch\/fr\/#\/schema\/logo\/image\/\",\"url\":\"https:\/\/spas-s.webhappenings.ch\/wp-content\/uploads\/SPAS-s_Logo_DE.png\",\"contentUrl\":\"https:\/\/spas-s.webhappenings.ch\/wp-content\/uploads\/SPAS-s_Logo_DE.png\",\"width\":144,\"height\":204,\"caption\":\"SPAS-S Sport und Pr\u00e4vention Ausbildung Schweiz\"},\"image\":{\"@id\":\"https:\/\/spas-s.webhappenings.ch\/fr\/#\/schema\/logo\/image\/\"}}]}<\/script>\n<!-- \/ Yoast SEO plugin. -->","yoast_head_json":{"title":"Course \u00e0 pied | Deviens instructeur\u00b7trice de cours \u00e0 pied SPAS\u24c8 avec la reconnaissance esa","description":"Apprenez et exp\u00e9rimentez dans nos formations pratiques comment organiser vos cours de cours \u00e0 pied de mani\u00e8re comp\u00e9tente en tant coach.","robots":{"index":"index","follow":"follow","max-snippet":"max-snippet:-1","max-image-preview":"max-image-preview:large","max-video-preview":"max-video-preview:-1"},"canonical":"https:\/\/spas-s.webhappenings.ch\/fr\/course-a-pied\/","og_locale":"fr_FR","og_type":"article","og_title":"Course \u00e0 pied | Deviens instructeur\u00b7trice de cours \u00e0 pied SPAS\u24c8 avec la reconnaissance esa","og_description":"Apprenez et exp\u00e9rimentez dans nos formations pratiques comment organiser vos cours de cours \u00e0 pied de mani\u00e8re comp\u00e9tente en tant coach.","og_url":"https:\/\/spas-s.webhappenings.ch\/fr\/course-a-pied\/","og_site_name":"SPAS-S Sport und Pr\u00e4vention Ausbildung Schweiz","article_modified_time":"2021-12-16T17:53:54+00:00","og_image":[{"url":"https:\/\/spas-s.webhappenings.ch\/wp-content\/uploads\/bb-plugin\/cache\/Running_def-12-square.jpg","type":"","width":"","height":""}],"twitter_card":"summary_large_image","twitter_misc":{"Dur\u00e9e de lecture estim\u00e9e":"3 minutes"},"schema":{"@context":"https:\/\/schema.org","@graph":[{"@type":"WebPage","@id":"https:\/\/spas-s.webhappenings.ch\/fr\/course-a-pied\/","url":"https:\/\/spas-s.webhappenings.ch\/fr\/course-a-pied\/","name":"Course \u00e0 pied | Deviens instructeur\u00b7trice de cours \u00e0 pied SPAS\u24c8 avec la reconnaissance esa","isPartOf":{"@id":"https:\/\/spas-s.webhappenings.ch\/fr\/#website"},"primaryImageOfPage":{"@id":"https:\/\/spas-s.webhappenings.ch\/fr\/course-a-pied\/#primaryimage"},"image":{"@id":"https:\/\/spas-s.webhappenings.ch\/fr\/course-a-pied\/#primaryimage"},"thumbnailUrl":"https:\/\/spas-s.webhappenings.ch\/wp-content\/uploads\/bb-plugin\/cache\/Running_def-12-square.jpg","datePublished":"2021-12-16T16:45:15+00:00","dateModified":"2021-12-16T17:53:54+00:00","description":"Apprenez et exp\u00e9rimentez dans nos formations pratiques comment organiser vos cours de cours \u00e0 pied de mani\u00e8re comp\u00e9tente en tant coach.","breadcrumb":{"@id":"https:\/\/spas-s.webhappenings.ch\/fr\/course-a-pied\/#breadcrumb"},"inLanguage":"fr-FR","potentialAction":[{"@type":"ReadAction","target":["https:\/\/spas-s.webhappenings.ch\/fr\/course-a-pied\/"]}]},{"@type":"ImageObject","inLanguage":"fr-FR","@id":"https:\/\/spas-s.webhappenings.ch\/fr\/course-a-pied\/#primaryimage","url":"https:\/\/spas-s.webhappenings.ch\/wp-content\/uploads\/bb-plugin\/cache\/Running_def-12-square.jpg","contentUrl":"https:\/\/spas-s.webhappenings.ch\/wp-content\/uploads\/bb-plugin\/cache\/Running_def-12-square.jpg"},{"@type":"BreadcrumbList","@id":"https:\/\/spas-s.webhappenings.ch\/fr\/course-a-pied\/#breadcrumb","itemListElement":[{"@type":"ListItem","position":1,"name":"Startseite","item":"https:\/\/spas-s.webhappenings.ch\/fr\/"},{"@type":"ListItem","position":2,"name":"Course \u00e0 pied"}]},{"@type":"WebSite","@id":"https:\/\/spas-s.webhappenings.ch\/fr\/#website","url":"https:\/\/spas-s.webhappenings.ch\/fr\/","name":"SPAS-S Sport und Pr\u00e4vention Ausbildung Schweiz","description":"Weil Bewegung Leben ist","publisher":{"@id":"https:\/\/spas-s.webhappenings.ch\/fr\/#organization"},"potentialAction":[{"@type":"SearchAction","target":{"@type":"EntryPoint","urlTemplate":"https:\/\/spas-s.webhappenings.ch\/fr\/?s={search_term_string}"},"query-input":{"@type":"PropertyValueSpecification","valueRequired":true,"valueName":"search_term_string"}}],"inLanguage":"fr-FR"},{"@type":"Organization","@id":"https:\/\/spas-s.webhappenings.ch\/fr\/#organization","name":"SPAS-S Sport und Pr\u00e4vention Ausbildung Schweiz","url":"https:\/\/spas-s.webhappenings.ch\/fr\/","logo":{"@type":"ImageObject","inLanguage":"fr-FR","@id":"https:\/\/spas-s.webhappenings.ch\/fr\/#\/schema\/logo\/image\/","url":"https:\/\/spas-s.webhappenings.ch\/wp-content\/uploads\/SPAS-s_Logo_DE.png","contentUrl":"https:\/\/spas-s.webhappenings.ch\/wp-content\/uploads\/SPAS-s_Logo_DE.png","width":144,"height":204,"caption":"SPAS-S Sport und Pr\u00e4vention Ausbildung Schweiz"},"image":{"@id":"https:\/\/spas-s.webhappenings.ch\/fr\/#\/schema\/logo\/image\/"}}]}},"_links":{"self":[{"href":"https:\/\/spas-s.webhappenings.ch\/fr\/wp-json\/wp\/v2\/pages\/2714","targetHints":{"allow":["GET"]}}],"collection":[{"href":"https:\/\/spas-s.webhappenings.ch\/fr\/wp-json\/wp\/v2\/pages"}],"about":[{"href":"https:\/\/spas-s.webhappenings.ch\/fr\/wp-json\/wp\/v2\/types\/page"}],"author":[{"embeddable":true,"href":"https:\/\/spas-s.webhappenings.ch\/fr\/wp-json\/wp\/v2\/users\/1"}],"replies":[{"embeddable":true,"href":"https:\/\/spas-s.webhappenings.ch\/fr\/wp-json\/wp\/v2\/comments?post=2714"}],"version-history":[{"count":0,"href":"https:\/\/spas-s.webhappenings.ch\/fr\/wp-json\/wp\/v2\/pages\/2714\/revisions"}],"wp:attachment":[{"href":"https:\/\/spas-s.webhappenings.ch\/fr\/wp-json\/wp\/v2\/media?parent=2714"}],"curies":[{"name":"wp","href":"https:\/\/api.w.org\/{rel}","templated":true}]}}