{"id":2650,"date":"2021-12-15T22:14:34","date_gmt":"2021-12-15T21:14:34","guid":{"rendered":"https:\/\/spas-s.webhappenings.ch\/solutions-individuelles\/"},"modified":"2021-12-16T17:58:38","modified_gmt":"2021-12-16T16:58:38","slug":"solutions-individuelles","status":"publish","type":"page","link":"https:\/\/spas-s.webhappenings.ch\/fr\/solutions-individuelles\/","title":{"rendered":"Solutions individuelles"},"content":{"rendered":"\n<h1>\n\t\tSolutions individuelles\n\t<\/h1>\n\t\t\t<a href=\"https:\/\/spas-s.webhappenings.ch\/fr\/contact\/\" target=\"_self\" rel=\"noopener\">\n\t\t\t\t\t\t\t\tContact\t\t\t\t\t\t\t\n\t\t\t\t\t\t<\/a>\n\t\t<h2>\n\t\tCours de pr\u00e9vention pour votre entreprise\n\t<\/h2>\n\t<p>En tant qu&rsquo;entreprise, vous savez que seuls des collaborateur\u00b7trices en bonne sant\u00e9 et satisfaits sont la condition la plus importante pour votre succ\u00e8s \u00e9conomique. C&rsquo;est pourquoi, en tant qu&#8217;employeur attractif, vous investissez dans la promotion de la sant\u00e9 et \u00eates \u00e0 la recherche d&rsquo;un partenaire fiable qui propose des solutions individuelles sur votre site ?<\/p>\n<p>En tant qu&rsquo;organisation partenaire de longue date de l&rsquo;Office f\u00e9d\u00e9ral du sport (OFSPO), nous soutenons les entreprises et les organisations dans la promotion de la sant\u00e9 de leurs collaborateur\u00b7trices.<\/p>\n<p>Parce que le mouvement, c&rsquo;est la vie &#8211; Fid\u00e8les \u00e0 notre devise, nous ne voulons pas seulement faire bouger les gens, mais aussi leur montrer des possibilit\u00e9s de rester durablement en mouvement.<\/p>\n<p>C&rsquo;est pourquoi nous ne proposons pas seulement aux entreprises des cours de Nordic Walking, de ski de fond, de running et de cyclisme, mais nous mettons \u00e9galement en place des programmes de pr\u00e9vention personnalis\u00e9s. Ceci avec des th\u00e8mes comme par exemple l&rsquo;activit\u00e9 physique, la gestion du stress, l&rsquo;\u00e9quilibre, la d\u00e9tente et l&rsquo;alimentation.<\/p>\n<p>&nbsp;<\/p>\n\t\t\t\t<img decoding=\"async\" src=\"https:\/\/spas-s.webhappenings.ch\/wp-content\/uploads\/bb-plugin\/cache\/Alfa_Coach-7-circle.jpg\" alt=\"Spas-s ALFA Coach Ausbildung\" title=\"Spas-s_Individuelle L\u00f6sungen\" itemprop=\"image\"  \/>\n\t\t\t\t<img decoding=\"async\" src=\"https:\/\/spas-s.webhappenings.ch\/wp-content\/uploads\/bb-plugin\/cache\/Team-6-1-circle.jpg\" alt=\"Spas Team\" title=\"Spas Team\" itemprop=\"image\"  \/>\n<h2>\n\t\tNous nous ferons un plaisir d&rsquo;\u00e9tablir un programme de pr\u00e9vention individuel, \u00e9galement pour votre entreprise.\n\t<\/h2>\n\t\t\t<a href=\"https:\/\/spas-s.webhappenings.ch\/fr\/contact\/\" target=\"_self\" rel=\"noopener\">\n\t\t\t\t\t\t\t\tContact\t\t\t\t\t\t\t\n\t\t\t\t\t\t<\/a>\n\t\t<h2>\n\t\tCoaching holistique pour les individus\n\t<\/h2>\n\t<p>Dissoudre les blocages mentaux &#8211; se d\u00e9barrasser de l&rsquo;ancien pour reconna\u00eetre et vivre son plein potentiel. Votre objectif aussi ?<\/p>\n<p>Depuis plus de 30 ans, nous accompagnons les personnes dans leur r\u00e9ussite en tant que formateur gr\u00e2ce \u00e0 nos coachings. Notre approche holistique met avant tout l&rsquo;accent sur la globalit\u00e9 de l&rsquo;\u00eatre humain, sur l&rsquo;\u00e9quilibre entre le corps, l&rsquo;esprit et l&rsquo;\u00e2me, et ne consid\u00e8re pas seulement des domaines d\u00e9limit\u00e9s (sport, profession ou vie priv\u00e9e).<\/p>\n<p>Il s&rsquo;agit plut\u00f4t de r\u00e9pondre \u00e0 des questions tr\u00e8s fondamentales li\u00e9es \u00e0 une vie \u00e9panouie. Nous soutenons les personnes dans diff\u00e9rents domaines de la vie. Avec tous leurs d\u00e9fis, leurs exp\u00e9riences de vie et leurs structures familiales et professionnelles en rapport avec leur th\u00e8me actuel.<\/p>\n<ul>\n<li>O\u00f9 en suis-je ?<\/li>\n<li>O\u00f9 est-ce que je veux aller ?<\/li>\n<li>Qu&rsquo;est-ce qui m&#8217;emp\u00eache actuellement d&rsquo;atteindre mon plein potentiel ?<\/li>\n<\/ul>\n<p>Est-il temps d&rsquo;y regarder de plus pr\u00e8s ? Nous vous soutenons volontiers dans cette d\u00e9marche.<\/p>\n\t\t\t\t<img decoding=\"async\" src=\"https:\/\/spas-s.webhappenings.ch\/wp-content\/uploads\/bb-plugin\/cache\/Kompass-2-circle.jpg\" alt=\"Spas-s Ganzheitliches Coaching\" title=\"Spas-s Ganzheitliches Coaching\" itemprop=\"image\"  \/>\n\t<p><strong>Remarque<\/strong> :<\/p>\n<p>Cette prestation est actuellement uniquement propos\u00e9e en Suisse allemande. &#8211; En cas d&rsquo;int\u00e9r\u00eat, n&rsquo;h\u00e9sitez pas \u00e0 nous <a href=\"https:\/\/spas-s.webhappenings.ch\/fr\/contact\/\">contacter<\/a> afin que l&rsquo;on puisse vous orienter vers un de nos partenaires.<\/p>\n<h2>\n\t\tPr\u00eat \u00e0 faire le premier pas ?\n\t<\/h2>\n\t\t\t<a href=\"https:\/\/spas-s.webhappenings.ch\/fr\/contact\/\" target=\"_self\" rel=\"noopener\">\n\t\t\t\t\t\t\t\tContact\t\t\t\t\t\t\t\n\t\t\t\t\t\t<\/a>\n\t\t\n","protected":false},"excerpt":{"rendered":"<p>Solutions individuelles Contact Cours de pr\u00e9vention pour votre entreprise En tant qu&rsquo;entreprise, vous savez que seuls des collaborateur\u00b7trices en bonne sant\u00e9 et satisfaits sont la condition la plus importante pour&hellip;<\/p>\n","protected":false},"author":1,"featured_media":0,"parent":0,"menu_order":0,"comment_status":"closed","ping_status":"closed","template":"","meta":{"footnotes":""},"class_list":["post-2650","page","type-page","status-publish","hentry"],"yoast_head":"<!-- This site is optimized with the Yoast SEO plugin v24.1 - https:\/\/yoast.com\/wordpress\/plugins\/seo\/ -->\n<title>Solutions individuelles | SPAS\u24c8 Sport &amp; Pr\u00e9vention FormAtion Suisse<\/title>\n<meta name=\"description\" content=\"Cours de pr\u00e9vention personnalis\u00e9s pour votre entreprise. Coaching holistique pour les individus.\" \/>\n<meta name=\"robots\" content=\"index, follow, max-snippet:-1, max-image-preview:large, max-video-preview:-1\" \/>\n<link rel=\"canonical\" href=\"https:\/\/spas-s.webhappenings.ch\/fr\/solutions-individuelles\/\" \/>\n<meta property=\"og:locale\" content=\"fr_FR\" \/>\n<meta property=\"og:type\" content=\"article\" \/>\n<meta property=\"og:title\" content=\"Solutions individuelles | SPAS\u24c8 Sport &amp; Pr\u00e9vention FormAtion Suisse\" \/>\n<meta property=\"og:description\" content=\"Cours de pr\u00e9vention personnalis\u00e9s pour votre entreprise. Coaching holistique pour les individus.\" \/>\n<meta property=\"og:url\" content=\"https:\/\/spas-s.webhappenings.ch\/fr\/solutions-individuelles\/\" \/>\n<meta property=\"og:site_name\" content=\"SPAS-S Sport und Pr\u00e4vention Ausbildung Schweiz\" \/>\n<meta property=\"article:modified_time\" content=\"2021-12-16T16:58:38+00:00\" \/>\n<meta property=\"og:image\" content=\"https:\/\/spas-s.webhappenings.ch\/wp-content\/uploads\/bb-plugin\/cache\/Alfa_Coach-7-circle.jpg\" \/>\n<meta name=\"twitter:card\" content=\"summary_large_image\" \/>\n<meta name=\"twitter:label1\" content=\"Dur\u00e9e de lecture estim\u00e9e\" \/>\n\t<meta name=\"twitter:data1\" content=\"2 minutes\" \/>\n<script type=\"application\/ld+json\" class=\"yoast-schema-graph\">{\"@context\":\"https:\/\/schema.org\",\"@graph\":[{\"@type\":\"WebPage\",\"@id\":\"https:\/\/spas-s.webhappenings.ch\/fr\/solutions-individuelles\/\",\"url\":\"https:\/\/spas-s.webhappenings.ch\/fr\/solutions-individuelles\/\",\"name\":\"Solutions individuelles | SPAS\u24c8 Sport & Pr\u00e9vention FormAtion Suisse\",\"isPartOf\":{\"@id\":\"https:\/\/spas-s.webhappenings.ch\/fr\/#website\"},\"primaryImageOfPage\":{\"@id\":\"https:\/\/spas-s.webhappenings.ch\/fr\/solutions-individuelles\/#primaryimage\"},\"image\":{\"@id\":\"https:\/\/spas-s.webhappenings.ch\/fr\/solutions-individuelles\/#primaryimage\"},\"thumbnailUrl\":\"https:\/\/spas-s.webhappenings.ch\/wp-content\/uploads\/bb-plugin\/cache\/Alfa_Coach-7-circle.jpg\",\"datePublished\":\"2021-12-15T21:14:34+00:00\",\"dateModified\":\"2021-12-16T16:58:38+00:00\",\"description\":\"Cours de pr\u00e9vention personnalis\u00e9s pour votre entreprise. Coaching holistique pour les individus.\",\"breadcrumb\":{\"@id\":\"https:\/\/spas-s.webhappenings.ch\/fr\/solutions-individuelles\/#breadcrumb\"},\"inLanguage\":\"fr-FR\",\"potentialAction\":[{\"@type\":\"ReadAction\",\"target\":[\"https:\/\/spas-s.webhappenings.ch\/fr\/solutions-individuelles\/\"]}]},{\"@type\":\"ImageObject\",\"inLanguage\":\"fr-FR\",\"@id\":\"https:\/\/spas-s.webhappenings.ch\/fr\/solutions-individuelles\/#primaryimage\",\"url\":\"https:\/\/spas-s.webhappenings.ch\/wp-content\/uploads\/bb-plugin\/cache\/Alfa_Coach-7-circle.jpg\",\"contentUrl\":\"https:\/\/spas-s.webhappenings.ch\/wp-content\/uploads\/bb-plugin\/cache\/Alfa_Coach-7-circle.jpg\"},{\"@type\":\"BreadcrumbList\",\"@id\":\"https:\/\/spas-s.webhappenings.ch\/fr\/solutions-individuelles\/#breadcrumb\",\"itemListElement\":[{\"@type\":\"ListItem\",\"position\":1,\"name\":\"Startseite\",\"item\":\"https:\/\/spas-s.webhappenings.ch\/fr\/\"},{\"@type\":\"ListItem\",\"position\":2,\"name\":\"Solutions individuelles\"}]},{\"@type\":\"WebSite\",\"@id\":\"https:\/\/spas-s.webhappenings.ch\/fr\/#website\",\"url\":\"https:\/\/spas-s.webhappenings.ch\/fr\/\",\"name\":\"SPAS-S Sport und Pr\u00e4vention Ausbildung Schweiz\",\"description\":\"Weil Bewegung Leben ist\",\"publisher\":{\"@id\":\"https:\/\/spas-s.webhappenings.ch\/fr\/#organization\"},\"potentialAction\":[{\"@type\":\"SearchAction\",\"target\":{\"@type\":\"EntryPoint\",\"urlTemplate\":\"https:\/\/spas-s.webhappenings.ch\/fr\/?s={search_term_string}\"},\"query-input\":{\"@type\":\"PropertyValueSpecification\",\"valueRequired\":true,\"valueName\":\"search_term_string\"}}],\"inLanguage\":\"fr-FR\"},{\"@type\":\"Organization\",\"@id\":\"https:\/\/spas-s.webhappenings.ch\/fr\/#organization\",\"name\":\"SPAS-S Sport und Pr\u00e4vention Ausbildung Schweiz\",\"url\":\"https:\/\/spas-s.webhappenings.ch\/fr\/\",\"logo\":{\"@type\":\"ImageObject\",\"inLanguage\":\"fr-FR\",\"@id\":\"https:\/\/spas-s.webhappenings.ch\/fr\/#\/schema\/logo\/image\/\",\"url\":\"https:\/\/spas-s.webhappenings.ch\/wp-content\/uploads\/SPAS-s_Logo_DE.png\",\"contentUrl\":\"https:\/\/spas-s.webhappenings.ch\/wp-content\/uploads\/SPAS-s_Logo_DE.png\",\"width\":144,\"height\":204,\"caption\":\"SPAS-S Sport und Pr\u00e4vention Ausbildung Schweiz\"},\"image\":{\"@id\":\"https:\/\/spas-s.webhappenings.ch\/fr\/#\/schema\/logo\/image\/\"}}]}<\/script>\n<!-- \/ Yoast SEO plugin. -->","yoast_head_json":{"title":"Solutions individuelles | SPAS\u24c8 Sport & Pr\u00e9vention FormAtion Suisse","description":"Cours de pr\u00e9vention personnalis\u00e9s pour votre entreprise. Coaching holistique pour les individus.","robots":{"index":"index","follow":"follow","max-snippet":"max-snippet:-1","max-image-preview":"max-image-preview:large","max-video-preview":"max-video-preview:-1"},"canonical":"https:\/\/spas-s.webhappenings.ch\/fr\/solutions-individuelles\/","og_locale":"fr_FR","og_type":"article","og_title":"Solutions individuelles | SPAS\u24c8 Sport & Pr\u00e9vention FormAtion Suisse","og_description":"Cours de pr\u00e9vention personnalis\u00e9s pour votre entreprise. Coaching holistique pour les individus.","og_url":"https:\/\/spas-s.webhappenings.ch\/fr\/solutions-individuelles\/","og_site_name":"SPAS-S Sport und Pr\u00e4vention Ausbildung Schweiz","article_modified_time":"2021-12-16T16:58:38+00:00","og_image":[{"url":"https:\/\/spas-s.webhappenings.ch\/wp-content\/uploads\/bb-plugin\/cache\/Alfa_Coach-7-circle.jpg","type":"","width":"","height":""}],"twitter_card":"summary_large_image","twitter_misc":{"Dur\u00e9e de lecture estim\u00e9e":"2 minutes"},"schema":{"@context":"https:\/\/schema.org","@graph":[{"@type":"WebPage","@id":"https:\/\/spas-s.webhappenings.ch\/fr\/solutions-individuelles\/","url":"https:\/\/spas-s.webhappenings.ch\/fr\/solutions-individuelles\/","name":"Solutions individuelles | SPAS\u24c8 Sport & Pr\u00e9vention FormAtion Suisse","isPartOf":{"@id":"https:\/\/spas-s.webhappenings.ch\/fr\/#website"},"primaryImageOfPage":{"@id":"https:\/\/spas-s.webhappenings.ch\/fr\/solutions-individuelles\/#primaryimage"},"image":{"@id":"https:\/\/spas-s.webhappenings.ch\/fr\/solutions-individuelles\/#primaryimage"},"thumbnailUrl":"https:\/\/spas-s.webhappenings.ch\/wp-content\/uploads\/bb-plugin\/cache\/Alfa_Coach-7-circle.jpg","datePublished":"2021-12-15T21:14:34+00:00","dateModified":"2021-12-16T16:58:38+00:00","description":"Cours de pr\u00e9vention personnalis\u00e9s pour votre entreprise. Coaching holistique pour les individus.","breadcrumb":{"@id":"https:\/\/spas-s.webhappenings.ch\/fr\/solutions-individuelles\/#breadcrumb"},"inLanguage":"fr-FR","potentialAction":[{"@type":"ReadAction","target":["https:\/\/spas-s.webhappenings.ch\/fr\/solutions-individuelles\/"]}]},{"@type":"ImageObject","inLanguage":"fr-FR","@id":"https:\/\/spas-s.webhappenings.ch\/fr\/solutions-individuelles\/#primaryimage","url":"https:\/\/spas-s.webhappenings.ch\/wp-content\/uploads\/bb-plugin\/cache\/Alfa_Coach-7-circle.jpg","contentUrl":"https:\/\/spas-s.webhappenings.ch\/wp-content\/uploads\/bb-plugin\/cache\/Alfa_Coach-7-circle.jpg"},{"@type":"BreadcrumbList","@id":"https:\/\/spas-s.webhappenings.ch\/fr\/solutions-individuelles\/#breadcrumb","itemListElement":[{"@type":"ListItem","position":1,"name":"Startseite","item":"https:\/\/spas-s.webhappenings.ch\/fr\/"},{"@type":"ListItem","position":2,"name":"Solutions individuelles"}]},{"@type":"WebSite","@id":"https:\/\/spas-s.webhappenings.ch\/fr\/#website","url":"https:\/\/spas-s.webhappenings.ch\/fr\/","name":"SPAS-S Sport und Pr\u00e4vention Ausbildung Schweiz","description":"Weil Bewegung Leben ist","publisher":{"@id":"https:\/\/spas-s.webhappenings.ch\/fr\/#organization"},"potentialAction":[{"@type":"SearchAction","target":{"@type":"EntryPoint","urlTemplate":"https:\/\/spas-s.webhappenings.ch\/fr\/?s={search_term_string}"},"query-input":{"@type":"PropertyValueSpecification","valueRequired":true,"valueName":"search_term_string"}}],"inLanguage":"fr-FR"},{"@type":"Organization","@id":"https:\/\/spas-s.webhappenings.ch\/fr\/#organization","name":"SPAS-S Sport und Pr\u00e4vention Ausbildung Schweiz","url":"https:\/\/spas-s.webhappenings.ch\/fr\/","logo":{"@type":"ImageObject","inLanguage":"fr-FR","@id":"https:\/\/spas-s.webhappenings.ch\/fr\/#\/schema\/logo\/image\/","url":"https:\/\/spas-s.webhappenings.ch\/wp-content\/uploads\/SPAS-s_Logo_DE.png","contentUrl":"https:\/\/spas-s.webhappenings.ch\/wp-content\/uploads\/SPAS-s_Logo_DE.png","width":144,"height":204,"caption":"SPAS-S Sport und Pr\u00e4vention Ausbildung Schweiz"},"image":{"@id":"https:\/\/spas-s.webhappenings.ch\/fr\/#\/schema\/logo\/image\/"}}]}},"_links":{"self":[{"href":"https:\/\/spas-s.webhappenings.ch\/fr\/wp-json\/wp\/v2\/pages\/2650","targetHints":{"allow":["GET"]}}],"collection":[{"href":"https:\/\/spas-s.webhappenings.ch\/fr\/wp-json\/wp\/v2\/pages"}],"about":[{"href":"https:\/\/spas-s.webhappenings.ch\/fr\/wp-json\/wp\/v2\/types\/page"}],"author":[{"embeddable":true,"href":"https:\/\/spas-s.webhappenings.ch\/fr\/wp-json\/wp\/v2\/users\/1"}],"replies":[{"embeddable":true,"href":"https:\/\/spas-s.webhappenings.ch\/fr\/wp-json\/wp\/v2\/comments?post=2650"}],"version-history":[{"count":0,"href":"https:\/\/spas-s.webhappenings.ch\/fr\/wp-json\/wp\/v2\/pages\/2650\/revisions"}],"wp:attachment":[{"href":"https:\/\/spas-s.webhappenings.ch\/fr\/wp-json\/wp\/v2\/media?parent=2650"}],"curies":[{"name":"wp","href":"https:\/\/api.w.org\/{rel}","templated":true}]}}