{"id":2533,"date":"2021-12-09T11:39:44","date_gmt":"2021-12-09T10:39:44","guid":{"rendered":"https:\/\/spas-s.webhappenings.ch\/formation-continue\/"},"modified":"2021-12-15T23:01:25","modified_gmt":"2021-12-15T22:01:25","slug":"formation-continue","status":"publish","type":"page","link":"https:\/\/spas-s.webhappenings.ch\/fr\/formation-continue\/","title":{"rendered":"Formation continue"},"content":{"rendered":"\n<h1>\n\t\tFormation continue des instructeur\u00b7trices\n\t<\/h1>\n\t\t\t<a href=\"https:\/\/spas-s.webhappenings.ch\/fr\/agenda\/\" target=\"_self\" rel=\"noopener\">\n\t\t\t\t\t\t\t\tAgenda\t\t\t\t\t\t\t\n\t\t\t\t\t\t<\/a>\n\t\t<h2>\n\t\tFormations continues chez SPAS<sup>\u24c8<\/sup> &#8211; un investissement dans votre avenir professionnel\n\t<\/h2>\n\t<p>Vous voulez rester sur place? Non! Parce que la vie est mouvement, il nous tient \u00e0 c\u0153ur d&rsquo;\u00e9largir sans cesse notre offre de formation continue et de l&rsquo;adapter aux besoins de nos coachs.<\/p>\n<p>Nous proposons r\u00e9guli\u00e8rement aux instructeur\u00b7trices et aux coachs des formations continues dans les disciplines sportives suivantes : nordic walking, ski de fond, course \u00e0 pied et cyclisme. Con\u00e7ues de mani\u00e8re modulaire, elles r\u00e9pondent aux directives de esa et comprennent les th\u00e8mes impos\u00e9s, tous les deux ans, par esa. Outre les modules de perfectionnement (M), nous organisons des formations sur diff\u00e9rents th\u00e8mes transversaux pertinents pour la pratique, tels que les fascias, la relaxation, l&rsquo;\u00e9quilibre, l&rsquo;alimentation, etc., ce qui garantit un \u00e9largissement suppl\u00e9mentaire des comp\u00e9tences des instructeur\u00b7trices.<\/p>\n<p>Une chose est s\u00fbre : avec les formations continues SPAS<sup>\u24c8<\/sup>, vous faites bouger les choses pour votre avenir professionnel.<\/p>\n<p>&nbsp;<\/p>\n<h1>\n\t\tDates des prochaines formations\n\t<\/h1>\n\t<!=========list Template 2.7.3=========><div id=\"ect-events-list-content\" class=\"ectt-list-wrapper\"><div id=\"list-wrp\" class=\"ect-list-wrapper all\"><\/div><\/div><div class=\"ect-no-events\"><p>In dieser Zeit finden keine Aus- und Weiterbildungen statt.<\/p><\/div>\n\t\t\t<a href=\"https:\/\/spas-s.webhappenings.ch\/fr\/agenda\/\" target=\"_self\" rel=\"noopener\">\n\t\t\t\t\t\t\t\tAutres dates\t\t\t\t\t\t\t\n\t\t\t\t\t\t<\/a>\n\t\t\t\t<img decoding=\"async\" src=\"https:\/\/spas-s.webhappenings.ch\/wp-content\/uploads\/bb-plugin\/cache\/Team-6-1-circle.jpg\" alt=\"Spas Team\" title=\"Spas Team\" itemprop=\"image\"  \/>\n<h2>\n\t\tVous n&rsquo;avez pas trouv\u00e9 de formation continue qui vous convienne? Trouvons ensemble une solution. \n\t<\/h2>\n\t\t\t<a href=\"https:\/\/spas-s.webhappenings.ch\/fr\/contact\/\" target=\"_self\" rel=\"noopener\">\n\t\t\t\t\t\t\t\tContact\t\t\t\t\t\t\t\n\t\t\t\t\t\t<\/a>\n\t\t<h2>\n\t\tObligation de formation continue &#8211; qualit\u00e9 oblige\n\t<\/h2>\n\t<p>Pour tous les instructeur\u00b7trices SPAS<sup>\u24c8 <\/sup>et coachs ALFA certifi\u00e9s esa, comme pour les membres de SPAS<sup>\u24c8,<\/sup> il existe une obligation de formation continue. Tous les deux ans, il est obligatoire de suivre au moins une formation continue esa d&rsquo;une journ\u00e9e.<\/p>\n<p><strong>Votre avantage:<\/strong> avec au moins une formation continue d&rsquo;une journ\u00e9e tous les deux ans, vous conservez \u00e0 la fois la certification esa et l&rsquo;affiliation \u00e0 SPAS<sup>\u24c8<\/sup>. Il n&rsquo;est pas obligatoire de suivre une formation continue dans une discipline sportive sp\u00e9cifique. Il est simplement important que le module de formation continue suivi soit reconnu par esa, ce qui est le cas de toutes les formations continues SPAS<sup>\u24c8<\/sup>.<\/p>\n<p>Si l&rsquo;obligation de formation continue n&rsquo;est pas remplie, la reconnaissance de moniteur est supprim\u00e9e au d\u00e9but de la 3\u00e8me ann\u00e9e aupr\u00e8s de SPAS<sup>\u24c8<\/sup> et des partenaires-d&rsquo;\u00e9quipement. Il est toutefois possible de la prolonger apr\u00e8s accord. Dans ce cas, veuillez nous <a href=\"https:\/\/spas-s.webhappenings.ch\/fr\/contact\/\">contacter<\/a>.<\/p>\n<p>&nbsp;<\/p>\n\n","protected":false},"excerpt":{"rendered":"<p>Formation continue des instructeur\u00b7trices Agenda Formations continues chez SPAS\u24c8 &#8211; un investissement dans votre avenir professionnel Vous voulez rester sur place? Non! Parce que la vie est mouvement, il nous&hellip;<\/p>\n","protected":false},"author":1,"featured_media":0,"parent":0,"menu_order":0,"comment_status":"closed","ping_status":"closed","template":"","meta":{"footnotes":""},"class_list":["post-2533","page","type-page","status-publish","hentry"],"yoast_head":"<!-- This site is optimized with the Yoast SEO plugin v24.1 - https:\/\/yoast.com\/wordpress\/plugins\/seo\/ -->\n<title>Formation continue | SPAS\u24c8 Sport &amp; Pr\u00e9vention Formation Suisse<\/title>\n<meta name=\"description\" content=\"Formation continue d&#039;instructeur\u00b7trice certifi\u00e9e par l&#039;esa dans les disciplines sportives Nordic Walking, ski de fond, course \u00e0 pied, cyclisme ainsi que sur des th\u00e8mes transversaux pertinents pour la pratique comme les fascias, la relaxation, l&#039;\u00e9quilibre, l&#039;alimentation, etc. qui garantissent un \u00e9largissement des comp\u00e9tences en tant qu&#039;entra\u00eeneur*.\" \/>\n<meta name=\"robots\" content=\"index, follow, max-snippet:-1, max-image-preview:large, max-video-preview:-1\" \/>\n<link rel=\"canonical\" href=\"https:\/\/spas-s.webhappenings.ch\/fr\/formation-continue\/\" \/>\n<meta property=\"og:locale\" content=\"fr_FR\" \/>\n<meta property=\"og:type\" content=\"article\" \/>\n<meta property=\"og:title\" content=\"Formation continue | SPAS\u24c8 Sport &amp; Pr\u00e9vention Formation Suisse\" \/>\n<meta property=\"og:description\" content=\"Formation continue d&#039;instructeur\u00b7trice certifi\u00e9e par l&#039;esa dans les disciplines sportives Nordic Walking, ski de fond, course \u00e0 pied, cyclisme ainsi que sur des th\u00e8mes transversaux pertinents pour la pratique comme les fascias, la relaxation, l&#039;\u00e9quilibre, l&#039;alimentation, etc. qui garantissent un \u00e9largissement des comp\u00e9tences en tant qu&#039;entra\u00eeneur*.\" \/>\n<meta property=\"og:url\" content=\"https:\/\/spas-s.webhappenings.ch\/fr\/formation-continue\/\" \/>\n<meta property=\"og:site_name\" content=\"SPAS-S Sport und Pr\u00e4vention Ausbildung Schweiz\" \/>\n<meta property=\"article:modified_time\" content=\"2021-12-15T22:01:25+00:00\" \/>\n<meta property=\"og:image\" content=\"https:\/\/spas-s.webhappenings.ch\/wp-content\/uploads\/bb-plugin\/cache\/Team-6-1-circle.jpg\" \/>\n<meta name=\"twitter:card\" content=\"summary_large_image\" \/>\n<meta name=\"twitter:label1\" content=\"Dur\u00e9e de lecture estim\u00e9e\" \/>\n\t<meta name=\"twitter:data1\" content=\"2 minutes\" \/>\n<script type=\"application\/ld+json\" class=\"yoast-schema-graph\">{\"@context\":\"https:\/\/schema.org\",\"@graph\":[{\"@type\":\"WebPage\",\"@id\":\"https:\/\/spas-s.webhappenings.ch\/fr\/formation-continue\/\",\"url\":\"https:\/\/spas-s.webhappenings.ch\/fr\/formation-continue\/\",\"name\":\"Formation continue | SPAS\u24c8 Sport & Pr\u00e9vention Formation Suisse\",\"isPartOf\":{\"@id\":\"https:\/\/spas-s.webhappenings.ch\/fr\/#website\"},\"primaryImageOfPage\":{\"@id\":\"https:\/\/spas-s.webhappenings.ch\/fr\/formation-continue\/#primaryimage\"},\"image\":{\"@id\":\"https:\/\/spas-s.webhappenings.ch\/fr\/formation-continue\/#primaryimage\"},\"thumbnailUrl\":\"https:\/\/spas-s.webhappenings.ch\/wp-content\/uploads\/bb-plugin\/cache\/Team-6-1-circle.jpg\",\"datePublished\":\"2021-12-09T10:39:44+00:00\",\"dateModified\":\"2021-12-15T22:01:25+00:00\",\"description\":\"Formation continue d'instructeur\u00b7trice certifi\u00e9e par l'esa dans les disciplines sportives Nordic Walking, ski de fond, course \u00e0 pied, cyclisme ainsi que sur des th\u00e8mes transversaux pertinents pour la pratique comme les fascias, la relaxation, l'\u00e9quilibre, l'alimentation, etc. qui garantissent un \u00e9largissement des comp\u00e9tences en tant qu'entra\u00eeneur*.\",\"breadcrumb\":{\"@id\":\"https:\/\/spas-s.webhappenings.ch\/fr\/formation-continue\/#breadcrumb\"},\"inLanguage\":\"fr-FR\",\"potentialAction\":[{\"@type\":\"ReadAction\",\"target\":[\"https:\/\/spas-s.webhappenings.ch\/fr\/formation-continue\/\"]}]},{\"@type\":\"ImageObject\",\"inLanguage\":\"fr-FR\",\"@id\":\"https:\/\/spas-s.webhappenings.ch\/fr\/formation-continue\/#primaryimage\",\"url\":\"https:\/\/spas-s.webhappenings.ch\/wp-content\/uploads\/bb-plugin\/cache\/Team-6-1-circle.jpg\",\"contentUrl\":\"https:\/\/spas-s.webhappenings.ch\/wp-content\/uploads\/bb-plugin\/cache\/Team-6-1-circle.jpg\"},{\"@type\":\"BreadcrumbList\",\"@id\":\"https:\/\/spas-s.webhappenings.ch\/fr\/formation-continue\/#breadcrumb\",\"itemListElement\":[{\"@type\":\"ListItem\",\"position\":1,\"name\":\"Startseite\",\"item\":\"https:\/\/spas-s.webhappenings.ch\/fr\/\"},{\"@type\":\"ListItem\",\"position\":2,\"name\":\"Formation continue\"}]},{\"@type\":\"WebSite\",\"@id\":\"https:\/\/spas-s.webhappenings.ch\/fr\/#website\",\"url\":\"https:\/\/spas-s.webhappenings.ch\/fr\/\",\"name\":\"SPAS-S Sport und Pr\u00e4vention Ausbildung Schweiz\",\"description\":\"Weil Bewegung Leben ist\",\"publisher\":{\"@id\":\"https:\/\/spas-s.webhappenings.ch\/fr\/#organization\"},\"potentialAction\":[{\"@type\":\"SearchAction\",\"target\":{\"@type\":\"EntryPoint\",\"urlTemplate\":\"https:\/\/spas-s.webhappenings.ch\/fr\/?s={search_term_string}\"},\"query-input\":{\"@type\":\"PropertyValueSpecification\",\"valueRequired\":true,\"valueName\":\"search_term_string\"}}],\"inLanguage\":\"fr-FR\"},{\"@type\":\"Organization\",\"@id\":\"https:\/\/spas-s.webhappenings.ch\/fr\/#organization\",\"name\":\"SPAS-S Sport und Pr\u00e4vention Ausbildung Schweiz\",\"url\":\"https:\/\/spas-s.webhappenings.ch\/fr\/\",\"logo\":{\"@type\":\"ImageObject\",\"inLanguage\":\"fr-FR\",\"@id\":\"https:\/\/spas-s.webhappenings.ch\/fr\/#\/schema\/logo\/image\/\",\"url\":\"https:\/\/spas-s.webhappenings.ch\/wp-content\/uploads\/SPAS-s_Logo_DE.png\",\"contentUrl\":\"https:\/\/spas-s.webhappenings.ch\/wp-content\/uploads\/SPAS-s_Logo_DE.png\",\"width\":144,\"height\":204,\"caption\":\"SPAS-S Sport und Pr\u00e4vention Ausbildung Schweiz\"},\"image\":{\"@id\":\"https:\/\/spas-s.webhappenings.ch\/fr\/#\/schema\/logo\/image\/\"}}]}<\/script>\n<!-- \/ Yoast SEO plugin. -->","yoast_head_json":{"title":"Formation continue | SPAS\u24c8 Sport & Pr\u00e9vention Formation Suisse","description":"Formation continue d'instructeur\u00b7trice certifi\u00e9e par l'esa dans les disciplines sportives Nordic Walking, ski de fond, course \u00e0 pied, cyclisme ainsi que sur des th\u00e8mes transversaux pertinents pour la pratique comme les fascias, la relaxation, l'\u00e9quilibre, l'alimentation, etc. qui garantissent un \u00e9largissement des comp\u00e9tences en tant qu'entra\u00eeneur*.","robots":{"index":"index","follow":"follow","max-snippet":"max-snippet:-1","max-image-preview":"max-image-preview:large","max-video-preview":"max-video-preview:-1"},"canonical":"https:\/\/spas-s.webhappenings.ch\/fr\/formation-continue\/","og_locale":"fr_FR","og_type":"article","og_title":"Formation continue | SPAS\u24c8 Sport & Pr\u00e9vention Formation Suisse","og_description":"Formation continue d'instructeur\u00b7trice certifi\u00e9e par l'esa dans les disciplines sportives Nordic Walking, ski de fond, course \u00e0 pied, cyclisme ainsi que sur des th\u00e8mes transversaux pertinents pour la pratique comme les fascias, la relaxation, l'\u00e9quilibre, l'alimentation, etc. qui garantissent un \u00e9largissement des comp\u00e9tences en tant qu'entra\u00eeneur*.","og_url":"https:\/\/spas-s.webhappenings.ch\/fr\/formation-continue\/","og_site_name":"SPAS-S Sport und Pr\u00e4vention Ausbildung Schweiz","article_modified_time":"2021-12-15T22:01:25+00:00","og_image":[{"url":"https:\/\/spas-s.webhappenings.ch\/wp-content\/uploads\/bb-plugin\/cache\/Team-6-1-circle.jpg","type":"","width":"","height":""}],"twitter_card":"summary_large_image","twitter_misc":{"Dur\u00e9e de lecture estim\u00e9e":"2 minutes"},"schema":{"@context":"https:\/\/schema.org","@graph":[{"@type":"WebPage","@id":"https:\/\/spas-s.webhappenings.ch\/fr\/formation-continue\/","url":"https:\/\/spas-s.webhappenings.ch\/fr\/formation-continue\/","name":"Formation continue | SPAS\u24c8 Sport & Pr\u00e9vention Formation Suisse","isPartOf":{"@id":"https:\/\/spas-s.webhappenings.ch\/fr\/#website"},"primaryImageOfPage":{"@id":"https:\/\/spas-s.webhappenings.ch\/fr\/formation-continue\/#primaryimage"},"image":{"@id":"https:\/\/spas-s.webhappenings.ch\/fr\/formation-continue\/#primaryimage"},"thumbnailUrl":"https:\/\/spas-s.webhappenings.ch\/wp-content\/uploads\/bb-plugin\/cache\/Team-6-1-circle.jpg","datePublished":"2021-12-09T10:39:44+00:00","dateModified":"2021-12-15T22:01:25+00:00","description":"Formation continue d'instructeur\u00b7trice certifi\u00e9e par l'esa dans les disciplines sportives Nordic Walking, ski de fond, course \u00e0 pied, cyclisme ainsi que sur des th\u00e8mes transversaux pertinents pour la pratique comme les fascias, la relaxation, l'\u00e9quilibre, l'alimentation, etc. qui garantissent un \u00e9largissement des comp\u00e9tences en tant qu'entra\u00eeneur*.","breadcrumb":{"@id":"https:\/\/spas-s.webhappenings.ch\/fr\/formation-continue\/#breadcrumb"},"inLanguage":"fr-FR","potentialAction":[{"@type":"ReadAction","target":["https:\/\/spas-s.webhappenings.ch\/fr\/formation-continue\/"]}]},{"@type":"ImageObject","inLanguage":"fr-FR","@id":"https:\/\/spas-s.webhappenings.ch\/fr\/formation-continue\/#primaryimage","url":"https:\/\/spas-s.webhappenings.ch\/wp-content\/uploads\/bb-plugin\/cache\/Team-6-1-circle.jpg","contentUrl":"https:\/\/spas-s.webhappenings.ch\/wp-content\/uploads\/bb-plugin\/cache\/Team-6-1-circle.jpg"},{"@type":"BreadcrumbList","@id":"https:\/\/spas-s.webhappenings.ch\/fr\/formation-continue\/#breadcrumb","itemListElement":[{"@type":"ListItem","position":1,"name":"Startseite","item":"https:\/\/spas-s.webhappenings.ch\/fr\/"},{"@type":"ListItem","position":2,"name":"Formation continue"}]},{"@type":"WebSite","@id":"https:\/\/spas-s.webhappenings.ch\/fr\/#website","url":"https:\/\/spas-s.webhappenings.ch\/fr\/","name":"SPAS-S Sport und Pr\u00e4vention Ausbildung Schweiz","description":"Weil Bewegung Leben ist","publisher":{"@id":"https:\/\/spas-s.webhappenings.ch\/fr\/#organization"},"potentialAction":[{"@type":"SearchAction","target":{"@type":"EntryPoint","urlTemplate":"https:\/\/spas-s.webhappenings.ch\/fr\/?s={search_term_string}"},"query-input":{"@type":"PropertyValueSpecification","valueRequired":true,"valueName":"search_term_string"}}],"inLanguage":"fr-FR"},{"@type":"Organization","@id":"https:\/\/spas-s.webhappenings.ch\/fr\/#organization","name":"SPAS-S Sport und Pr\u00e4vention Ausbildung Schweiz","url":"https:\/\/spas-s.webhappenings.ch\/fr\/","logo":{"@type":"ImageObject","inLanguage":"fr-FR","@id":"https:\/\/spas-s.webhappenings.ch\/fr\/#\/schema\/logo\/image\/","url":"https:\/\/spas-s.webhappenings.ch\/wp-content\/uploads\/SPAS-s_Logo_DE.png","contentUrl":"https:\/\/spas-s.webhappenings.ch\/wp-content\/uploads\/SPAS-s_Logo_DE.png","width":144,"height":204,"caption":"SPAS-S Sport und Pr\u00e4vention Ausbildung Schweiz"},"image":{"@id":"https:\/\/spas-s.webhappenings.ch\/fr\/#\/schema\/logo\/image\/"}}]}},"_links":{"self":[{"href":"https:\/\/spas-s.webhappenings.ch\/fr\/wp-json\/wp\/v2\/pages\/2533","targetHints":{"allow":["GET"]}}],"collection":[{"href":"https:\/\/spas-s.webhappenings.ch\/fr\/wp-json\/wp\/v2\/pages"}],"about":[{"href":"https:\/\/spas-s.webhappenings.ch\/fr\/wp-json\/wp\/v2\/types\/page"}],"author":[{"embeddable":true,"href":"https:\/\/spas-s.webhappenings.ch\/fr\/wp-json\/wp\/v2\/users\/1"}],"replies":[{"embeddable":true,"href":"https:\/\/spas-s.webhappenings.ch\/fr\/wp-json\/wp\/v2\/comments?post=2533"}],"version-history":[{"count":0,"href":"https:\/\/spas-s.webhappenings.ch\/fr\/wp-json\/wp\/v2\/pages\/2533\/revisions"}],"wp:attachment":[{"href":"https:\/\/spas-s.webhappenings.ch\/fr\/wp-json\/wp\/v2\/media?parent=2533"}],"curies":[{"name":"wp","href":"https:\/\/api.w.org\/{rel}","templated":true}]}}