{"id":2515,"date":"2021-12-01T17:55:23","date_gmt":"2021-12-01T16:55:23","guid":{"rendered":"https:\/\/spas-s.webhappenings.ch\/demande-dadhesion\/"},"modified":"2021-12-11T15:14:30","modified_gmt":"2021-12-11T14:14:30","slug":"demande-dadhesion","status":"publish","type":"page","link":"https:\/\/spas-s.webhappenings.ch\/fr\/demande-dadhesion\/","title":{"rendered":"Demande d&rsquo;adh\u00e9sion"},"content":{"rendered":"\n<h1>\n\t\tDemande d&rsquo;adh\u00e9sion \u00e0 SPAS<sup>\u24c8<\/sup>\n\t<\/h1>\n\t\t\t<a href=\"https:\/\/spas-s.webhappenings.ch\/fr\/contact\/\" target=\"_self\" rel=\"noopener\">\n\t\t\t\t\t\t\t\tContact\t\t\t\t\t\t\t\n\t\t\t\t\t\t<\/a>\n\t\t<h2>\n\t\tDemande d&rsquo;adh\u00e9sion \u00e0 SPAS <sup>\u24c8<\/sup>\n\t<\/h2>\n\t<div class=\"wpforms-container wpforms-container-full\" id=\"wpforms-2513\"><form id=\"wpforms-form-2513\" class=\"wpforms-validate wpforms-form wpforms-ajax-form\" data-formid=\"2513\" method=\"post\" enctype=\"multipart\/form-data\" action=\"\/fr\/wp-json\/wp\/v2\/pages\/2515\" data-token=\"9e0ad3f8df5b21c333048ccdd914ab29\" data-token-time=\"1776358737\"><noscript class=\"wpforms-error-noscript\">Veuillez activer JavaScript dans votre navigateur pour remplir ce formulaire.<\/noscript><div class=\"wpforms-field-container\"><div id=\"wpforms-2513-field_6-container\" class=\"wpforms-field wpforms-field-checkbox\" data-field-id=\"6\"><label class=\"wpforms-field-label\">Choisissez une adh\u00e9sion <span class=\"wpforms-required-label\">*<\/span><\/label><ul id=\"wpforms-2513-field_6\" class=\"wpforms-field-required\" data-choice-limit=\"1\"><li class=\"choice-1 depth-1\"><input type=\"checkbox\" id=\"wpforms-2513-field_6_1\" data-rule-check-limit=\"true\" name=\"wpforms[fields][6][]\" value=\"Adh\u00e9sion sans assurance responsabilit\u00e9 civile pour 109.- CHF par an\" required ><label class=\"wpforms-field-label-inline\" for=\"wpforms-2513-field_6_1\">Adh\u00e9sion sans assurance responsabilit\u00e9 civile pour 109.- CHF par an<\/label><\/li><li class=\"choice-2 depth-1\"><input type=\"checkbox\" id=\"wpforms-2513-field_6_2\" data-rule-check-limit=\"true\" name=\"wpforms[fields][6][]\" value=\"Adh\u00e9sion avec assurance responsabilit\u00e9 civile pour 129.- CHF par an\" required ><label class=\"wpforms-field-label-inline\" for=\"wpforms-2513-field_6_2\">Adh\u00e9sion avec assurance responsabilit\u00e9 civile pour 129.- CHF par an<\/label><\/li><\/ul><div class=\"wpforms-field-description wpforms-disclaimer-description\">Veuillez cocher la case souhait\u00e9e et remplir int\u00e9gralement le formulaire. L'adh\u00e9sion prend effet d\u00e8s l'acceptation de la pr\u00e9sente demande par SPAS-S. Elle court du 1er janvier au 31 d\u00e9cembre de chaque ann\u00e9e. Les personnes qui adh\u00e8rent \u00e0 partir du 1er ao\u00fbt de l'ann\u00e9e concern\u00e9e paient 69 CHF au lieu de 109 CHF ou 89 CHF au lieu de 129 CHF pour la premi\u00e8re ann\u00e9e d'adh\u00e9sion. L'adh\u00e9sion est automatiquement prolong\u00e9e d'une ann\u00e9e si aucune d\u00e9claration de d\u00e9mission n'est envoy\u00e9e au secr\u00e9tariat de SPAS-S avant le 15 novembre de l'ann\u00e9e concern\u00e9e.<\/div><\/div><div id=\"wpforms-2513-field_0-container\" class=\"wpforms-field wpforms-field-name\" data-field-id=\"0\"><label class=\"wpforms-field-label\" for=\"wpforms-2513-field_0\">Nom <span class=\"wpforms-required-label\">*<\/span><\/label><div class=\"wpforms-field-row wpforms-field-large\"><div class=\"wpforms-field-row-block wpforms-first wpforms-one-half\"><input type=\"text\" id=\"wpforms-2513-field_0\" class=\"wpforms-field-name-first wpforms-field-required\" name=\"wpforms[fields][0][first]\" placeholder=\"Pr\u00e9nom\" required><label for=\"wpforms-2513-field_0\" class=\"wpforms-field-sublabel after wpforms-sublabel-hide\">Pr\u00e9nom<\/label><\/div><div class=\"wpforms-field-row-block wpforms-one-half\"><input type=\"text\" id=\"wpforms-2513-field_0-last\" class=\"wpforms-field-name-last wpforms-field-required\" name=\"wpforms[fields][0][last]\" placeholder=\"Nom de famille\" required><label for=\"wpforms-2513-field_0-last\" class=\"wpforms-field-sublabel after wpforms-sublabel-hide\">Nom<\/label><\/div><\/div><\/div><div id=\"wpforms-2513-field_19-container\" class=\"wpforms-field wpforms-field-text\" data-field-id=\"19\"><label class=\"wpforms-field-label\" for=\"wpforms-2513-field_19\">Num\u00e9ro de certificat ou num\u00e9ro esa <span class=\"wpforms-required-label\">*<\/span><\/label><input type=\"text\" id=\"wpforms-2513-field_19\" class=\"wpforms-field-large wpforms-field-required\" name=\"wpforms[fields][19]\" placeholder=\"Num\u00e9ro de certificat ou num\u00e9ro esa\" required><\/div><div id=\"wpforms-2513-field_10-container\" class=\"wpforms-field wpforms-field-text\" data-field-id=\"10\"><label class=\"wpforms-field-label\" for=\"wpforms-2513-field_10\">Adresse <span class=\"wpforms-required-label\">*<\/span><\/label><input type=\"text\" id=\"wpforms-2513-field_10\" class=\"wpforms-field-large wpforms-field-required\" name=\"wpforms[fields][10]\" placeholder=\"Rue, num\u00e9ro\" required><\/div><div id=\"wpforms-2513-field_11-container\" class=\"wpforms-field wpforms-field-text\" data-field-id=\"11\"><label class=\"wpforms-field-label\" for=\"wpforms-2513-field_11\">Compl\u00e9ment d&#039;adresse<\/label><input type=\"text\" id=\"wpforms-2513-field_11\" class=\"wpforms-field-large\" name=\"wpforms[fields][11]\" placeholder=\"Compl\u00e9ment d&#039;adresse\" ><\/div><div id=\"wpforms-2513-field_20-container\" class=\"wpforms-field wpforms-field-text\" data-field-id=\"20\"><label class=\"wpforms-field-label\" for=\"wpforms-2513-field_20\">CODE POSTAL <span class=\"wpforms-required-label\">*<\/span><\/label><input type=\"text\" id=\"wpforms-2513-field_20\" class=\"wpforms-field-large wpforms-field-required\" name=\"wpforms[fields][20]\" placeholder=\"CODE POSTAL\" required><\/div><div id=\"wpforms-2513-field_14-container\" class=\"wpforms-field wpforms-field-text\" data-field-id=\"14\"><label class=\"wpforms-field-label\" for=\"wpforms-2513-field_14\">Lieu <span class=\"wpforms-required-label\">*<\/span><\/label><input type=\"text\" id=\"wpforms-2513-field_14\" class=\"wpforms-field-large wpforms-field-required\" name=\"wpforms[fields][14]\" placeholder=\"Lieu\" required><\/div><div id=\"wpforms-2513-field_15-container\" class=\"wpforms-field wpforms-field-text\" data-field-id=\"15\"><label class=\"wpforms-field-label\" for=\"wpforms-2513-field_15\">Canton <span class=\"wpforms-required-label\">*<\/span><\/label><input type=\"text\" id=\"wpforms-2513-field_15\" class=\"wpforms-field-large wpforms-field-required\" name=\"wpforms[fields][15]\" placeholder=\"Canton\" required><\/div><div id=\"wpforms-2513-field_16-container\" class=\"wpforms-field wpforms-field-text\" data-field-id=\"16\"><label class=\"wpforms-field-label\" for=\"wpforms-2513-field_16\">Date de naissance <span class=\"wpforms-required-label\">*<\/span><\/label><input type=\"text\" id=\"wpforms-2513-field_16\" class=\"wpforms-field-large wpforms-field-required\" name=\"wpforms[fields][16]\" placeholder=\"Date de naissance\" required><div class=\"wpforms-field-description\">01.02.1971<\/div><\/div><div id=\"wpforms-2513-field_21-container\" class=\"wpforms-field wpforms-field-text\" data-field-id=\"21\"><label class=\"wpforms-field-label\" for=\"wpforms-2513-field_21\">T\u00e9l\u00e9phone <span class=\"wpforms-required-label\">*<\/span><\/label><input type=\"text\" id=\"wpforms-2513-field_21\" class=\"wpforms-field-large wpforms-field-required\" name=\"wpforms[fields][21]\" placeholder=\"T\u00e9l\u00e9phone\" required><div class=\"wpforms-field-description\">+41 79 123 45 67<\/div><\/div><div id=\"wpforms-2513-field_1-container\" class=\"wpforms-field wpforms-field-email\" data-field-id=\"1\"><label class=\"wpforms-field-label\" for=\"wpforms-2513-field_1\">Email <span class=\"wpforms-required-label\">*<\/span><\/label><input type=\"email\" id=\"wpforms-2513-field_1\" class=\"wpforms-field-large wpforms-field-required\" name=\"wpforms[fields][1]\" placeholder=\"Email\" spellcheck=\"false\" required><\/div><div id=\"wpforms-2513-field_18-container\" class=\"wpforms-field wpforms-field-text\" data-field-id=\"18\"><label class=\"wpforms-field-label\" for=\"wpforms-2513-field_18\">Adresse du site web<\/label><input type=\"text\" id=\"wpforms-2513-field_18\" class=\"wpforms-field-large\" name=\"wpforms[fields][18]\" placeholder=\"Adresse du site web\" ><div class=\"wpforms-field-description\">https:\/\/www.votre-page.ch<\/div><\/div><div id=\"wpforms-2513-field_2-container\" class=\"wpforms-field wpforms-field-textarea\" data-field-id=\"2\"><label class=\"wpforms-field-label\" for=\"wpforms-2513-field_2\">Votre message<\/label><textarea id=\"wpforms-2513-field_2\" class=\"wpforms-field-medium\" name=\"wpforms[fields][2]\" placeholder=\"Votre message\" ><\/textarea><\/div><div id=\"wpforms-2513-field_4-container\" class=\"wpforms-field wpforms-field-checkbox\" data-field-id=\"4\"><label class=\"wpforms-field-label\">Souhaitez-vous vous abonner \u00e0 notre newsletter ?<\/label><ul id=\"wpforms-2513-field_4\"><li class=\"choice-1 depth-1\"><input type=\"checkbox\" id=\"wpforms-2513-field_4_1\" name=\"wpforms[fields][4][]\" value=\"Oui, s&#039;il vous pla\u00eet\"  ><label class=\"wpforms-field-label-inline\" for=\"wpforms-2513-field_4_1\">Oui, s'il vous pla\u00eet<\/label><\/li><li class=\"choice-2 depth-1\"><input type=\"checkbox\" id=\"wpforms-2513-field_4_2\" name=\"wpforms[fields][4][]\" value=\"Non, merci\"  ><label class=\"wpforms-field-label-inline\" for=\"wpforms-2513-field_4_2\">Non, merci<\/label><\/li><\/ul><\/div><\/div><!-- .wpforms-field-container --><div class=\"wpforms-recaptcha-container wpforms-is-recaptcha wpforms-is-recaptcha-type-v2\" ><div class=\"g-recaptcha\" data-sitekey=\"6LdPpBwdAAAAAJ6RRdjxSluQ88WNcHHOu555BI51\"><\/div><input type=\"text\" name=\"g-recaptcha-hidden\" class=\"wpforms-recaptcha-hidden\" style=\"position:absolute!important;clip:rect(0,0,0,0)!important;height:1px!important;width:1px!important;border:0!important;overflow:hidden!important;padding:0!important;margin:0!important;\" data-rule-recaptcha=\"1\"><\/div><div class=\"wpforms-submit-container\" ><input type=\"hidden\" name=\"wpforms[id]\" value=\"2513\"><input type=\"hidden\" name=\"page_title\" value=\"\"><input type=\"hidden\" name=\"page_url\" value=\"https:\/\/spas-s.webhappenings.ch\/fr\/wp-json\/wp\/v2\/pages\/2515\"><button type=\"submit\" name=\"wpforms[submit]\" id=\"wpforms-submit-2513\" class=\"wpforms-submit\" data-alt-text=\"Est envoy\u00e9\" data-submit-text=\"Envoyer\" aria-live=\"assertive\" value=\"wpforms-submit\">Envoyer<\/button><img loading=\"lazy\" decoding=\"async\" src=\"https:\/\/spas-s.webhappenings.ch\/wp-content\/plugins\/wpforms-lite\/assets\/images\/submit-spin.svg\" class=\"wpforms-submit-spinner\" style=\"display: none;\" width=\"26\" height=\"26\" alt=\"Chargement en cours\"><\/div><\/form><\/div>  <!-- .wpforms-container -->\n\n","protected":false},"excerpt":{"rendered":"<p>Demande d&rsquo;adh\u00e9sion \u00e0 SPAS\u24c8 Contact Demande d&rsquo;adh\u00e9sion \u00e0 SPAS \u24c8<\/p>\n","protected":false},"author":1,"featured_media":0,"parent":0,"menu_order":0,"comment_status":"closed","ping_status":"closed","template":"","meta":{"footnotes":""},"class_list":["post-2515","page","type-page","status-publish","hentry"],"yoast_head":"<!-- This site is optimized with the Yoast SEO plugin v24.1 - https:\/\/yoast.com\/wordpress\/plugins\/seo\/ -->\n<title>Demande d&#039;adh\u00e9sion | SPAS\u24c8 Sport et Pr\u00e9vention Formation Suisse<\/title>\n<meta name=\"description\" content=\"Pour devenir membre, veuillez remplir ce formulaire de demande d&#039;adh\u00e9sion. Nous nous r\u00e9jouissons de vous accueillir bient\u00f4t parmi nous en tant que membre.\" \/>\n<meta name=\"robots\" content=\"index, follow, max-snippet:-1, max-image-preview:large, max-video-preview:-1\" \/>\n<link rel=\"canonical\" href=\"https:\/\/spas-s.webhappenings.ch\/fr\/demande-dadhesion\/\" \/>\n<meta property=\"og:locale\" content=\"fr_FR\" \/>\n<meta property=\"og:type\" content=\"article\" \/>\n<meta property=\"og:title\" content=\"Demande d&#039;adh\u00e9sion | SPAS\u24c8 Sport et Pr\u00e9vention Formation Suisse\" \/>\n<meta property=\"og:description\" content=\"Pour devenir membre, veuillez remplir ce formulaire de demande d&#039;adh\u00e9sion. Nous nous r\u00e9jouissons de vous accueillir bient\u00f4t parmi nous en tant que membre.\" \/>\n<meta property=\"og:url\" content=\"https:\/\/spas-s.webhappenings.ch\/fr\/demande-dadhesion\/\" \/>\n<meta property=\"og:site_name\" content=\"SPAS-S Sport und Pr\u00e4vention Ausbildung Schweiz\" \/>\n<meta property=\"article:modified_time\" content=\"2021-12-11T14:14:30+00:00\" \/>\n<meta name=\"twitter:card\" content=\"summary_large_image\" \/>\n<script type=\"application\/ld+json\" class=\"yoast-schema-graph\">{\"@context\":\"https:\/\/schema.org\",\"@graph\":[{\"@type\":\"WebPage\",\"@id\":\"https:\/\/spas-s.webhappenings.ch\/fr\/demande-dadhesion\/\",\"url\":\"https:\/\/spas-s.webhappenings.ch\/fr\/demande-dadhesion\/\",\"name\":\"Demande d'adh\u00e9sion | SPAS\u24c8 Sport et Pr\u00e9vention Formation Suisse\",\"isPartOf\":{\"@id\":\"https:\/\/spas-s.webhappenings.ch\/fr\/#website\"},\"datePublished\":\"2021-12-01T16:55:23+00:00\",\"dateModified\":\"2021-12-11T14:14:30+00:00\",\"description\":\"Pour devenir membre, veuillez remplir ce formulaire de demande d'adh\u00e9sion. Nous nous r\u00e9jouissons de vous accueillir bient\u00f4t parmi nous en tant que membre.\",\"breadcrumb\":{\"@id\":\"https:\/\/spas-s.webhappenings.ch\/fr\/demande-dadhesion\/#breadcrumb\"},\"inLanguage\":\"fr-FR\",\"potentialAction\":[{\"@type\":\"ReadAction\",\"target\":[\"https:\/\/spas-s.webhappenings.ch\/fr\/demande-dadhesion\/\"]}]},{\"@type\":\"BreadcrumbList\",\"@id\":\"https:\/\/spas-s.webhappenings.ch\/fr\/demande-dadhesion\/#breadcrumb\",\"itemListElement\":[{\"@type\":\"ListItem\",\"position\":1,\"name\":\"Startseite\",\"item\":\"https:\/\/spas-s.webhappenings.ch\/fr\/\"},{\"@type\":\"ListItem\",\"position\":2,\"name\":\"Demande d&rsquo;adh\u00e9sion\"}]},{\"@type\":\"WebSite\",\"@id\":\"https:\/\/spas-s.webhappenings.ch\/fr\/#website\",\"url\":\"https:\/\/spas-s.webhappenings.ch\/fr\/\",\"name\":\"SPAS-S Sport und Pr\u00e4vention Ausbildung Schweiz\",\"description\":\"Weil Bewegung Leben ist\",\"publisher\":{\"@id\":\"https:\/\/spas-s.webhappenings.ch\/fr\/#organization\"},\"potentialAction\":[{\"@type\":\"SearchAction\",\"target\":{\"@type\":\"EntryPoint\",\"urlTemplate\":\"https:\/\/spas-s.webhappenings.ch\/fr\/?s={search_term_string}\"},\"query-input\":{\"@type\":\"PropertyValueSpecification\",\"valueRequired\":true,\"valueName\":\"search_term_string\"}}],\"inLanguage\":\"fr-FR\"},{\"@type\":\"Organization\",\"@id\":\"https:\/\/spas-s.webhappenings.ch\/fr\/#organization\",\"name\":\"SPAS-S Sport und Pr\u00e4vention Ausbildung Schweiz\",\"url\":\"https:\/\/spas-s.webhappenings.ch\/fr\/\",\"logo\":{\"@type\":\"ImageObject\",\"inLanguage\":\"fr-FR\",\"@id\":\"https:\/\/spas-s.webhappenings.ch\/fr\/#\/schema\/logo\/image\/\",\"url\":\"https:\/\/spas-s.webhappenings.ch\/wp-content\/uploads\/SPAS-s_Logo_DE.png\",\"contentUrl\":\"https:\/\/spas-s.webhappenings.ch\/wp-content\/uploads\/SPAS-s_Logo_DE.png\",\"width\":144,\"height\":204,\"caption\":\"SPAS-S Sport und Pr\u00e4vention Ausbildung Schweiz\"},\"image\":{\"@id\":\"https:\/\/spas-s.webhappenings.ch\/fr\/#\/schema\/logo\/image\/\"}}]}<\/script>\n<!-- \/ Yoast SEO plugin. -->","yoast_head_json":{"title":"Demande d'adh\u00e9sion | SPAS\u24c8 Sport et Pr\u00e9vention Formation Suisse","description":"Pour devenir membre, veuillez remplir ce formulaire de demande d'adh\u00e9sion. Nous nous r\u00e9jouissons de vous accueillir bient\u00f4t parmi nous en tant que membre.","robots":{"index":"index","follow":"follow","max-snippet":"max-snippet:-1","max-image-preview":"max-image-preview:large","max-video-preview":"max-video-preview:-1"},"canonical":"https:\/\/spas-s.webhappenings.ch\/fr\/demande-dadhesion\/","og_locale":"fr_FR","og_type":"article","og_title":"Demande d'adh\u00e9sion | SPAS\u24c8 Sport et Pr\u00e9vention Formation Suisse","og_description":"Pour devenir membre, veuillez remplir ce formulaire de demande d'adh\u00e9sion. Nous nous r\u00e9jouissons de vous accueillir bient\u00f4t parmi nous en tant que membre.","og_url":"https:\/\/spas-s.webhappenings.ch\/fr\/demande-dadhesion\/","og_site_name":"SPAS-S Sport und Pr\u00e4vention Ausbildung Schweiz","article_modified_time":"2021-12-11T14:14:30+00:00","twitter_card":"summary_large_image","schema":{"@context":"https:\/\/schema.org","@graph":[{"@type":"WebPage","@id":"https:\/\/spas-s.webhappenings.ch\/fr\/demande-dadhesion\/","url":"https:\/\/spas-s.webhappenings.ch\/fr\/demande-dadhesion\/","name":"Demande d'adh\u00e9sion | SPAS\u24c8 Sport et Pr\u00e9vention Formation Suisse","isPartOf":{"@id":"https:\/\/spas-s.webhappenings.ch\/fr\/#website"},"datePublished":"2021-12-01T16:55:23+00:00","dateModified":"2021-12-11T14:14:30+00:00","description":"Pour devenir membre, veuillez remplir ce formulaire de demande d'adh\u00e9sion. Nous nous r\u00e9jouissons de vous accueillir bient\u00f4t parmi nous en tant que membre.","breadcrumb":{"@id":"https:\/\/spas-s.webhappenings.ch\/fr\/demande-dadhesion\/#breadcrumb"},"inLanguage":"fr-FR","potentialAction":[{"@type":"ReadAction","target":["https:\/\/spas-s.webhappenings.ch\/fr\/demande-dadhesion\/"]}]},{"@type":"BreadcrumbList","@id":"https:\/\/spas-s.webhappenings.ch\/fr\/demande-dadhesion\/#breadcrumb","itemListElement":[{"@type":"ListItem","position":1,"name":"Startseite","item":"https:\/\/spas-s.webhappenings.ch\/fr\/"},{"@type":"ListItem","position":2,"name":"Demande d&rsquo;adh\u00e9sion"}]},{"@type":"WebSite","@id":"https:\/\/spas-s.webhappenings.ch\/fr\/#website","url":"https:\/\/spas-s.webhappenings.ch\/fr\/","name":"SPAS-S Sport und Pr\u00e4vention Ausbildung Schweiz","description":"Weil Bewegung Leben ist","publisher":{"@id":"https:\/\/spas-s.webhappenings.ch\/fr\/#organization"},"potentialAction":[{"@type":"SearchAction","target":{"@type":"EntryPoint","urlTemplate":"https:\/\/spas-s.webhappenings.ch\/fr\/?s={search_term_string}"},"query-input":{"@type":"PropertyValueSpecification","valueRequired":true,"valueName":"search_term_string"}}],"inLanguage":"fr-FR"},{"@type":"Organization","@id":"https:\/\/spas-s.webhappenings.ch\/fr\/#organization","name":"SPAS-S Sport und Pr\u00e4vention Ausbildung Schweiz","url":"https:\/\/spas-s.webhappenings.ch\/fr\/","logo":{"@type":"ImageObject","inLanguage":"fr-FR","@id":"https:\/\/spas-s.webhappenings.ch\/fr\/#\/schema\/logo\/image\/","url":"https:\/\/spas-s.webhappenings.ch\/wp-content\/uploads\/SPAS-s_Logo_DE.png","contentUrl":"https:\/\/spas-s.webhappenings.ch\/wp-content\/uploads\/SPAS-s_Logo_DE.png","width":144,"height":204,"caption":"SPAS-S Sport und Pr\u00e4vention Ausbildung Schweiz"},"image":{"@id":"https:\/\/spas-s.webhappenings.ch\/fr\/#\/schema\/logo\/image\/"}}]}},"_links":{"self":[{"href":"https:\/\/spas-s.webhappenings.ch\/fr\/wp-json\/wp\/v2\/pages\/2515","targetHints":{"allow":["GET"]}}],"collection":[{"href":"https:\/\/spas-s.webhappenings.ch\/fr\/wp-json\/wp\/v2\/pages"}],"about":[{"href":"https:\/\/spas-s.webhappenings.ch\/fr\/wp-json\/wp\/v2\/types\/page"}],"author":[{"embeddable":true,"href":"https:\/\/spas-s.webhappenings.ch\/fr\/wp-json\/wp\/v2\/users\/1"}],"replies":[{"embeddable":true,"href":"https:\/\/spas-s.webhappenings.ch\/fr\/wp-json\/wp\/v2\/comments?post=2515"}],"version-history":[{"count":0,"href":"https:\/\/spas-s.webhappenings.ch\/fr\/wp-json\/wp\/v2\/pages\/2515\/revisions"}],"wp:attachment":[{"href":"https:\/\/spas-s.webhappenings.ch\/fr\/wp-json\/wp\/v2\/media?parent=2515"}],"curies":[{"name":"wp","href":"https:\/\/api.w.org\/{rel}","templated":true}]}}