{"id":2501,"date":"2021-12-01T10:55:22","date_gmt":"2021-12-01T09:55:22","guid":{"rendered":"https:\/\/spas-s.webhappenings.ch\/devenir-membre\/"},"modified":"2021-12-14T13:00:00","modified_gmt":"2021-12-14T12:00:00","slug":"devenir-membre","status":"publish","type":"page","link":"https:\/\/spas-s.webhappenings.ch\/fr\/devenir-membre\/","title":{"rendered":"Devenir membre"},"content":{"rendered":"\n<h1>\n\t\tAdh\u00e9sion SPAS<sup>\u24c8<\/sup>\n\t<\/h1>\n\t\t\t<a href=\"https:\/\/spas-s.webhappenings.ch\/fr\/contact\/\" target=\"_self\" rel=\"noopener\">\n\t\t\t\t\t\t\t\tContact\t\t\t\t\t\t\t\n\t\t\t\t\t\t<\/a>\n\t\t<h2>\n\t\tCela vaut la peine d&rsquo;\u00eatre membre de SPAS<sup>\u24c8<\/sup>!\n\t<\/h2>\n\t<p>En tant que membre, vous b\u00e9n\u00e9ficiez de diff\u00e9rents avantages, de r\u00e9ductions et d&rsquo;offres sp\u00e9ciales.<\/p>\n\t\t<h3>Publication dans notre annuaire des membres sur le site Internet de SPAS<sup>\u24c8<\/sup><\/h3>\t\t\n\t\t<h3>Informations sur les \u00e9v\u00e9nements, les formations continues<\/h3>\t\t\n\t\t<h3>Offres sp\u00e9ciales de partenaires uniquement pour les membres<\/h3>\t\t\n\t\t<h3>CHF 100.- de r\u00e9duction pour les r\u00e9servations de vacances actives \u00e0 l&rsquo;\u00eele d&rsquo;Elbe avec TOSCATOURS.CH <\/h3>\t\t\n\t\t<h3>Sur demande : assurance responsabilit\u00e9 civile pour l&rsquo;activit\u00e9 de moniteur de nordic walking, de ski de fond, de course \u00e0 pied, de cyclisme et de Vitalit\u00e9-Coaching \u00e0 titre accessoire<\/h3>\t\t\n\t\t<h3>Instructeur\u00b7trice mise en relation avec des partenaires, des sponsors, des organisateurs et des h\u00f4tels<\/h3>\t\t\n\t\t<h3>Informations pour les professionnels : Nouveaut\u00e9s et informations utiles sur l&rsquo;activit\u00e9 physique et la vitalit\u00e9<\/h3>\t\t\n\t\t<h3>R\u00e9duction de prix pour les formations continues <sup>\u24c8<\/sup><\/h3>\t\t\n\t\t<h3>Possibilit\u00e9 de commander des b\u00e2tons de Nordic Walking \u00e0 prix r\u00e9duit<\/h3>\t\t\n\t\t<h3>Possibilit\u00e9 de certification chez EMfit<\/h3>\t\t\n<h2>\n\t\tDevenez membre de SPAS<sup>\u24c8<\/sup>\n\t<\/h2>\n\t<p>Avec ou sans assurance? Vous avez le choix.<\/p>\n<p>&nbsp;<\/p>\n\t\t\t\t\t<h2>Adh\u00e9sion \u00e0 SPAS<sup>\u24c8<\/sup> SANS assurance<\/h2> CHF 109.- par ann\u00e9e<ul role=\"list\"><li role=\"listitem\">Publication<\/li><li role=\"listitem\">M\u00e9diation<\/li><li role=\"listitem\">Informations sur les \u00e9v\u00e9nements<\/li><li role=\"listitem\">Informations professionnelles<\/li><li role=\"listitem\">R\u00e9duction de prix sur les formations continues SPAS<sup>&#x24c8;<\/sup><\/li><li role=\"listitem\">CHF 100.- de rabais TOSCATOURS.CH<\/li><li role=\"listitem\">R\u00e9ductions sur les commandes de mat\u00e9riel<\/li><li role=\"listitem\">Offres sp\u00e9ciales de partenaires<\/li><li role=\"listitem\">Certification EMfit possible<\/li><li role=\"listitem\">.<\/li><\/ul>\n\t\t\t<a href=\"https:\/\/spas-s.webhappenings.ch\/fr\/demande-dadhesion\/\" target=\"_self\" role=\"button\" rel=\"noopener\">\n\t\t\t\t\t\t\tDevenir membre\n\t\t\t<\/a>\n\t\t\t\t\t<h2>Adh\u00e9sion \u00e0 SPAS<sup>\u24c8<\/sup> AVEC assurance<\/h2> CHF 129.- par ann\u00e9e<ul role=\"list\"><li role=\"listitem\">Publication<\/li><li role=\"listitem\">M\u00e9diation<\/li><li role=\"listitem\">Informations sur les \u00e9v\u00e9nements<\/li><li role=\"listitem\">Informations professionnelles<\/li><li role=\"listitem\">R\u00e9duction de prix sur les formations continues SPAS<sup>&#x24c8;<\/sup><\/li><li role=\"listitem\">CHF 100.- de rabais TOSCATOURS.CH<\/li><li role=\"listitem\">R\u00e9ductions sur les commandes de mat\u00e9riel<\/li><li role=\"listitem\">Offres sp\u00e9ciales des partenaires<\/li><li role=\"listitem\">Certification EMfit possible<\/li><li role=\"listitem\">Assurance responsabilit\u00e9 civile<\/li><\/ul>\n\t\t\t<a href=\"https:\/\/spas-s.webhappenings.ch\/fr\/demande-dadhesion\/\" target=\"_self\" role=\"button\" rel=\"noopener\">\n\t\t\t\t\t\tDevenir membre\n\t\t\t\t\t<\/a>\n\n","protected":false},"excerpt":{"rendered":"<p>Adh\u00e9sion SPAS\u24c8 Contact Cela vaut la peine d&rsquo;\u00eatre membre de SPAS\u24c8! En tant que membre, vous b\u00e9n\u00e9ficiez de diff\u00e9rents avantages, de r\u00e9ductions et d&rsquo;offres sp\u00e9ciales. Publication dans notre annuaire des&hellip;<\/p>\n","protected":false},"author":1,"featured_media":0,"parent":0,"menu_order":0,"comment_status":"closed","ping_status":"closed","template":"","meta":{"footnotes":""},"class_list":["post-2501","page","type-page","status-publish","hentry"],"yoast_head":"<!-- This site is optimized with the Yoast SEO plugin v24.1 - https:\/\/yoast.com\/wordpress\/plugins\/seo\/ -->\n<title>Devenir membre | SPAS\u24c8 Sport et Pr\u00e9vention Formation Suisse<\/title>\n<meta name=\"description\" content=\"Cela vaut la peine d&#039;\u00eatre membre de SPAS\u24c8! R\u00e9duction sur les formations continues Offres sp\u00e9ciales des partenaires\" \/>\n<meta name=\"robots\" content=\"index, follow, max-snippet:-1, max-image-preview:large, max-video-preview:-1\" \/>\n<link rel=\"canonical\" href=\"https:\/\/spas-s.webhappenings.ch\/fr\/devenir-membre\/\" \/>\n<meta property=\"og:locale\" content=\"fr_FR\" \/>\n<meta property=\"og:type\" content=\"article\" \/>\n<meta property=\"og:title\" content=\"Devenir membre | SPAS\u24c8 Sport et Pr\u00e9vention Formation Suisse\" \/>\n<meta property=\"og:description\" content=\"Cela vaut la peine d&#039;\u00eatre membre de SPAS\u24c8! R\u00e9duction sur les formations continues Offres sp\u00e9ciales des partenaires\" \/>\n<meta property=\"og:url\" content=\"https:\/\/spas-s.webhappenings.ch\/fr\/devenir-membre\/\" \/>\n<meta property=\"og:site_name\" content=\"SPAS-S Sport und Pr\u00e4vention Ausbildung Schweiz\" \/>\n<meta property=\"article:modified_time\" content=\"2021-12-14T12:00:00+00:00\" \/>\n<meta name=\"twitter:card\" content=\"summary_large_image\" \/>\n<meta name=\"twitter:label1\" content=\"Dur\u00e9e de lecture estim\u00e9e\" \/>\n\t<meta name=\"twitter:data1\" content=\"1 minute\" \/>\n<script type=\"application\/ld+json\" class=\"yoast-schema-graph\">{\"@context\":\"https:\/\/schema.org\",\"@graph\":[{\"@type\":\"WebPage\",\"@id\":\"https:\/\/spas-s.webhappenings.ch\/fr\/devenir-membre\/\",\"url\":\"https:\/\/spas-s.webhappenings.ch\/fr\/devenir-membre\/\",\"name\":\"Devenir membre | SPAS\u24c8 Sport et Pr\u00e9vention Formation Suisse\",\"isPartOf\":{\"@id\":\"https:\/\/spas-s.webhappenings.ch\/fr\/#website\"},\"datePublished\":\"2021-12-01T09:55:22+00:00\",\"dateModified\":\"2021-12-14T12:00:00+00:00\",\"description\":\"Cela vaut la peine d'\u00eatre membre de SPAS\u24c8! R\u00e9duction sur les formations continues Offres sp\u00e9ciales des partenaires\",\"breadcrumb\":{\"@id\":\"https:\/\/spas-s.webhappenings.ch\/fr\/devenir-membre\/#breadcrumb\"},\"inLanguage\":\"fr-FR\",\"potentialAction\":[{\"@type\":\"ReadAction\",\"target\":[\"https:\/\/spas-s.webhappenings.ch\/fr\/devenir-membre\/\"]}]},{\"@type\":\"BreadcrumbList\",\"@id\":\"https:\/\/spas-s.webhappenings.ch\/fr\/devenir-membre\/#breadcrumb\",\"itemListElement\":[{\"@type\":\"ListItem\",\"position\":1,\"name\":\"Startseite\",\"item\":\"https:\/\/spas-s.webhappenings.ch\/fr\/\"},{\"@type\":\"ListItem\",\"position\":2,\"name\":\"Devenir membre\"}]},{\"@type\":\"WebSite\",\"@id\":\"https:\/\/spas-s.webhappenings.ch\/fr\/#website\",\"url\":\"https:\/\/spas-s.webhappenings.ch\/fr\/\",\"name\":\"SPAS-S Sport und Pr\u00e4vention Ausbildung Schweiz\",\"description\":\"Weil Bewegung Leben ist\",\"publisher\":{\"@id\":\"https:\/\/spas-s.webhappenings.ch\/fr\/#organization\"},\"potentialAction\":[{\"@type\":\"SearchAction\",\"target\":{\"@type\":\"EntryPoint\",\"urlTemplate\":\"https:\/\/spas-s.webhappenings.ch\/fr\/?s={search_term_string}\"},\"query-input\":{\"@type\":\"PropertyValueSpecification\",\"valueRequired\":true,\"valueName\":\"search_term_string\"}}],\"inLanguage\":\"fr-FR\"},{\"@type\":\"Organization\",\"@id\":\"https:\/\/spas-s.webhappenings.ch\/fr\/#organization\",\"name\":\"SPAS-S Sport und Pr\u00e4vention Ausbildung Schweiz\",\"url\":\"https:\/\/spas-s.webhappenings.ch\/fr\/\",\"logo\":{\"@type\":\"ImageObject\",\"inLanguage\":\"fr-FR\",\"@id\":\"https:\/\/spas-s.webhappenings.ch\/fr\/#\/schema\/logo\/image\/\",\"url\":\"https:\/\/spas-s.webhappenings.ch\/wp-content\/uploads\/SPAS-s_Logo_DE.png\",\"contentUrl\":\"https:\/\/spas-s.webhappenings.ch\/wp-content\/uploads\/SPAS-s_Logo_DE.png\",\"width\":144,\"height\":204,\"caption\":\"SPAS-S Sport und Pr\u00e4vention Ausbildung Schweiz\"},\"image\":{\"@id\":\"https:\/\/spas-s.webhappenings.ch\/fr\/#\/schema\/logo\/image\/\"}}]}<\/script>\n<!-- \/ Yoast SEO plugin. -->","yoast_head_json":{"title":"Devenir membre | SPAS\u24c8 Sport et Pr\u00e9vention Formation Suisse","description":"Cela vaut la peine d'\u00eatre membre de SPAS\u24c8! R\u00e9duction sur les formations continues Offres sp\u00e9ciales des partenaires","robots":{"index":"index","follow":"follow","max-snippet":"max-snippet:-1","max-image-preview":"max-image-preview:large","max-video-preview":"max-video-preview:-1"},"canonical":"https:\/\/spas-s.webhappenings.ch\/fr\/devenir-membre\/","og_locale":"fr_FR","og_type":"article","og_title":"Devenir membre | SPAS\u24c8 Sport et Pr\u00e9vention Formation Suisse","og_description":"Cela vaut la peine d'\u00eatre membre de SPAS\u24c8! R\u00e9duction sur les formations continues Offres sp\u00e9ciales des partenaires","og_url":"https:\/\/spas-s.webhappenings.ch\/fr\/devenir-membre\/","og_site_name":"SPAS-S Sport und Pr\u00e4vention Ausbildung Schweiz","article_modified_time":"2021-12-14T12:00:00+00:00","twitter_card":"summary_large_image","twitter_misc":{"Dur\u00e9e de lecture estim\u00e9e":"1 minute"},"schema":{"@context":"https:\/\/schema.org","@graph":[{"@type":"WebPage","@id":"https:\/\/spas-s.webhappenings.ch\/fr\/devenir-membre\/","url":"https:\/\/spas-s.webhappenings.ch\/fr\/devenir-membre\/","name":"Devenir membre | SPAS\u24c8 Sport et Pr\u00e9vention Formation Suisse","isPartOf":{"@id":"https:\/\/spas-s.webhappenings.ch\/fr\/#website"},"datePublished":"2021-12-01T09:55:22+00:00","dateModified":"2021-12-14T12:00:00+00:00","description":"Cela vaut la peine d'\u00eatre membre de SPAS\u24c8! R\u00e9duction sur les formations continues Offres sp\u00e9ciales des partenaires","breadcrumb":{"@id":"https:\/\/spas-s.webhappenings.ch\/fr\/devenir-membre\/#breadcrumb"},"inLanguage":"fr-FR","potentialAction":[{"@type":"ReadAction","target":["https:\/\/spas-s.webhappenings.ch\/fr\/devenir-membre\/"]}]},{"@type":"BreadcrumbList","@id":"https:\/\/spas-s.webhappenings.ch\/fr\/devenir-membre\/#breadcrumb","itemListElement":[{"@type":"ListItem","position":1,"name":"Startseite","item":"https:\/\/spas-s.webhappenings.ch\/fr\/"},{"@type":"ListItem","position":2,"name":"Devenir membre"}]},{"@type":"WebSite","@id":"https:\/\/spas-s.webhappenings.ch\/fr\/#website","url":"https:\/\/spas-s.webhappenings.ch\/fr\/","name":"SPAS-S Sport und Pr\u00e4vention Ausbildung Schweiz","description":"Weil Bewegung Leben ist","publisher":{"@id":"https:\/\/spas-s.webhappenings.ch\/fr\/#organization"},"potentialAction":[{"@type":"SearchAction","target":{"@type":"EntryPoint","urlTemplate":"https:\/\/spas-s.webhappenings.ch\/fr\/?s={search_term_string}"},"query-input":{"@type":"PropertyValueSpecification","valueRequired":true,"valueName":"search_term_string"}}],"inLanguage":"fr-FR"},{"@type":"Organization","@id":"https:\/\/spas-s.webhappenings.ch\/fr\/#organization","name":"SPAS-S Sport und Pr\u00e4vention Ausbildung Schweiz","url":"https:\/\/spas-s.webhappenings.ch\/fr\/","logo":{"@type":"ImageObject","inLanguage":"fr-FR","@id":"https:\/\/spas-s.webhappenings.ch\/fr\/#\/schema\/logo\/image\/","url":"https:\/\/spas-s.webhappenings.ch\/wp-content\/uploads\/SPAS-s_Logo_DE.png","contentUrl":"https:\/\/spas-s.webhappenings.ch\/wp-content\/uploads\/SPAS-s_Logo_DE.png","width":144,"height":204,"caption":"SPAS-S Sport und Pr\u00e4vention Ausbildung Schweiz"},"image":{"@id":"https:\/\/spas-s.webhappenings.ch\/fr\/#\/schema\/logo\/image\/"}}]}},"_links":{"self":[{"href":"https:\/\/spas-s.webhappenings.ch\/fr\/wp-json\/wp\/v2\/pages\/2501","targetHints":{"allow":["GET"]}}],"collection":[{"href":"https:\/\/spas-s.webhappenings.ch\/fr\/wp-json\/wp\/v2\/pages"}],"about":[{"href":"https:\/\/spas-s.webhappenings.ch\/fr\/wp-json\/wp\/v2\/types\/page"}],"author":[{"embeddable":true,"href":"https:\/\/spas-s.webhappenings.ch\/fr\/wp-json\/wp\/v2\/users\/1"}],"replies":[{"embeddable":true,"href":"https:\/\/spas-s.webhappenings.ch\/fr\/wp-json\/wp\/v2\/comments?post=2501"}],"version-history":[{"count":0,"href":"https:\/\/spas-s.webhappenings.ch\/fr\/wp-json\/wp\/v2\/pages\/2501\/revisions"}],"wp:attachment":[{"href":"https:\/\/spas-s.webhappenings.ch\/fr\/wp-json\/wp\/v2\/media?parent=2501"}],"curies":[{"name":"wp","href":"https:\/\/api.w.org\/{rel}","templated":true}]}}