{"id":2499,"date":"2021-12-01T10:05:24","date_gmt":"2021-12-01T09:05:24","guid":{"rendered":"https:\/\/spas-s.webhappenings.ch\/partenaires\/"},"modified":"2021-12-01T10:15:06","modified_gmt":"2021-12-01T09:15:06","slug":"partenaires","status":"publish","type":"page","link":"https:\/\/spas-s.webhappenings.ch\/fr\/partenaires\/","title":{"rendered":"Partenaires"},"content":{"rendered":"\n<h1>\n\t\tPartenaires de SPAS<sup>\u24c8<\/sup>\n\t<\/h1>\n<h2>\n\t\tNos partenaires d&rsquo;\u00e9quipement\n\t<\/h2>\n\t\t\t\t<a href=\"https:\/\/www.leki.com\/de\/\" target=\"_blank\" rel=\"noopener\" itemprop=\"url\">\n\t\t\t\t<img decoding=\"async\" src=\"https:\/\/spas-s.webhappenings.ch\/wp-content\/uploads\/LEKI-Logo.png\" alt=\"Logo LEKI\" title=\"Logo LEKI\" itemprop=\"image\"  \/>\n\t\t\t\t\t\t<\/a>\n\t\t\t\t<a href=\"https:\/\/www.x-bionic.com\/de\/x-socks\" target=\"_blank\" rel=\"noopener\" itemprop=\"url\">\n\t\t\t\t<img decoding=\"async\" src=\"https:\/\/spas-s.webhappenings.ch\/wp-content\/uploads\/RS7927_X-SOCKS_ov30_Swiss_cmyk_deepblack.png\" alt=\"Logo_X-SOCKS\" title=\"Logo_X-SOCKS\" itemprop=\"image\"  \/>\n\t\t\t\t\t\t<\/a>\n\t\t\t\t<a href=\"https:\/\/lowa.ch\/\" target=\"_blank\" rel=\"noopener\" itemprop=\"url\">\n\t\t\t\t<img decoding=\"async\" src=\"https:\/\/spas-s.webhappenings.ch\/wp-content\/uploads\/Logo_Lowa_sm_4c_high.png\" alt=\"Logo_Lowa\" title=\"Logo_Lowa\" itemprop=\"image\"  \/>\n\t\t\t\t\t\t<\/a>\n\t\t\t\t<a href=\"https:\/\/www.gloryfy.ch\/\" target=\"_blank\" rel=\"noopener\" itemprop=\"url\">\n\t\t\t\t<img decoding=\"async\" src=\"https:\/\/spas-s.webhappenings.ch\/wp-content\/uploads\/gloryfy_4c.png\" alt=\"LOGO gloryfy\" title=\"LOGO gloryfy\" itemprop=\"image\"  \/>\n\t\t\t\t\t\t<\/a>\n\t\t\t\t<a href=\"https:\/\/www.loeffler-shop.ch\" target=\"_blank\" rel=\"noopener\" itemprop=\"url\">\n\t\t\t\t<img decoding=\"async\" src=\"https:\/\/spas-s.webhappenings.ch\/wp-content\/uploads\/images-Logo-Loeffler.jpg\" alt=\"Logo-L\u00f6ffler\" title=\"Logo-L\u00f6ffler\" itemprop=\"image\"  \/>\n\t\t\t\t\t\t<\/a>\n\t\t\t\t<a href=\"https:\/\/www.x-bionic.com\/de\/x-socks\" target=\"_blank\" rel=\"noopener\" itemprop=\"url\">\n\t\t\t\t<img decoding=\"async\" src=\"https:\/\/spas-s.webhappenings.ch\/wp-content\/uploads\/Hotel_Victoria_Kandersteg-1.jpg\" alt=\"Hotel Victoria Kandersteg\" title=\"Hotel Victoria Kandersteg\" itemprop=\"image\"  \/>\n\t\t\t\t\t\t<\/a>\n<h2>\n\t\tH\u00f4tel sport et fitness \u00e0 Kandersteg\n\t<\/h2>\n\t<strong>BELLE EPOQUE HOTEL VICTORIA<br \/>\n<\/strong><br \/>\n\u00c4ussere Dorfstrasse 2<br \/>\nCH-3718 Kandersteg\n<p>Tel.: +41 33 675 8000<\/p>\nWeb: <a href=\"https:\/\/www.hotel-victoria.ch\/\" target=\"_blank\" rel=\"noopener\">www.hotel-victoria.ch<\/a><br \/>\nMail:<a href=\"mailto:info@hotel-victoria.ch\"> info@hotel-victoria.ch<\/a>\n<p><strong>En tant que membre du SPAS<sup>\u24c8<\/sup>,vous b\u00e9n\u00e9ficiez d&rsquo;une r\u00e9duction de 10%.<\/strong><\/p>\n\n\t\t\t\t<img decoding=\"async\" src=\"https:\/\/spas-s.webhappenings.ch\/wp-content\/uploads\/bb-plugin\/cache\/Team-6-1-circle.jpg\" alt=\"Spas Team\" title=\"Spas Team\" itemprop=\"image\"  \/>\n<h2>\n\t\tVous souhaitez devenir partenaire de SPAS <sup>\u24c8<\/sup>?\n\t<\/h2>\n\t\t\t<a href=\"https:\/\/spas-s.webhappenings.ch\/fr\/contact\/\" target=\"_self\" rel=\"noopener\">\n\t\t\t\t\t\t\t\tContact\t\t\t\t\t\t\t\n\t\t\t\t\t\t<\/a>\n\t\t\n","protected":false},"excerpt":{"rendered":"<p>Partenaires de SPAS\u24c8 Nos partenaires d&rsquo;\u00e9quipement H\u00f4tel sport et fitness \u00e0 Kandersteg BELLE EPOQUE HOTEL VICTORIA \u00c4ussere Dorfstrasse 2 CH-3718 Kandersteg Tel.: +41 33 675 8000 Web: www.hotel-victoria.ch Mail: info@hotel-victoria.ch&hellip;<\/p>\n","protected":false},"author":1,"featured_media":0,"parent":0,"menu_order":0,"comment_status":"closed","ping_status":"closed","template":"","meta":{"footnotes":""},"class_list":["post-2499","page","type-page","status-publish","hentry"],"yoast_head":"<!-- This site is optimized with the Yoast SEO plugin v24.1 - https:\/\/yoast.com\/wordpress\/plugins\/seo\/ -->\n<title>Partenaires | SPAS\u24c8 Sport Pr\u00e9vention FormAtion Suisse<\/title>\n<meta name=\"description\" content=\"Nous entretenons des contacts \u00e9troits avec nos partenaires et diverses institutions dans toute la Suisse et attachons une grande importance \u00e0 une bonne et longue collaboration.\" \/>\n<meta name=\"robots\" content=\"index, follow, max-snippet:-1, max-image-preview:large, max-video-preview:-1\" \/>\n<link rel=\"canonical\" href=\"https:\/\/spas-s.webhappenings.ch\/fr\/partenaires\/\" \/>\n<meta property=\"og:locale\" content=\"fr_FR\" \/>\n<meta property=\"og:type\" content=\"article\" \/>\n<meta property=\"og:title\" content=\"Partenaires | SPAS\u24c8 Sport Pr\u00e9vention FormAtion Suisse\" \/>\n<meta property=\"og:description\" content=\"Nous entretenons des contacts \u00e9troits avec nos partenaires et diverses institutions dans toute la Suisse et attachons une grande importance \u00e0 une bonne et longue collaboration.\" \/>\n<meta property=\"og:url\" content=\"https:\/\/spas-s.webhappenings.ch\/fr\/partenaires\/\" \/>\n<meta property=\"og:site_name\" content=\"SPAS-S Sport und Pr\u00e4vention Ausbildung Schweiz\" \/>\n<meta property=\"article:modified_time\" content=\"2021-12-01T09:15:06+00:00\" \/>\n<meta property=\"og:image\" content=\"https:\/\/spas-s.webhappenings.ch\/wp-content\/uploads\/LEKI-Logo.png\" \/>\n<meta name=\"twitter:card\" content=\"summary_large_image\" \/>\n<script type=\"application\/ld+json\" class=\"yoast-schema-graph\">{\"@context\":\"https:\/\/schema.org\",\"@graph\":[{\"@type\":\"WebPage\",\"@id\":\"https:\/\/spas-s.webhappenings.ch\/fr\/partenaires\/\",\"url\":\"https:\/\/spas-s.webhappenings.ch\/fr\/partenaires\/\",\"name\":\"Partenaires | SPAS\u24c8 Sport Pr\u00e9vention FormAtion Suisse\",\"isPartOf\":{\"@id\":\"https:\/\/spas-s.webhappenings.ch\/fr\/#website\"},\"primaryImageOfPage\":{\"@id\":\"https:\/\/spas-s.webhappenings.ch\/fr\/partenaires\/#primaryimage\"},\"image\":{\"@id\":\"https:\/\/spas-s.webhappenings.ch\/fr\/partenaires\/#primaryimage\"},\"thumbnailUrl\":\"https:\/\/spas-s.webhappenings.ch\/wp-content\/uploads\/LEKI-Logo.png\",\"datePublished\":\"2021-12-01T09:05:24+00:00\",\"dateModified\":\"2021-12-01T09:15:06+00:00\",\"description\":\"Nous entretenons des contacts \u00e9troits avec nos partenaires et diverses institutions dans toute la Suisse et attachons une grande importance \u00e0 une bonne et longue collaboration.\",\"breadcrumb\":{\"@id\":\"https:\/\/spas-s.webhappenings.ch\/fr\/partenaires\/#breadcrumb\"},\"inLanguage\":\"fr-FR\",\"potentialAction\":[{\"@type\":\"ReadAction\",\"target\":[\"https:\/\/spas-s.webhappenings.ch\/fr\/partenaires\/\"]}]},{\"@type\":\"ImageObject\",\"inLanguage\":\"fr-FR\",\"@id\":\"https:\/\/spas-s.webhappenings.ch\/fr\/partenaires\/#primaryimage\",\"url\":\"https:\/\/spas-s.webhappenings.ch\/wp-content\/uploads\/LEKI-Logo.png\",\"contentUrl\":\"https:\/\/spas-s.webhappenings.ch\/wp-content\/uploads\/LEKI-Logo.png\"},{\"@type\":\"BreadcrumbList\",\"@id\":\"https:\/\/spas-s.webhappenings.ch\/fr\/partenaires\/#breadcrumb\",\"itemListElement\":[{\"@type\":\"ListItem\",\"position\":1,\"name\":\"Startseite\",\"item\":\"https:\/\/spas-s.webhappenings.ch\/fr\/\"},{\"@type\":\"ListItem\",\"position\":2,\"name\":\"Partenaires\"}]},{\"@type\":\"WebSite\",\"@id\":\"https:\/\/spas-s.webhappenings.ch\/fr\/#website\",\"url\":\"https:\/\/spas-s.webhappenings.ch\/fr\/\",\"name\":\"SPAS-S Sport und Pr\u00e4vention Ausbildung Schweiz\",\"description\":\"Weil Bewegung Leben ist\",\"publisher\":{\"@id\":\"https:\/\/spas-s.webhappenings.ch\/fr\/#organization\"},\"potentialAction\":[{\"@type\":\"SearchAction\",\"target\":{\"@type\":\"EntryPoint\",\"urlTemplate\":\"https:\/\/spas-s.webhappenings.ch\/fr\/?s={search_term_string}\"},\"query-input\":{\"@type\":\"PropertyValueSpecification\",\"valueRequired\":true,\"valueName\":\"search_term_string\"}}],\"inLanguage\":\"fr-FR\"},{\"@type\":\"Organization\",\"@id\":\"https:\/\/spas-s.webhappenings.ch\/fr\/#organization\",\"name\":\"SPAS-S Sport und Pr\u00e4vention Ausbildung Schweiz\",\"url\":\"https:\/\/spas-s.webhappenings.ch\/fr\/\",\"logo\":{\"@type\":\"ImageObject\",\"inLanguage\":\"fr-FR\",\"@id\":\"https:\/\/spas-s.webhappenings.ch\/fr\/#\/schema\/logo\/image\/\",\"url\":\"https:\/\/spas-s.webhappenings.ch\/wp-content\/uploads\/SPAS-s_Logo_DE.png\",\"contentUrl\":\"https:\/\/spas-s.webhappenings.ch\/wp-content\/uploads\/SPAS-s_Logo_DE.png\",\"width\":144,\"height\":204,\"caption\":\"SPAS-S Sport und Pr\u00e4vention Ausbildung Schweiz\"},\"image\":{\"@id\":\"https:\/\/spas-s.webhappenings.ch\/fr\/#\/schema\/logo\/image\/\"}}]}<\/script>\n<!-- \/ Yoast SEO plugin. -->","yoast_head_json":{"title":"Partenaires | SPAS\u24c8 Sport Pr\u00e9vention FormAtion Suisse","description":"Nous entretenons des contacts \u00e9troits avec nos partenaires et diverses institutions dans toute la Suisse et attachons une grande importance \u00e0 une bonne et longue collaboration.","robots":{"index":"index","follow":"follow","max-snippet":"max-snippet:-1","max-image-preview":"max-image-preview:large","max-video-preview":"max-video-preview:-1"},"canonical":"https:\/\/spas-s.webhappenings.ch\/fr\/partenaires\/","og_locale":"fr_FR","og_type":"article","og_title":"Partenaires | SPAS\u24c8 Sport Pr\u00e9vention FormAtion Suisse","og_description":"Nous entretenons des contacts \u00e9troits avec nos partenaires et diverses institutions dans toute la Suisse et attachons une grande importance \u00e0 une bonne et longue collaboration.","og_url":"https:\/\/spas-s.webhappenings.ch\/fr\/partenaires\/","og_site_name":"SPAS-S Sport und Pr\u00e4vention Ausbildung Schweiz","article_modified_time":"2021-12-01T09:15:06+00:00","og_image":[{"url":"https:\/\/spas-s.webhappenings.ch\/wp-content\/uploads\/LEKI-Logo.png","type":"","width":"","height":""}],"twitter_card":"summary_large_image","schema":{"@context":"https:\/\/schema.org","@graph":[{"@type":"WebPage","@id":"https:\/\/spas-s.webhappenings.ch\/fr\/partenaires\/","url":"https:\/\/spas-s.webhappenings.ch\/fr\/partenaires\/","name":"Partenaires | SPAS\u24c8 Sport Pr\u00e9vention FormAtion Suisse","isPartOf":{"@id":"https:\/\/spas-s.webhappenings.ch\/fr\/#website"},"primaryImageOfPage":{"@id":"https:\/\/spas-s.webhappenings.ch\/fr\/partenaires\/#primaryimage"},"image":{"@id":"https:\/\/spas-s.webhappenings.ch\/fr\/partenaires\/#primaryimage"},"thumbnailUrl":"https:\/\/spas-s.webhappenings.ch\/wp-content\/uploads\/LEKI-Logo.png","datePublished":"2021-12-01T09:05:24+00:00","dateModified":"2021-12-01T09:15:06+00:00","description":"Nous entretenons des contacts \u00e9troits avec nos partenaires et diverses institutions dans toute la Suisse et attachons une grande importance \u00e0 une bonne et longue collaboration.","breadcrumb":{"@id":"https:\/\/spas-s.webhappenings.ch\/fr\/partenaires\/#breadcrumb"},"inLanguage":"fr-FR","potentialAction":[{"@type":"ReadAction","target":["https:\/\/spas-s.webhappenings.ch\/fr\/partenaires\/"]}]},{"@type":"ImageObject","inLanguage":"fr-FR","@id":"https:\/\/spas-s.webhappenings.ch\/fr\/partenaires\/#primaryimage","url":"https:\/\/spas-s.webhappenings.ch\/wp-content\/uploads\/LEKI-Logo.png","contentUrl":"https:\/\/spas-s.webhappenings.ch\/wp-content\/uploads\/LEKI-Logo.png"},{"@type":"BreadcrumbList","@id":"https:\/\/spas-s.webhappenings.ch\/fr\/partenaires\/#breadcrumb","itemListElement":[{"@type":"ListItem","position":1,"name":"Startseite","item":"https:\/\/spas-s.webhappenings.ch\/fr\/"},{"@type":"ListItem","position":2,"name":"Partenaires"}]},{"@type":"WebSite","@id":"https:\/\/spas-s.webhappenings.ch\/fr\/#website","url":"https:\/\/spas-s.webhappenings.ch\/fr\/","name":"SPAS-S Sport und Pr\u00e4vention Ausbildung Schweiz","description":"Weil Bewegung Leben ist","publisher":{"@id":"https:\/\/spas-s.webhappenings.ch\/fr\/#organization"},"potentialAction":[{"@type":"SearchAction","target":{"@type":"EntryPoint","urlTemplate":"https:\/\/spas-s.webhappenings.ch\/fr\/?s={search_term_string}"},"query-input":{"@type":"PropertyValueSpecification","valueRequired":true,"valueName":"search_term_string"}}],"inLanguage":"fr-FR"},{"@type":"Organization","@id":"https:\/\/spas-s.webhappenings.ch\/fr\/#organization","name":"SPAS-S Sport und Pr\u00e4vention Ausbildung Schweiz","url":"https:\/\/spas-s.webhappenings.ch\/fr\/","logo":{"@type":"ImageObject","inLanguage":"fr-FR","@id":"https:\/\/spas-s.webhappenings.ch\/fr\/#\/schema\/logo\/image\/","url":"https:\/\/spas-s.webhappenings.ch\/wp-content\/uploads\/SPAS-s_Logo_DE.png","contentUrl":"https:\/\/spas-s.webhappenings.ch\/wp-content\/uploads\/SPAS-s_Logo_DE.png","width":144,"height":204,"caption":"SPAS-S Sport und Pr\u00e4vention Ausbildung Schweiz"},"image":{"@id":"https:\/\/spas-s.webhappenings.ch\/fr\/#\/schema\/logo\/image\/"}}]}},"_links":{"self":[{"href":"https:\/\/spas-s.webhappenings.ch\/fr\/wp-json\/wp\/v2\/pages\/2499","targetHints":{"allow":["GET"]}}],"collection":[{"href":"https:\/\/spas-s.webhappenings.ch\/fr\/wp-json\/wp\/v2\/pages"}],"about":[{"href":"https:\/\/spas-s.webhappenings.ch\/fr\/wp-json\/wp\/v2\/types\/page"}],"author":[{"embeddable":true,"href":"https:\/\/spas-s.webhappenings.ch\/fr\/wp-json\/wp\/v2\/users\/1"}],"replies":[{"embeddable":true,"href":"https:\/\/spas-s.webhappenings.ch\/fr\/wp-json\/wp\/v2\/comments?post=2499"}],"version-history":[{"count":0,"href":"https:\/\/spas-s.webhappenings.ch\/fr\/wp-json\/wp\/v2\/pages\/2499\/revisions"}],"wp:attachment":[{"href":"https:\/\/spas-s.webhappenings.ch\/fr\/wp-json\/wp\/v2\/media?parent=2499"}],"curies":[{"name":"wp","href":"https:\/\/api.w.org\/{rel}","templated":true}]}}