{"id":2469,"date":"2021-11-26T18:44:20","date_gmt":"2021-11-26T17:44:20","guid":{"rendered":"https:\/\/spas-s.webhappenings.ch\/team-nicole-pfister\/"},"modified":"2021-12-11T16:12:15","modified_gmt":"2021-12-11T15:12:15","slug":"team-nicole-pfister","status":"publish","type":"page","link":"https:\/\/spas-s.webhappenings.ch\/fr\/team-nicole-pfister\/","title":{"rendered":"Team &#8211; Nicole Pfister"},"content":{"rendered":"\n\n\t\t\t\t<img decoding=\"async\" src=\"https:\/\/spas-s.webhappenings.ch\/wp-content\/uploads\/bb-plugin\/cache\/Team-4-circle.jpg\" alt=\"Spas-s Team Nicole Pfister\" title=\"Spas-s Team Nicole Pfister\" itemprop=\"image\"  \/>\n<h2>\n\t\tSalut. Je suis Nicole Pfister.\n\t<\/h2>\n<h2>\n\t\tQu&rsquo;est-ce qui me d\u00e9finit?\n\t<\/h2>\n\t<p>Je suis passionn\u00e9e, entrepreneuse, investie et anim\u00e9e par l&rsquo;envie de partager et de transmettre.<\/p>\n<p>&nbsp;<\/p>\n<h2>\n\t\tPourquoi suis-je formatrice \u00e0 SPAS<sup>\u24c8<\/sup>?\n\t<\/h2>\n\t<p>Le sport et la pr\u00e9vention sont mes domaines de pr\u00e9dilection et je partage la vision d&rsquo;une approche holistique dans les formations de SPAS<sup>\u24c8<\/sup>.<\/p>\n<p>En tant que formatrice chez SPAS<sup>\u24c8<\/sup>, je peux transmettre mes connaissances et ma passion de mani\u00e8re professionnelle \u00e0 d&rsquo;autres enseignants. Gr\u00e2ce \u00e0 diff\u00e9rentes rencontres sur mon parcours, il m&rsquo;est donc apparu comme une \u00e9vidence de devenir formatrice en 2017, d&rsquo;abord aupr\u00e8s de SNO, puis de SPAS<sup>\u24c8<\/sup>, avec la reprise de l&rsquo;organisation en janvier 2021.<\/p>\n<h2>\n\t\tCe qui me fascine dans SPAS<sup>\u24c8<\/sup>?\n\t<\/h2>\n\t<p>Chez SPAS<sup>\u24c8 <\/sup> , nous avons la possibilit\u00e9 d&rsquo;enseigner sous le label esa, ce qui constitue une v\u00e9ritable garantie de qualit\u00e9 dans le secteur de la formation. En outre, la formation de base et continue accorde une grande importance au d\u00e9veloppement de la personnalit\u00e9 individuelle des moniteur\u00b7trice ainsi qu&rsquo;\u00e0 l&rsquo;interaction entre le corps et l&rsquo;esprit. Ces aspects sont pour moi d&rsquo;une importance fondamentale pour l&rsquo;enseignement. En effet, les coachs peuvent, par leur propre comportement et leurs actions, influencer de mani\u00e8re d\u00e9cisive le d\u00e9veloppement des personnes qu&rsquo;ils accompagnent.<\/p>\n<p>Au sein du team de SPAS<sup>\u24c8 <\/sup> nous avons tous des exp\u00e9riences personnelles et professionnelles diff\u00e9rentes et nous \u00e9changeons r\u00e9guli\u00e8rement. Cela nous permet de nous inspirer mutuellement et de d\u00e9velopper un programme de formation hautement professionnel et dans l&rsquo;air du temps.<\/p>\n\n","protected":false},"excerpt":{"rendered":"<p>Salut. Je suis Nicole Pfister. Qu&rsquo;est-ce qui me d\u00e9finit? Je suis passionn\u00e9e, entrepreneuse, investie et anim\u00e9e par l&rsquo;envie de partager et de transmettre. &nbsp; Pourquoi suis-je formatrice \u00e0 SPAS\u24c8? Le&hellip;<\/p>\n","protected":false},"author":1,"featured_media":0,"parent":0,"menu_order":0,"comment_status":"closed","ping_status":"closed","template":"","meta":{"footnotes":""},"class_list":["post-2469","page","type-page","status-publish","hentry"],"yoast_head":"<!-- This site is optimized with the Yoast SEO plugin v24.1 - https:\/\/yoast.com\/wordpress\/plugins\/seo\/ -->\n<title>SPAS\u24c8 Team - Nicole Pfister | Sport et Pr\u00e9vention Formation Suisse<\/title>\n<meta name=\"description\" content=\"Salut. Je suis Nicole Pfister, experte esa et repr\u00e9sentante de SPAS\u24c8 en Suisse romande.\" \/>\n<meta name=\"robots\" content=\"index, follow, max-snippet:-1, max-image-preview:large, max-video-preview:-1\" \/>\n<link rel=\"canonical\" href=\"https:\/\/spas-s.webhappenings.ch\/fr\/team-nicole-pfister\/\" \/>\n<meta property=\"og:locale\" content=\"fr_FR\" \/>\n<meta property=\"og:type\" content=\"article\" \/>\n<meta property=\"og:title\" content=\"SPAS\u24c8 Team - Nicole Pfister | Sport et Pr\u00e9vention Formation Suisse\" \/>\n<meta property=\"og:description\" content=\"Salut. Je suis Nicole Pfister, experte esa et repr\u00e9sentante de SPAS\u24c8 en Suisse romande.\" \/>\n<meta property=\"og:url\" content=\"https:\/\/spas-s.webhappenings.ch\/fr\/team-nicole-pfister\/\" \/>\n<meta property=\"og:site_name\" content=\"SPAS-S Sport und Pr\u00e4vention Ausbildung Schweiz\" \/>\n<meta property=\"article:modified_time\" content=\"2021-12-11T15:12:15+00:00\" \/>\n<meta property=\"og:image\" content=\"https:\/\/spas-s.webhappenings.ch\/wp-content\/uploads\/bb-plugin\/cache\/Team-4-circle.jpg\" \/>\n<meta name=\"twitter:card\" content=\"summary_large_image\" \/>\n<meta name=\"twitter:label1\" content=\"Dur\u00e9e de lecture estim\u00e9e\" \/>\n\t<meta name=\"twitter:data1\" content=\"1 minute\" \/>\n<script type=\"application\/ld+json\" class=\"yoast-schema-graph\">{\"@context\":\"https:\/\/schema.org\",\"@graph\":[{\"@type\":\"WebPage\",\"@id\":\"https:\/\/spas-s.webhappenings.ch\/fr\/team-nicole-pfister\/\",\"url\":\"https:\/\/spas-s.webhappenings.ch\/fr\/team-nicole-pfister\/\",\"name\":\"SPAS\u24c8 Team - Nicole Pfister | Sport et Pr\u00e9vention Formation Suisse\",\"isPartOf\":{\"@id\":\"https:\/\/spas-s.webhappenings.ch\/fr\/#website\"},\"primaryImageOfPage\":{\"@id\":\"https:\/\/spas-s.webhappenings.ch\/fr\/team-nicole-pfister\/#primaryimage\"},\"image\":{\"@id\":\"https:\/\/spas-s.webhappenings.ch\/fr\/team-nicole-pfister\/#primaryimage\"},\"thumbnailUrl\":\"https:\/\/spas-s.webhappenings.ch\/wp-content\/uploads\/bb-plugin\/cache\/Team-4-circle.jpg\",\"datePublished\":\"2021-11-26T17:44:20+00:00\",\"dateModified\":\"2021-12-11T15:12:15+00:00\",\"description\":\"Salut. Je suis Nicole Pfister, experte esa et repr\u00e9sentante de SPAS\u24c8 en Suisse romande.\",\"breadcrumb\":{\"@id\":\"https:\/\/spas-s.webhappenings.ch\/fr\/team-nicole-pfister\/#breadcrumb\"},\"inLanguage\":\"fr-FR\",\"potentialAction\":[{\"@type\":\"ReadAction\",\"target\":[\"https:\/\/spas-s.webhappenings.ch\/fr\/team-nicole-pfister\/\"]}]},{\"@type\":\"ImageObject\",\"inLanguage\":\"fr-FR\",\"@id\":\"https:\/\/spas-s.webhappenings.ch\/fr\/team-nicole-pfister\/#primaryimage\",\"url\":\"https:\/\/spas-s.webhappenings.ch\/wp-content\/uploads\/bb-plugin\/cache\/Team-4-circle.jpg\",\"contentUrl\":\"https:\/\/spas-s.webhappenings.ch\/wp-content\/uploads\/bb-plugin\/cache\/Team-4-circle.jpg\"},{\"@type\":\"BreadcrumbList\",\"@id\":\"https:\/\/spas-s.webhappenings.ch\/fr\/team-nicole-pfister\/#breadcrumb\",\"itemListElement\":[{\"@type\":\"ListItem\",\"position\":1,\"name\":\"Startseite\",\"item\":\"https:\/\/spas-s.webhappenings.ch\/fr\/\"},{\"@type\":\"ListItem\",\"position\":2,\"name\":\"Team &#8211; Nicole Pfister\"}]},{\"@type\":\"WebSite\",\"@id\":\"https:\/\/spas-s.webhappenings.ch\/fr\/#website\",\"url\":\"https:\/\/spas-s.webhappenings.ch\/fr\/\",\"name\":\"SPAS-S Sport und Pr\u00e4vention Ausbildung Schweiz\",\"description\":\"Weil Bewegung Leben ist\",\"publisher\":{\"@id\":\"https:\/\/spas-s.webhappenings.ch\/fr\/#organization\"},\"potentialAction\":[{\"@type\":\"SearchAction\",\"target\":{\"@type\":\"EntryPoint\",\"urlTemplate\":\"https:\/\/spas-s.webhappenings.ch\/fr\/?s={search_term_string}\"},\"query-input\":{\"@type\":\"PropertyValueSpecification\",\"valueRequired\":true,\"valueName\":\"search_term_string\"}}],\"inLanguage\":\"fr-FR\"},{\"@type\":\"Organization\",\"@id\":\"https:\/\/spas-s.webhappenings.ch\/fr\/#organization\",\"name\":\"SPAS-S Sport und Pr\u00e4vention Ausbildung Schweiz\",\"url\":\"https:\/\/spas-s.webhappenings.ch\/fr\/\",\"logo\":{\"@type\":\"ImageObject\",\"inLanguage\":\"fr-FR\",\"@id\":\"https:\/\/spas-s.webhappenings.ch\/fr\/#\/schema\/logo\/image\/\",\"url\":\"https:\/\/spas-s.webhappenings.ch\/wp-content\/uploads\/SPAS-s_Logo_DE.png\",\"contentUrl\":\"https:\/\/spas-s.webhappenings.ch\/wp-content\/uploads\/SPAS-s_Logo_DE.png\",\"width\":144,\"height\":204,\"caption\":\"SPAS-S Sport und Pr\u00e4vention Ausbildung Schweiz\"},\"image\":{\"@id\":\"https:\/\/spas-s.webhappenings.ch\/fr\/#\/schema\/logo\/image\/\"}}]}<\/script>\n<!-- \/ Yoast SEO plugin. -->","yoast_head_json":{"title":"SPAS\u24c8 Team - Nicole Pfister | Sport et Pr\u00e9vention Formation Suisse","description":"Salut. Je suis Nicole Pfister, experte esa et repr\u00e9sentante de SPAS\u24c8 en Suisse romande.","robots":{"index":"index","follow":"follow","max-snippet":"max-snippet:-1","max-image-preview":"max-image-preview:large","max-video-preview":"max-video-preview:-1"},"canonical":"https:\/\/spas-s.webhappenings.ch\/fr\/team-nicole-pfister\/","og_locale":"fr_FR","og_type":"article","og_title":"SPAS\u24c8 Team - Nicole Pfister | Sport et Pr\u00e9vention Formation Suisse","og_description":"Salut. Je suis Nicole Pfister, experte esa et repr\u00e9sentante de SPAS\u24c8 en Suisse romande.","og_url":"https:\/\/spas-s.webhappenings.ch\/fr\/team-nicole-pfister\/","og_site_name":"SPAS-S Sport und Pr\u00e4vention Ausbildung Schweiz","article_modified_time":"2021-12-11T15:12:15+00:00","og_image":[{"url":"https:\/\/spas-s.webhappenings.ch\/wp-content\/uploads\/bb-plugin\/cache\/Team-4-circle.jpg","type":"","width":"","height":""}],"twitter_card":"summary_large_image","twitter_misc":{"Dur\u00e9e de lecture estim\u00e9e":"1 minute"},"schema":{"@context":"https:\/\/schema.org","@graph":[{"@type":"WebPage","@id":"https:\/\/spas-s.webhappenings.ch\/fr\/team-nicole-pfister\/","url":"https:\/\/spas-s.webhappenings.ch\/fr\/team-nicole-pfister\/","name":"SPAS\u24c8 Team - Nicole Pfister | Sport et Pr\u00e9vention Formation Suisse","isPartOf":{"@id":"https:\/\/spas-s.webhappenings.ch\/fr\/#website"},"primaryImageOfPage":{"@id":"https:\/\/spas-s.webhappenings.ch\/fr\/team-nicole-pfister\/#primaryimage"},"image":{"@id":"https:\/\/spas-s.webhappenings.ch\/fr\/team-nicole-pfister\/#primaryimage"},"thumbnailUrl":"https:\/\/spas-s.webhappenings.ch\/wp-content\/uploads\/bb-plugin\/cache\/Team-4-circle.jpg","datePublished":"2021-11-26T17:44:20+00:00","dateModified":"2021-12-11T15:12:15+00:00","description":"Salut. Je suis Nicole Pfister, experte esa et repr\u00e9sentante de SPAS\u24c8 en Suisse romande.","breadcrumb":{"@id":"https:\/\/spas-s.webhappenings.ch\/fr\/team-nicole-pfister\/#breadcrumb"},"inLanguage":"fr-FR","potentialAction":[{"@type":"ReadAction","target":["https:\/\/spas-s.webhappenings.ch\/fr\/team-nicole-pfister\/"]}]},{"@type":"ImageObject","inLanguage":"fr-FR","@id":"https:\/\/spas-s.webhappenings.ch\/fr\/team-nicole-pfister\/#primaryimage","url":"https:\/\/spas-s.webhappenings.ch\/wp-content\/uploads\/bb-plugin\/cache\/Team-4-circle.jpg","contentUrl":"https:\/\/spas-s.webhappenings.ch\/wp-content\/uploads\/bb-plugin\/cache\/Team-4-circle.jpg"},{"@type":"BreadcrumbList","@id":"https:\/\/spas-s.webhappenings.ch\/fr\/team-nicole-pfister\/#breadcrumb","itemListElement":[{"@type":"ListItem","position":1,"name":"Startseite","item":"https:\/\/spas-s.webhappenings.ch\/fr\/"},{"@type":"ListItem","position":2,"name":"Team &#8211; Nicole Pfister"}]},{"@type":"WebSite","@id":"https:\/\/spas-s.webhappenings.ch\/fr\/#website","url":"https:\/\/spas-s.webhappenings.ch\/fr\/","name":"SPAS-S Sport und Pr\u00e4vention Ausbildung Schweiz","description":"Weil Bewegung Leben ist","publisher":{"@id":"https:\/\/spas-s.webhappenings.ch\/fr\/#organization"},"potentialAction":[{"@type":"SearchAction","target":{"@type":"EntryPoint","urlTemplate":"https:\/\/spas-s.webhappenings.ch\/fr\/?s={search_term_string}"},"query-input":{"@type":"PropertyValueSpecification","valueRequired":true,"valueName":"search_term_string"}}],"inLanguage":"fr-FR"},{"@type":"Organization","@id":"https:\/\/spas-s.webhappenings.ch\/fr\/#organization","name":"SPAS-S Sport und Pr\u00e4vention Ausbildung Schweiz","url":"https:\/\/spas-s.webhappenings.ch\/fr\/","logo":{"@type":"ImageObject","inLanguage":"fr-FR","@id":"https:\/\/spas-s.webhappenings.ch\/fr\/#\/schema\/logo\/image\/","url":"https:\/\/spas-s.webhappenings.ch\/wp-content\/uploads\/SPAS-s_Logo_DE.png","contentUrl":"https:\/\/spas-s.webhappenings.ch\/wp-content\/uploads\/SPAS-s_Logo_DE.png","width":144,"height":204,"caption":"SPAS-S Sport und Pr\u00e4vention Ausbildung Schweiz"},"image":{"@id":"https:\/\/spas-s.webhappenings.ch\/fr\/#\/schema\/logo\/image\/"}}]}},"_links":{"self":[{"href":"https:\/\/spas-s.webhappenings.ch\/fr\/wp-json\/wp\/v2\/pages\/2469","targetHints":{"allow":["GET"]}}],"collection":[{"href":"https:\/\/spas-s.webhappenings.ch\/fr\/wp-json\/wp\/v2\/pages"}],"about":[{"href":"https:\/\/spas-s.webhappenings.ch\/fr\/wp-json\/wp\/v2\/types\/page"}],"author":[{"embeddable":true,"href":"https:\/\/spas-s.webhappenings.ch\/fr\/wp-json\/wp\/v2\/users\/1"}],"replies":[{"embeddable":true,"href":"https:\/\/spas-s.webhappenings.ch\/fr\/wp-json\/wp\/v2\/comments?post=2469"}],"version-history":[{"count":0,"href":"https:\/\/spas-s.webhappenings.ch\/fr\/wp-json\/wp\/v2\/pages\/2469\/revisions"}],"wp:attachment":[{"href":"https:\/\/spas-s.webhappenings.ch\/fr\/wp-json\/wp\/v2\/media?parent=2469"}],"curies":[{"name":"wp","href":"https:\/\/api.w.org\/{rel}","templated":true}]}}