{"id":2467,"date":"2021-11-26T18:14:59","date_gmt":"2021-11-26T17:14:59","guid":{"rendered":"https:\/\/spas-s.webhappenings.ch\/team\/"},"modified":"2021-12-01T13:36:34","modified_gmt":"2021-12-01T12:36:34","slug":"team","status":"publish","type":"page","link":"https:\/\/spas-s.webhappenings.ch\/fr\/team\/","title":{"rendered":"Team"},"content":{"rendered":"\n\n\t\t\t\t<img decoding=\"async\" src=\"https:\/\/spas-s.webhappenings.ch\/wp-content\/uploads\/bb-plugin\/cache\/Team-6-1-circle.jpg\" alt=\"Spas Team\" title=\"Spas Team\" itemprop=\"image\"  \/>\n\t\t\t\t<img loading=\"lazy\" decoding=\"async\" src=\"https:\/\/spas-s.webhappenings.ch\/wp-content\/uploads\/TeamSpass_franz.png\" alt=\"Team SPAS-S_francais\" itemprop=\"image\" height=\"109\" width=\"260\" title=\"TeamSpass_francais\" onerror=\"this.style.display='none'\"  \/>\n<h2>\n\t\tQu&rsquo;est-ce qui me d\u00e9finit?\n\t<\/h2>\n\t<p>Ma pr\u00e9sence constante sur la route: mettre en mouvement des choses, des th\u00e8mes, des projets &#8211; en relation avec des personnes. Rencontrer les gens d&rsquo;\u00e9gal \u00e0 \u00e9gal, sans jugement de valeur, et les accepter tels qu&rsquo;ils sont. Accompagner inconditionnellement les personnes dans l&rsquo;\u00e9panouissement de leur propre individualit\u00e9. Cr\u00e9er l&rsquo;espace n\u00e9cessaire \u00e0 cet effet, en tenant compte et en respectant les liens et les interactions entre le corps, l&rsquo;esprit et le c\u0153ur. Ce sont des valeurs qui me tiennent \u00e0 c\u0153ur &#8211; et \u00e0 chaque nouvelle rencontre, je grandis moi-m\u00eame dans ces valeurs. Jour apr\u00e8s jour.<\/p>\n<h2>\n\t\tPourquoi suis-je formateur \u00e0 SPAS<sup>\u24c8<\/sup>?\n\t<\/h2>\n\t<p>Parce que j&rsquo;enseigne avec plaisir et enthousiasme, que j&rsquo;aime cr\u00e9er de nouvelles choses avec le groupe, que je peux ainsi encourager les gens et transmettre mes connaissances. En outre, j&rsquo;aimerais transmettre lors de la formation des instructeur\u00b7trices, comment l&rsquo;enseignement peut devenir plus simple et plus d\u00e9tendu. En cons\u00e9quence, les rencontres entre enseignants et apprenants peuvent devenir plus fructueuses \u00e0 de nombreux niveaux, et ce, sans v\u00e9ritable effort suppl\u00e9mentaire, bien au contraire, en toute simplicit\u00e9. Mon\/un concept qui peut \u00eatre facilement dupliqu\u00e9 et qui apporte du plaisir (\u00e0 bouger).<\/p>\n<h2>\n\t\tCe qui me fascine dans SPAS<sup>\u24c8<\/sup>?\n\t<\/h2>\n\t<p>Le fait de vivre et d&rsquo;observer comment nous produisons ensemble du plasir et comment nous nous d\u00e9veloppons nous-m\u00eames. Nous sommes en contact permanent avec nos membres, nos partenaires, nos amis et les futurs instructeur\u00b7trices.<\/p>\n\n","protected":false},"excerpt":{"rendered":"<p>Qu&rsquo;est-ce qui me d\u00e9finit? Ma pr\u00e9sence constante sur la route: mettre en mouvement des choses, des th\u00e8mes, des projets &#8211; en relation avec des personnes. Rencontrer les gens d&rsquo;\u00e9gal \u00e0&hellip;<\/p>\n","protected":false},"author":1,"featured_media":0,"parent":0,"menu_order":0,"comment_status":"closed","ping_status":"closed","template":"","meta":{"footnotes":""},"class_list":["post-2467","page","type-page","status-publish","hentry"],"yoast_head":"<!-- This site is optimized with the Yoast SEO plugin v24.1 - https:\/\/yoast.com\/wordpress\/plugins\/seo\/ -->\n<title>SPAS\u24c8Team | Sport et Pr\u00e9vention Formation Suisse<\/title>\n<meta name=\"description\" content=\"SPAS\u24c8 Propri\u00e9taire , Fondateur et propri\u00e9taire de TOSCATOURS.CH S\u00e0rl - Vacances actives \u00e0 l&#039;\u00eele d&#039;Elbe, expert esa\" \/>\n<meta name=\"robots\" content=\"index, follow, max-snippet:-1, max-image-preview:large, max-video-preview:-1\" \/>\n<link rel=\"canonical\" href=\"https:\/\/spas-s.webhappenings.ch\/fr\/team\/\" \/>\n<meta property=\"og:locale\" content=\"fr_FR\" \/>\n<meta property=\"og:type\" content=\"article\" \/>\n<meta property=\"og:title\" content=\"SPAS\u24c8Team | Sport et Pr\u00e9vention Formation Suisse\" \/>\n<meta property=\"og:description\" content=\"SPAS\u24c8 Propri\u00e9taire , Fondateur et propri\u00e9taire de TOSCATOURS.CH S\u00e0rl - Vacances actives \u00e0 l&#039;\u00eele d&#039;Elbe, expert esa\" \/>\n<meta property=\"og:url\" content=\"https:\/\/spas-s.webhappenings.ch\/fr\/team\/\" \/>\n<meta property=\"og:site_name\" content=\"SPAS-S Sport und Pr\u00e4vention Ausbildung Schweiz\" \/>\n<meta property=\"article:modified_time\" content=\"2021-12-01T12:36:34+00:00\" \/>\n<meta property=\"og:image\" content=\"https:\/\/spas-s.webhappenings.ch\/wp-content\/uploads\/bb-plugin\/cache\/Team-6-1-circle.jpg\" \/>\n<meta name=\"twitter:card\" content=\"summary_large_image\" \/>\n<meta name=\"twitter:label1\" content=\"Dur\u00e9e de lecture estim\u00e9e\" \/>\n\t<meta name=\"twitter:data1\" content=\"1 minute\" \/>\n<script type=\"application\/ld+json\" class=\"yoast-schema-graph\">{\"@context\":\"https:\/\/schema.org\",\"@graph\":[{\"@type\":\"WebPage\",\"@id\":\"https:\/\/spas-s.webhappenings.ch\/fr\/team\/\",\"url\":\"https:\/\/spas-s.webhappenings.ch\/fr\/team\/\",\"name\":\"SPAS\u24c8Team | Sport et Pr\u00e9vention Formation Suisse\",\"isPartOf\":{\"@id\":\"https:\/\/spas-s.webhappenings.ch\/fr\/#website\"},\"primaryImageOfPage\":{\"@id\":\"https:\/\/spas-s.webhappenings.ch\/fr\/team\/#primaryimage\"},\"image\":{\"@id\":\"https:\/\/spas-s.webhappenings.ch\/fr\/team\/#primaryimage\"},\"thumbnailUrl\":\"https:\/\/spas-s.webhappenings.ch\/wp-content\/uploads\/bb-plugin\/cache\/Team-6-1-circle.jpg\",\"datePublished\":\"2021-11-26T17:14:59+00:00\",\"dateModified\":\"2021-12-01T12:36:34+00:00\",\"description\":\"SPAS\u24c8 Propri\u00e9taire , Fondateur et propri\u00e9taire de TOSCATOURS.CH S\u00e0rl - Vacances actives \u00e0 l'\u00eele d'Elbe, expert esa\",\"breadcrumb\":{\"@id\":\"https:\/\/spas-s.webhappenings.ch\/fr\/team\/#breadcrumb\"},\"inLanguage\":\"fr-FR\",\"potentialAction\":[{\"@type\":\"ReadAction\",\"target\":[\"https:\/\/spas-s.webhappenings.ch\/fr\/team\/\"]}]},{\"@type\":\"ImageObject\",\"inLanguage\":\"fr-FR\",\"@id\":\"https:\/\/spas-s.webhappenings.ch\/fr\/team\/#primaryimage\",\"url\":\"https:\/\/spas-s.webhappenings.ch\/wp-content\/uploads\/bb-plugin\/cache\/Team-6-1-circle.jpg\",\"contentUrl\":\"https:\/\/spas-s.webhappenings.ch\/wp-content\/uploads\/bb-plugin\/cache\/Team-6-1-circle.jpg\"},{\"@type\":\"BreadcrumbList\",\"@id\":\"https:\/\/spas-s.webhappenings.ch\/fr\/team\/#breadcrumb\",\"itemListElement\":[{\"@type\":\"ListItem\",\"position\":1,\"name\":\"Startseite\",\"item\":\"https:\/\/spas-s.webhappenings.ch\/fr\/\"},{\"@type\":\"ListItem\",\"position\":2,\"name\":\"Team\"}]},{\"@type\":\"WebSite\",\"@id\":\"https:\/\/spas-s.webhappenings.ch\/fr\/#website\",\"url\":\"https:\/\/spas-s.webhappenings.ch\/fr\/\",\"name\":\"SPAS-S Sport und Pr\u00e4vention Ausbildung Schweiz\",\"description\":\"Weil Bewegung Leben ist\",\"publisher\":{\"@id\":\"https:\/\/spas-s.webhappenings.ch\/fr\/#organization\"},\"potentialAction\":[{\"@type\":\"SearchAction\",\"target\":{\"@type\":\"EntryPoint\",\"urlTemplate\":\"https:\/\/spas-s.webhappenings.ch\/fr\/?s={search_term_string}\"},\"query-input\":{\"@type\":\"PropertyValueSpecification\",\"valueRequired\":true,\"valueName\":\"search_term_string\"}}],\"inLanguage\":\"fr-FR\"},{\"@type\":\"Organization\",\"@id\":\"https:\/\/spas-s.webhappenings.ch\/fr\/#organization\",\"name\":\"SPAS-S Sport und Pr\u00e4vention Ausbildung Schweiz\",\"url\":\"https:\/\/spas-s.webhappenings.ch\/fr\/\",\"logo\":{\"@type\":\"ImageObject\",\"inLanguage\":\"fr-FR\",\"@id\":\"https:\/\/spas-s.webhappenings.ch\/fr\/#\/schema\/logo\/image\/\",\"url\":\"https:\/\/spas-s.webhappenings.ch\/wp-content\/uploads\/SPAS-s_Logo_DE.png\",\"contentUrl\":\"https:\/\/spas-s.webhappenings.ch\/wp-content\/uploads\/SPAS-s_Logo_DE.png\",\"width\":144,\"height\":204,\"caption\":\"SPAS-S Sport und Pr\u00e4vention Ausbildung Schweiz\"},\"image\":{\"@id\":\"https:\/\/spas-s.webhappenings.ch\/fr\/#\/schema\/logo\/image\/\"}}]}<\/script>\n<!-- \/ Yoast SEO plugin. -->","yoast_head_json":{"title":"SPAS\u24c8Team | Sport et Pr\u00e9vention Formation Suisse","description":"SPAS\u24c8 Propri\u00e9taire , Fondateur et propri\u00e9taire de TOSCATOURS.CH S\u00e0rl - Vacances actives \u00e0 l'\u00eele d'Elbe, expert esa","robots":{"index":"index","follow":"follow","max-snippet":"max-snippet:-1","max-image-preview":"max-image-preview:large","max-video-preview":"max-video-preview:-1"},"canonical":"https:\/\/spas-s.webhappenings.ch\/fr\/team\/","og_locale":"fr_FR","og_type":"article","og_title":"SPAS\u24c8Team | Sport et Pr\u00e9vention Formation Suisse","og_description":"SPAS\u24c8 Propri\u00e9taire , Fondateur et propri\u00e9taire de TOSCATOURS.CH S\u00e0rl - Vacances actives \u00e0 l'\u00eele d'Elbe, expert esa","og_url":"https:\/\/spas-s.webhappenings.ch\/fr\/team\/","og_site_name":"SPAS-S Sport und Pr\u00e4vention Ausbildung Schweiz","article_modified_time":"2021-12-01T12:36:34+00:00","og_image":[{"url":"https:\/\/spas-s.webhappenings.ch\/wp-content\/uploads\/bb-plugin\/cache\/Team-6-1-circle.jpg","type":"","width":"","height":""}],"twitter_card":"summary_large_image","twitter_misc":{"Dur\u00e9e de lecture estim\u00e9e":"1 minute"},"schema":{"@context":"https:\/\/schema.org","@graph":[{"@type":"WebPage","@id":"https:\/\/spas-s.webhappenings.ch\/fr\/team\/","url":"https:\/\/spas-s.webhappenings.ch\/fr\/team\/","name":"SPAS\u24c8Team | Sport et Pr\u00e9vention Formation Suisse","isPartOf":{"@id":"https:\/\/spas-s.webhappenings.ch\/fr\/#website"},"primaryImageOfPage":{"@id":"https:\/\/spas-s.webhappenings.ch\/fr\/team\/#primaryimage"},"image":{"@id":"https:\/\/spas-s.webhappenings.ch\/fr\/team\/#primaryimage"},"thumbnailUrl":"https:\/\/spas-s.webhappenings.ch\/wp-content\/uploads\/bb-plugin\/cache\/Team-6-1-circle.jpg","datePublished":"2021-11-26T17:14:59+00:00","dateModified":"2021-12-01T12:36:34+00:00","description":"SPAS\u24c8 Propri\u00e9taire , Fondateur et propri\u00e9taire de TOSCATOURS.CH S\u00e0rl - Vacances actives \u00e0 l'\u00eele d'Elbe, expert esa","breadcrumb":{"@id":"https:\/\/spas-s.webhappenings.ch\/fr\/team\/#breadcrumb"},"inLanguage":"fr-FR","potentialAction":[{"@type":"ReadAction","target":["https:\/\/spas-s.webhappenings.ch\/fr\/team\/"]}]},{"@type":"ImageObject","inLanguage":"fr-FR","@id":"https:\/\/spas-s.webhappenings.ch\/fr\/team\/#primaryimage","url":"https:\/\/spas-s.webhappenings.ch\/wp-content\/uploads\/bb-plugin\/cache\/Team-6-1-circle.jpg","contentUrl":"https:\/\/spas-s.webhappenings.ch\/wp-content\/uploads\/bb-plugin\/cache\/Team-6-1-circle.jpg"},{"@type":"BreadcrumbList","@id":"https:\/\/spas-s.webhappenings.ch\/fr\/team\/#breadcrumb","itemListElement":[{"@type":"ListItem","position":1,"name":"Startseite","item":"https:\/\/spas-s.webhappenings.ch\/fr\/"},{"@type":"ListItem","position":2,"name":"Team"}]},{"@type":"WebSite","@id":"https:\/\/spas-s.webhappenings.ch\/fr\/#website","url":"https:\/\/spas-s.webhappenings.ch\/fr\/","name":"SPAS-S Sport und Pr\u00e4vention Ausbildung Schweiz","description":"Weil Bewegung Leben ist","publisher":{"@id":"https:\/\/spas-s.webhappenings.ch\/fr\/#organization"},"potentialAction":[{"@type":"SearchAction","target":{"@type":"EntryPoint","urlTemplate":"https:\/\/spas-s.webhappenings.ch\/fr\/?s={search_term_string}"},"query-input":{"@type":"PropertyValueSpecification","valueRequired":true,"valueName":"search_term_string"}}],"inLanguage":"fr-FR"},{"@type":"Organization","@id":"https:\/\/spas-s.webhappenings.ch\/fr\/#organization","name":"SPAS-S Sport und Pr\u00e4vention Ausbildung Schweiz","url":"https:\/\/spas-s.webhappenings.ch\/fr\/","logo":{"@type":"ImageObject","inLanguage":"fr-FR","@id":"https:\/\/spas-s.webhappenings.ch\/fr\/#\/schema\/logo\/image\/","url":"https:\/\/spas-s.webhappenings.ch\/wp-content\/uploads\/SPAS-s_Logo_DE.png","contentUrl":"https:\/\/spas-s.webhappenings.ch\/wp-content\/uploads\/SPAS-s_Logo_DE.png","width":144,"height":204,"caption":"SPAS-S Sport und Pr\u00e4vention Ausbildung Schweiz"},"image":{"@id":"https:\/\/spas-s.webhappenings.ch\/fr\/#\/schema\/logo\/image\/"}}]}},"_links":{"self":[{"href":"https:\/\/spas-s.webhappenings.ch\/fr\/wp-json\/wp\/v2\/pages\/2467","targetHints":{"allow":["GET"]}}],"collection":[{"href":"https:\/\/spas-s.webhappenings.ch\/fr\/wp-json\/wp\/v2\/pages"}],"about":[{"href":"https:\/\/spas-s.webhappenings.ch\/fr\/wp-json\/wp\/v2\/types\/page"}],"author":[{"embeddable":true,"href":"https:\/\/spas-s.webhappenings.ch\/fr\/wp-json\/wp\/v2\/users\/1"}],"replies":[{"embeddable":true,"href":"https:\/\/spas-s.webhappenings.ch\/fr\/wp-json\/wp\/v2\/comments?post=2467"}],"version-history":[{"count":0,"href":"https:\/\/spas-s.webhappenings.ch\/fr\/wp-json\/wp\/v2\/pages\/2467\/revisions"}],"wp:attachment":[{"href":"https:\/\/spas-s.webhappenings.ch\/fr\/wp-json\/wp\/v2\/media?parent=2467"}],"curies":[{"name":"wp","href":"https:\/\/api.w.org\/{rel}","templated":true}]}}