{"id":2466,"date":"2021-11-26T17:11:16","date_gmt":"2021-11-26T16:11:16","guid":{"rendered":"https:\/\/spas-s.webhappenings.ch\/a-propos\/"},"modified":"2021-12-09T11:53:13","modified_gmt":"2021-12-09T10:53:13","slug":"a-propos","status":"publish","type":"page","link":"https:\/\/spas-s.webhappenings.ch\/fr\/a-propos\/","title":{"rendered":"\u00c0 propos"},"content":{"rendered":"\n<h1>\n\t\tLe team d&rsquo;experts de SPAS<sup>\u24c8<\/sup>\n\t<\/h1>\n\t\t\t<a href=\"https:\/\/spas-s.webhappenings.ch\/fr\/contact\/\" target=\"_self\" rel=\"noopener\">\n\t\t\t\t\t\t\t\tContact\t\t\t\t\t\t\t\n\t\t\t\t\t\t<\/a>\n\t\t<h2>\n\t\tCe qui est toujours important pour nous dans ce que nous faisons.\n\t<\/h2>\n\t<p>Depuis plus de 30 ans, nous aimons faire bouger les gens. Et ce, non seulement gr\u00e2ce \u00e0 notre passion pour le sport, mais bien au-del\u00e0. Que faut-il pour que nos participants soient des coachs efficaces? Quels sont les th\u00e8mes qui les pr\u00e9occupent? Ce sont des questions que nous ne cessons de nous poser. Car le plus important dans notre action est de r\u00e9pondre aux besoins et aux souhaits des personnes afin de les soutenir et de les encourager dans leur propre individualit\u00e9 et personnalit\u00e9.<\/p>\n<p>Ceci, gr\u00e2ce \u00e0 notre offre de formations initiales et continues allant jusqu&rsquo;\u00e0 une approche globale du corps, de l&rsquo;esprit et de l&rsquo;\u00e2me. Nous sommes nous-m\u00eames pr\u00e9sents sur le march\u00e9 avec diff\u00e9rentes activit\u00e9s sportives et vitales au sein de nos propres entreprises. Nous savons donc exactement ce qui est vraiment important dans la pratique. Nous partageons volontiers ce savoir et sommes d\u00e9lib\u00e9r\u00e9ment un partenaire \u00e0 valeur ajout\u00e9e globale.<\/p>\n<h2>\n\t\tUne \u00e9quipe solide. Nous le sommes pour vous. \n\t<\/h2>\n\t\t\t\t<a href=\"https:\/\/spas-s.webhappenings.ch\/fr\/team\/\" target=\"_self\" itemprop=\"url\" rel=\"noopener\">\n\t\t\t\t<img decoding=\"async\" src=\"https:\/\/spas-s.webhappenings.ch\/wp-content\/uploads\/bb-plugin\/cache\/Team_Spass_3-circle.jpg\" alt=\"Team_Spass_3\" title=\"Team_Spass_3\" itemprop=\"image\"  \/>\n\t\t\t\t\t\t<\/a>\n\t\t\t<h2>.<\/h2>\n\t\t\t\t<p><strong>Propri\u00e9taire SPAS<sup>\u24c8<br \/><\/sup><\/strong><\/p>\n<a href=\"https:\/\/spas-s.webhappenings.ch\/fr\/team\/\" target=\"_self\" rel=\"noopener\">Plus d&rsquo;informations<\/a>\t\t\t \n\t\t\t\t<a href=\"https:\/\/spas-s.webhappenings.ch\/fr\/team-nicole-pfister\/\" target=\"_self\" itemprop=\"url\" rel=\"noopener\">\n\t\t\t\t<img decoding=\"async\" src=\"https:\/\/spas-s.webhappenings.ch\/wp-content\/uploads\/bb-plugin\/cache\/Team-4-circle.jpg\" alt=\"Spas-s Team Nicole Pfister\" title=\"Spas-s Team Nicole Pfister\" itemprop=\"image\"  \/>\n\t\t\t\t\t\t<\/a>\n\t\t\t<h2>Nicole Pfister<\/h2>\n\t\t\t\t<p><b>Experte esa<\/b><\/p>\n<a href=\"https:\/\/spas-s.webhappenings.ch\/fr\/team-nicole-pfister\/\" target=\"_self\" rel=\"noopener\">Plus d&rsquo;informations<\/a>\t\t\t \n\t\t\t\t<a href=\"https:\/\/spas-s.webhappenings.ch\/fr\/team-priska-nyffenegger\/\" target=\"_self\" itemprop=\"url\" rel=\"noopener\">\n\t\t\t\t<img decoding=\"async\" src=\"https:\/\/spas-s.webhappenings.ch\/wp-content\/uploads\/bb-plugin\/cache\/Priska-2-circle.jpg\" alt=\"spas-s Team Priska\" title=\"spas-s Team Priska\" itemprop=\"image\"  \/>\n\t\t\t\t\t\t<\/a>\n\t\t\t<h2>Priska Nyffenegger<\/h2>\n\t\t\t\t<p><strong><sup>Experte esa<\/sup><\/strong><\/p>\n<a href=\"https:\/\/spas-s.webhappenings.ch\/fr\/team-priska-nyffenegger\/\" target=\"_self\" rel=\"noopener\">Plus d&rsquo;informations<\/a>\t\t\t \n\t\t\t\t<a href=\"https:\/\/spas-s.webhappenings.ch\/fr\/team-sophie-berthouzoz\/\" target=\"_self\" itemprop=\"url\" rel=\"noopener\">\n\t\t\t\t<img decoding=\"async\" src=\"https:\/\/spas-s.webhappenings.ch\/wp-content\/uploads\/bb-plugin\/cache\/Team-3-circle.jpg\" alt=\"Spas-s Team Sophie Berthouzoz\" title=\"Spas-s Team Sophie Berthouzoz\" itemprop=\"image\"  \/>\n\t\t\t\t\t\t<\/a>\n\t\t\t<h2>Sophie Berthouzoz<\/h2>\n\t\t\t\t<p><strong><sup>Experte esa<\/sup><\/strong><\/p>\n<a href=\"https:\/\/spas-s.webhappenings.ch\/fr\/team-sophie-berthouzoz\/\" target=\"_self\" rel=\"noopener\">Plus d&rsquo;informations<\/a>\t\t\t \n\t\t\t\t<a href=\"https:\/\/spas-s.webhappenings.ch\/fr\/team-dr-ronald-burger\/\" target=\"_self\" itemprop=\"url\" rel=\"noopener\">\n\t\t\t\t<img decoding=\"async\" src=\"https:\/\/spas-s.webhappenings.ch\/wp-content\/uploads\/bb-plugin\/cache\/Portrait-Dr.-Berger-circle.png\" alt=\"Spas-s Ausbilder Dr. Burger\" title=\"Portrait Dr. Berger\" itemprop=\"image\"  \/>\n\t\t\t\t\t\t<\/a>\n\t\t\t<h2>Dr. Ronald Burger<\/h2>\n\t\t\t\t<p><strong><sup>Scientifique du sport, Expert <\/sup><\/strong><\/p>\n<a href=\"https:\/\/spas-s.webhappenings.ch\/fr\/team-dr-ronald-burger\/\" target=\"_self\" rel=\"noopener\">Plus d&rsquo;informations<\/a>\t\t\t \n\t\t\t\t<a href=\"https:\/\/spas-s.webhappenings.ch\/fr\/team-therese-eggenschwiler\/\" target=\"_self\" itemprop=\"url\" rel=\"noopener\">\n\t\t\t\t<img decoding=\"async\" src=\"https:\/\/spas-s.webhappenings.ch\/wp-content\/uploads\/bb-plugin\/cache\/Team-2-circle.jpg\" alt=\"Spas-s Team Therese Eggenschwiler\" title=\"Spas-s Team Therese Eggenschwiler\" itemprop=\"image\"  \/>\n\t\t\t\t\t\t<\/a>\n\t\t\t<h2>Therese Eggenschwiler<\/h2>\n\t\t\t\t<p><strong><sup>Secr\u00e9tariat<\/sup><\/strong><\/p>\n<a href=\"https:\/\/spas-s.webhappenings.ch\/fr\/team-therese-eggenschwiler\/\" target=\"_self\" rel=\"noopener\">Plus d&rsquo;informations<\/a>\t\t\t \n\t\t\t\t<a href=\"https:\/\/spas-s.webhappenings.ch\/fr\/team-beatrice-meier\/\" target=\"_self\" itemprop=\"url\" rel=\"noopener\">\n\t\t\t\t<img decoding=\"async\" src=\"https:\/\/spas-s.webhappenings.ch\/wp-content\/uploads\/bb-plugin\/cache\/Team-1-circle.jpg\" alt=\"Spas-s Team Beatrice Meier\" title=\"Spas-s Team Beatrice Meier\" itemprop=\"image\"  \/>\n\t\t\t\t\t\t<\/a>\n\t\t\t<h2>Beatrice Meier<\/h2>\n\t\t\t\t<p><strong><sup>Secr\u00e9tariat<\/sup><\/strong><\/p>\n<a href=\"https:\/\/spas-s.webhappenings.ch\/fr\/team-beatrice-meier\/\" target=\"_self\" rel=\"noopener\">Plus d&rsquo;informations<\/a>\t\t\t \n<h2>\n\t\tC&rsquo;est ce que disent nos clients\n\t<\/h2>\n\t\t\t\t<img decoding=\"async\" src=\"https:\/\/spas-s.webhappenings.ch\/wp-content\/uploads\/beatus-merlingen-logo.png\" alt=\"beatus-merlingen-logo\" title=\"beatus-merlingen-logo\" itemprop=\"image\"\/>\n\t\t\t\t\t\t\t<p>\u00ab\u00a0La formation d&rsquo;instructeur de Nordic Walking avec la technique ALFA a \u00e9t\u00e9 une formation formidable, informative et intensive. Le coach a mis en place un programme vari\u00e9 gr\u00e2ce \u00e0 ses \u00e9normes connaissances, son humour et sa motivation. Avec cette base et en sachant que je m&rsquo;y tiendrai chaque jour, j&rsquo;aurai toujours plaisir \u00e0 me rem\u00e9morer ces heures et ces jours et \u00e0 transmettre ce que j&rsquo;ai appris. Good Walk et tout bon!\u00a0\u00bb<br \/><br \/><\/p>\t\t\t\t\t\t\n                              <input type=\"radio\" value=\"5\"\/>\n                  <label title=\"5 out of 5 stars\"><\/label>\n                  <input type=\"radio\" value=\"4\"\/>\n                  <label title=\"4 out of 5 stars\"><\/label>\n                  <input type=\"radio\" value=\"3\"\/>\n                  <label title=\"3 out of 5 stars\"><\/label>\n                  <input type=\"radio\" value=\"2\"\/>\n                  <label title=\"2 out of 5 stars\"><\/label>\n                  <input type=\"radio\" value=\"1\"\/>\n                  <label title=\"1 out of 5 stars\"><\/label>\n              <h3 class='uabb-testimonial-author-name testimonial-author-name'>Sebastian Moser<\/h3>\t\t\t\t\t\t\t\t\n\t\t\t\t\t\t\t\t\tDirecteur du Bien-\u00eatre et SPA H\u00f4tel Beatus\t\t\t\t\t\t\t\t\n\t\t\t\t<img decoding=\"async\" src=\"https:\/\/spas-s.webhappenings.ch\/wp-content\/uploads\/LOGO_Kinelogo2-.png\" alt=\"LOGO_kinelogo\" title=\"LOGO_kinelogo\" itemprop=\"image\"\/>\n\t\t\t\t\t\t\t<p>\u00abCe qui m&rsquo;a particuli\u00e8rement plu dans cette formation, c&rsquo;est qu&rsquo;en plus du rafra\u00eechissement et de l&rsquo;optimisation technique, il y avait aussi beaucoup de place pour les possibilit\u00e9s individuelles et globales que nous offre la Nordic Walking. J&rsquo;ai pu emporter avec moi un bouquet d&rsquo;id\u00e9es et en profiter personnellement, mais aussi pour mes participants aux cours\u00bb<\/p>\t\t\t\t\t\t\n                              <input type=\"radio\" value=\"5\"\/>\n                  <label title=\"5 out of 5 stars\"><\/label>\n                  <input type=\"radio\" value=\"4\"\/>\n                  <label title=\"4 out of 5 stars\"><\/label>\n                  <input type=\"radio\" value=\"3\"\/>\n                  <label title=\"3 out of 5 stars\"><\/label>\n                  <input type=\"radio\" value=\"2\"\/>\n                  <label title=\"2 out of 5 stars\"><\/label>\n                  <input type=\"radio\" value=\"1\"\/>\n                  <label title=\"1 out of 5 stars\"><\/label>\n              <h3 class='uabb-testimonial-author-name testimonial-author-name'>Corinne Frey<\/h3>\t\t\t\t\t\t\t\t\n\t\t\t\t\t\t\t\t\tPropri\u00e9taire Kinelogo\t\t\t\t\t\t\t\t\n\t\t\t\t<img decoding=\"async\" src=\"https:\/\/spas-s.webhappenings.ch\/wp-content\/uploads\/Heidi-Schaffer-Wuest-logo.png\" alt=\"Heidi Schaffer W\u00fcst-logo\" title=\"Heidi Schaffer W\u00fcst-logo\" itemprop=\"image\"\/>\n\t\t\t\t\t\t\t<p>\u00ab\u00a0Le sentiment d&rsquo;arriver \u00e0 bon port apr\u00e8s un long et p\u00e9nible voyage et de constater que le soleil vient de se lever \u00e0 l&rsquo;horizon. Meilleures notes absolues pour le moniteur\u00b7trice, la mise en place et le contenu du cours.\u00a0\u00bb<\/p>\t\t\t\t\t\t\n                              <input type=\"radio\" value=\"5\"\/>\n                  <label title=\"5 out of 5 stars\"><\/label>\n                  <input type=\"radio\" value=\"4\"\/>\n                  <label title=\"4 out of 5 stars\"><\/label>\n                  <input type=\"radio\" value=\"3\"\/>\n                  <label title=\"3 out of 5 stars\"><\/label>\n                  <input type=\"radio\" value=\"2\"\/>\n                  <label title=\"2 out of 5 stars\"><\/label>\n                  <input type=\"radio\" value=\"1\"\/>\n                  <label title=\"1 out of 5 stars\"><\/label>\n              <h3 class='uabb-testimonial-author-name testimonial-author-name'>Heidi Schaffer W\u00fcst<\/h3>\t\t\t\t\t\t\t\t\n\t\t\t\t\t\t\t\t\tDi\u00e9t\u00e9ticienne, BSc MAS Conseil psychosocial\t\t\t\t\t\t\t\t\n\t\t\t\t<img decoding=\"async\" src=\"https:\/\/spas-s.webhappenings.ch\/wp-content\/uploads\/outdoor-fitness-logo.png\" alt=\"outdoor-fitness-logo\" title=\"outdoor-fitness-logo\" itemprop=\"image\"\/>\n\t\t\t\t\t\t\t<p>\u00abJ&rsquo;ai trouv\u00e9 la formation continue esa tr\u00e8s instructive et chaleureuse. Oltingen est un bel endroit, calme et entour\u00e9 de nature. Facilement accessible par les transports publics. Le module esa \u00e9tait adapt\u00e9 \u00e0 mes besoins et mes questions ont re\u00e7u une r\u00e9ponse directe. La th\u00e9orie et la pratique ont \u00e9t\u00e9 enseign\u00e9es dans un petit groupe personnalis\u00e9. Je me sens encore plus comp\u00e9tente en mati\u00e8re de niveaux d&rsquo;intensit\u00e9. Du c\u0153ur vers l&rsquo;ext\u00e9rieur et inversement. J&rsquo;applique ces impulsions directement 1:1 avec mes clients. C&rsquo;\u00e9tait un plaisir, merci beaucoup..\u00a0\u00bb<\/p>\t\t\t\t\t\t\n                              <input type=\"radio\" value=\"5\"\/>\n                  <label title=\"5 out of 5 stars\"><\/label>\n                  <input type=\"radio\" value=\"4\"\/>\n                  <label title=\"4 out of 5 stars\"><\/label>\n                  <input type=\"radio\" value=\"3\"\/>\n                  <label title=\"3 out of 5 stars\"><\/label>\n                  <input type=\"radio\" value=\"2\"\/>\n                  <label title=\"2 out of 5 stars\"><\/label>\n                  <input type=\"radio\" value=\"1\"\/>\n                  <label title=\"1 out of 5 stars\"><\/label>\n              <h3 class='uabb-testimonial-author-name testimonial-author-name'>Monika Schweizer<\/h3>\t\t\t\t\t\t\t\t\n\t\t\t\t\t\t\t\t\tDirectrice Outdoor Fitness &#8211; Bewegung und Genuss AG\t\t\t\t\t\t\t\t\n\t\n","protected":false},"excerpt":{"rendered":"<p>Le team d&rsquo;experts de SPAS\u24c8 Contact Ce qui est toujours important pour nous dans ce que nous faisons. Depuis plus de 30 ans, nous aimons faire bouger les gens. Et&hellip;<\/p>\n","protected":false},"author":1,"featured_media":0,"parent":0,"menu_order":0,"comment_status":"closed","ping_status":"closed","template":"","meta":{"footnotes":""},"class_list":["post-2466","page","type-page","status-publish","hentry"],"yoast_head":"<!-- This site is optimized with the Yoast SEO plugin v24.1 - https:\/\/yoast.com\/wordpress\/plugins\/seo\/ -->\n<title>\u00c0 propos | SPAS\u24c8 Sport et Pr\u00e9vention Formation Suisse<\/title>\n<meta name=\"description\" content=\"Une \u00e9quipe forte. Nous le sommes volontiers. Depuis plus de 30 ans, nous aimons faire bouger les gens. Et ce, non seulement gr\u00e2ce \u00e0 notre passion pour le sport, mais bien au-del\u00e0.\" \/>\n<meta name=\"robots\" content=\"index, follow, max-snippet:-1, max-image-preview:large, max-video-preview:-1\" \/>\n<link rel=\"canonical\" href=\"https:\/\/spas-s.webhappenings.ch\/fr\/a-propos\/\" \/>\n<meta property=\"og:locale\" content=\"fr_FR\" \/>\n<meta property=\"og:type\" content=\"article\" \/>\n<meta property=\"og:title\" content=\"\u00c0 propos | SPAS\u24c8 Sport et Pr\u00e9vention Formation Suisse\" \/>\n<meta property=\"og:description\" content=\"Une \u00e9quipe forte. Nous le sommes volontiers. Depuis plus de 30 ans, nous aimons faire bouger les gens. Et ce, non seulement gr\u00e2ce \u00e0 notre passion pour le sport, mais bien au-del\u00e0.\" \/>\n<meta property=\"og:url\" content=\"https:\/\/spas-s.webhappenings.ch\/fr\/a-propos\/\" \/>\n<meta property=\"og:site_name\" content=\"SPAS-S Sport und Pr\u00e4vention Ausbildung Schweiz\" \/>\n<meta property=\"article:modified_time\" content=\"2021-12-09T10:53:13+00:00\" \/>\n<meta property=\"og:image\" content=\"https:\/\/spas-s.webhappenings.ch\/wp-content\/uploads\/bb-plugin\/cache\/Team_Spass_3-circle.jpg\" \/>\n<meta name=\"twitter:card\" content=\"summary_large_image\" \/>\n<meta name=\"twitter:label1\" content=\"Dur\u00e9e de lecture estim\u00e9e\" \/>\n\t<meta name=\"twitter:data1\" content=\"3 minutes\" \/>\n<script type=\"application\/ld+json\" class=\"yoast-schema-graph\">{\"@context\":\"https:\/\/schema.org\",\"@graph\":[{\"@type\":\"WebPage\",\"@id\":\"https:\/\/spas-s.webhappenings.ch\/fr\/a-propos\/\",\"url\":\"https:\/\/spas-s.webhappenings.ch\/fr\/a-propos\/\",\"name\":\"\u00c0 propos | SPAS\u24c8 Sport et Pr\u00e9vention Formation Suisse\",\"isPartOf\":{\"@id\":\"https:\/\/spas-s.webhappenings.ch\/fr\/#website\"},\"primaryImageOfPage\":{\"@id\":\"https:\/\/spas-s.webhappenings.ch\/fr\/a-propos\/#primaryimage\"},\"image\":{\"@id\":\"https:\/\/spas-s.webhappenings.ch\/fr\/a-propos\/#primaryimage\"},\"thumbnailUrl\":\"https:\/\/spas-s.webhappenings.ch\/wp-content\/uploads\/bb-plugin\/cache\/Team_Spass_3-circle.jpg\",\"datePublished\":\"2021-11-26T16:11:16+00:00\",\"dateModified\":\"2021-12-09T10:53:13+00:00\",\"description\":\"Une \u00e9quipe forte. Nous le sommes volontiers. Depuis plus de 30 ans, nous aimons faire bouger les gens. Et ce, non seulement gr\u00e2ce \u00e0 notre passion pour le sport, mais bien au-del\u00e0.\",\"breadcrumb\":{\"@id\":\"https:\/\/spas-s.webhappenings.ch\/fr\/a-propos\/#breadcrumb\"},\"inLanguage\":\"fr-FR\",\"potentialAction\":[{\"@type\":\"ReadAction\",\"target\":[\"https:\/\/spas-s.webhappenings.ch\/fr\/a-propos\/\"]}]},{\"@type\":\"ImageObject\",\"inLanguage\":\"fr-FR\",\"@id\":\"https:\/\/spas-s.webhappenings.ch\/fr\/a-propos\/#primaryimage\",\"url\":\"https:\/\/spas-s.webhappenings.ch\/wp-content\/uploads\/bb-plugin\/cache\/Team_Spass_3-circle.jpg\",\"contentUrl\":\"https:\/\/spas-s.webhappenings.ch\/wp-content\/uploads\/bb-plugin\/cache\/Team_Spass_3-circle.jpg\"},{\"@type\":\"BreadcrumbList\",\"@id\":\"https:\/\/spas-s.webhappenings.ch\/fr\/a-propos\/#breadcrumb\",\"itemListElement\":[{\"@type\":\"ListItem\",\"position\":1,\"name\":\"Startseite\",\"item\":\"https:\/\/spas-s.webhappenings.ch\/fr\/\"},{\"@type\":\"ListItem\",\"position\":2,\"name\":\"\u00c0 propos\"}]},{\"@type\":\"WebSite\",\"@id\":\"https:\/\/spas-s.webhappenings.ch\/fr\/#website\",\"url\":\"https:\/\/spas-s.webhappenings.ch\/fr\/\",\"name\":\"SPAS-S Sport und Pr\u00e4vention Ausbildung Schweiz\",\"description\":\"Weil Bewegung Leben ist\",\"publisher\":{\"@id\":\"https:\/\/spas-s.webhappenings.ch\/fr\/#organization\"},\"potentialAction\":[{\"@type\":\"SearchAction\",\"target\":{\"@type\":\"EntryPoint\",\"urlTemplate\":\"https:\/\/spas-s.webhappenings.ch\/fr\/?s={search_term_string}\"},\"query-input\":{\"@type\":\"PropertyValueSpecification\",\"valueRequired\":true,\"valueName\":\"search_term_string\"}}],\"inLanguage\":\"fr-FR\"},{\"@type\":\"Organization\",\"@id\":\"https:\/\/spas-s.webhappenings.ch\/fr\/#organization\",\"name\":\"SPAS-S Sport und Pr\u00e4vention Ausbildung Schweiz\",\"url\":\"https:\/\/spas-s.webhappenings.ch\/fr\/\",\"logo\":{\"@type\":\"ImageObject\",\"inLanguage\":\"fr-FR\",\"@id\":\"https:\/\/spas-s.webhappenings.ch\/fr\/#\/schema\/logo\/image\/\",\"url\":\"https:\/\/spas-s.webhappenings.ch\/wp-content\/uploads\/SPAS-s_Logo_DE.png\",\"contentUrl\":\"https:\/\/spas-s.webhappenings.ch\/wp-content\/uploads\/SPAS-s_Logo_DE.png\",\"width\":144,\"height\":204,\"caption\":\"SPAS-S Sport und Pr\u00e4vention Ausbildung Schweiz\"},\"image\":{\"@id\":\"https:\/\/spas-s.webhappenings.ch\/fr\/#\/schema\/logo\/image\/\"}}]}<\/script>\n<!-- \/ Yoast SEO plugin. -->","yoast_head_json":{"title":"\u00c0 propos | SPAS\u24c8 Sport et Pr\u00e9vention Formation Suisse","description":"Une \u00e9quipe forte. Nous le sommes volontiers. Depuis plus de 30 ans, nous aimons faire bouger les gens. Et ce, non seulement gr\u00e2ce \u00e0 notre passion pour le sport, mais bien au-del\u00e0.","robots":{"index":"index","follow":"follow","max-snippet":"max-snippet:-1","max-image-preview":"max-image-preview:large","max-video-preview":"max-video-preview:-1"},"canonical":"https:\/\/spas-s.webhappenings.ch\/fr\/a-propos\/","og_locale":"fr_FR","og_type":"article","og_title":"\u00c0 propos | SPAS\u24c8 Sport et Pr\u00e9vention Formation Suisse","og_description":"Une \u00e9quipe forte. Nous le sommes volontiers. Depuis plus de 30 ans, nous aimons faire bouger les gens. Et ce, non seulement gr\u00e2ce \u00e0 notre passion pour le sport, mais bien au-del\u00e0.","og_url":"https:\/\/spas-s.webhappenings.ch\/fr\/a-propos\/","og_site_name":"SPAS-S Sport und Pr\u00e4vention Ausbildung Schweiz","article_modified_time":"2021-12-09T10:53:13+00:00","og_image":[{"url":"https:\/\/spas-s.webhappenings.ch\/wp-content\/uploads\/bb-plugin\/cache\/Team_Spass_3-circle.jpg","type":"","width":"","height":""}],"twitter_card":"summary_large_image","twitter_misc":{"Dur\u00e9e de lecture estim\u00e9e":"3 minutes"},"schema":{"@context":"https:\/\/schema.org","@graph":[{"@type":"WebPage","@id":"https:\/\/spas-s.webhappenings.ch\/fr\/a-propos\/","url":"https:\/\/spas-s.webhappenings.ch\/fr\/a-propos\/","name":"\u00c0 propos | SPAS\u24c8 Sport et Pr\u00e9vention Formation Suisse","isPartOf":{"@id":"https:\/\/spas-s.webhappenings.ch\/fr\/#website"},"primaryImageOfPage":{"@id":"https:\/\/spas-s.webhappenings.ch\/fr\/a-propos\/#primaryimage"},"image":{"@id":"https:\/\/spas-s.webhappenings.ch\/fr\/a-propos\/#primaryimage"},"thumbnailUrl":"https:\/\/spas-s.webhappenings.ch\/wp-content\/uploads\/bb-plugin\/cache\/Team_Spass_3-circle.jpg","datePublished":"2021-11-26T16:11:16+00:00","dateModified":"2021-12-09T10:53:13+00:00","description":"Une \u00e9quipe forte. Nous le sommes volontiers. Depuis plus de 30 ans, nous aimons faire bouger les gens. Et ce, non seulement gr\u00e2ce \u00e0 notre passion pour le sport, mais bien au-del\u00e0.","breadcrumb":{"@id":"https:\/\/spas-s.webhappenings.ch\/fr\/a-propos\/#breadcrumb"},"inLanguage":"fr-FR","potentialAction":[{"@type":"ReadAction","target":["https:\/\/spas-s.webhappenings.ch\/fr\/a-propos\/"]}]},{"@type":"ImageObject","inLanguage":"fr-FR","@id":"https:\/\/spas-s.webhappenings.ch\/fr\/a-propos\/#primaryimage","url":"https:\/\/spas-s.webhappenings.ch\/wp-content\/uploads\/bb-plugin\/cache\/Team_Spass_3-circle.jpg","contentUrl":"https:\/\/spas-s.webhappenings.ch\/wp-content\/uploads\/bb-plugin\/cache\/Team_Spass_3-circle.jpg"},{"@type":"BreadcrumbList","@id":"https:\/\/spas-s.webhappenings.ch\/fr\/a-propos\/#breadcrumb","itemListElement":[{"@type":"ListItem","position":1,"name":"Startseite","item":"https:\/\/spas-s.webhappenings.ch\/fr\/"},{"@type":"ListItem","position":2,"name":"\u00c0 propos"}]},{"@type":"WebSite","@id":"https:\/\/spas-s.webhappenings.ch\/fr\/#website","url":"https:\/\/spas-s.webhappenings.ch\/fr\/","name":"SPAS-S Sport und Pr\u00e4vention Ausbildung Schweiz","description":"Weil Bewegung Leben ist","publisher":{"@id":"https:\/\/spas-s.webhappenings.ch\/fr\/#organization"},"potentialAction":[{"@type":"SearchAction","target":{"@type":"EntryPoint","urlTemplate":"https:\/\/spas-s.webhappenings.ch\/fr\/?s={search_term_string}"},"query-input":{"@type":"PropertyValueSpecification","valueRequired":true,"valueName":"search_term_string"}}],"inLanguage":"fr-FR"},{"@type":"Organization","@id":"https:\/\/spas-s.webhappenings.ch\/fr\/#organization","name":"SPAS-S Sport und Pr\u00e4vention Ausbildung Schweiz","url":"https:\/\/spas-s.webhappenings.ch\/fr\/","logo":{"@type":"ImageObject","inLanguage":"fr-FR","@id":"https:\/\/spas-s.webhappenings.ch\/fr\/#\/schema\/logo\/image\/","url":"https:\/\/spas-s.webhappenings.ch\/wp-content\/uploads\/SPAS-s_Logo_DE.png","contentUrl":"https:\/\/spas-s.webhappenings.ch\/wp-content\/uploads\/SPAS-s_Logo_DE.png","width":144,"height":204,"caption":"SPAS-S Sport und Pr\u00e4vention Ausbildung Schweiz"},"image":{"@id":"https:\/\/spas-s.webhappenings.ch\/fr\/#\/schema\/logo\/image\/"}}]}},"_links":{"self":[{"href":"https:\/\/spas-s.webhappenings.ch\/fr\/wp-json\/wp\/v2\/pages\/2466","targetHints":{"allow":["GET"]}}],"collection":[{"href":"https:\/\/spas-s.webhappenings.ch\/fr\/wp-json\/wp\/v2\/pages"}],"about":[{"href":"https:\/\/spas-s.webhappenings.ch\/fr\/wp-json\/wp\/v2\/types\/page"}],"author":[{"embeddable":true,"href":"https:\/\/spas-s.webhappenings.ch\/fr\/wp-json\/wp\/v2\/users\/1"}],"replies":[{"embeddable":true,"href":"https:\/\/spas-s.webhappenings.ch\/fr\/wp-json\/wp\/v2\/comments?post=2466"}],"version-history":[{"count":0,"href":"https:\/\/spas-s.webhappenings.ch\/fr\/wp-json\/wp\/v2\/pages\/2466\/revisions"}],"wp:attachment":[{"href":"https:\/\/spas-s.webhappenings.ch\/fr\/wp-json\/wp\/v2\/media?parent=2466"}],"curies":[{"name":"wp","href":"https:\/\/api.w.org\/{rel}","templated":true}]}}